{"id":208,"date":"2016-05-17T17:47:52","date_gmt":"2016-05-17T17:47:52","guid":{"rendered":"http:\/\/wp.catedu.es\/escadeporte\/?page_id=208"},"modified":"2016-09-18T19:15:36","modified_gmt":"2016-09-18T19:15:36","slug":"programa-anual-formacion-permanente-del-deporte-aragones","status":"publish","type":"page","link":"https:\/\/wp.catedu.es\/escadeporte\/formacion-permanente\/programa-anual-formacion-permanente-del-deporte-aragones\/","title":{"rendered":"PROGRAMA ANUAL FORMACI\u00d3N PERMANENTE DEL DEPORTE ARAGON\u00c9S"},"content":{"rendered":"<pre style=\"text-align: justify;\">Este programa, ofertar\u00e1 actividades formativas de actualizaci\u00f3n, de innovaci\u00f3n, y de ampliaci\u00f3n de competencias enfocadas a completar la formaci\u00f3n inicial de los agentes deportivos, y que por su estructura (contenidos, duraci\u00f3n, formato y metodolog\u00eda), se canalicen hacia la mejora continua de las habilidades y herramientas cotidianas de trabajo. Para su desarrollo se cuenta con la colaboraci\u00f3n de aquellas entidades asociativas y Federaciones Deportivas vinculadas a la pr\u00e1ctica deportiva en Arag\u00f3n, y que han mostrado su inter\u00e9s en incorporar propuestas de trabajo, que incorporan al programa diversos profesionales de reconocido prestigio.<\/pre>\n<p style=\"text-align: center;\">\u27a1 Pinchar en el enlace \u201c<span style=\"color: #0000ff; background-color: #ffff99;\"><em><strong>Buscar m\u00e1s<\/strong><\/em><\/span>\u201d del Calendario para poder visualizar los eventos<\/p>\n<p style=\"text-align: justify;\"><iframe loading=\"lazy\" style=\"border-width: 0;\" src=\"https:\/\/calendar.google.com\/calendar\/embed?title=PROGRAMA%20ANUAL%20FORMACI%C3%93N%20PERMANENTE%20DEL%20DEPORTE%20ARAGON%C3%89S&amp;mode=AGENDA&amp;height=800&amp;wkst=2&amp;bgcolor=%23FFFFFF&amp;src=lgr940j814jjkdn999a63s0brc%40group.calendar.google.com&amp;color=%2328754E&amp;ctz=Europe%2FMadrid\" width=\"1000\" height=\"800\" frameborder=\"0\" scrolling=\"no\"><\/iframe><\/p>\n<p style=\"text-align: justify;\"><img loading=\"lazy\" decoding=\"async\" class=\" wp-image-775 aligncenter\" src=\"http:\/\/wp.catedu.es\/escadeporte\/wp-content\/uploads\/sites\/46\/2016\/05\/FORMACIONDEPORTEARAGON-300x60.jpg\" alt=\"#FORMACIONDEPORTEARAGON\" width=\"395\" height=\"79\" srcset=\"https:\/\/wp.catedu.es\/escadeporte\/wp-content\/uploads\/sites\/46\/2016\/05\/FORMACIONDEPORTEARAGON-300x60.jpg 300w, https:\/\/wp.catedu.es\/escadeporte\/wp-content\/uploads\/sites\/46\/2016\/05\/FORMACIONDEPORTEARAGON.jpg 567w\" sizes=\"auto, (max-width: 395px) 100vw, 395px\" \/><\/p>\n\n<div class=\"twitter-share\"><a href=\"https:\/\/twitter.com\/intent\/tweet?via=ESCARAGONDELDEP\" class=\"twitter-share-button\" data-size=\"large\">Twittear<\/a><\/div>\n","protected":false},"excerpt":{"rendered":"<p>Este programa, ofertar\u00e1 actividades formativas de actualizaci\u00f3n, de innovaci\u00f3n, y de ampliaci\u00f3n de competencias enfocadas a completar la formaci\u00f3n inicial de los agentes deportivos, y que por su estructura (contenidos, [&hellip;]<\/p>\n","protected":false},"author":96,"featured_media":775,"parent":221,"menu_order":1,"comment_status":"closed","ping_status":"closed","template":"","meta":{"_s2mail":"","footnotes":""},"class_list":["post-208","page","type-page","status-publish","has-post-thumbnail","hentry","has_thumb"],"_links":{"self":[{"href":"https:\/\/wp.catedu.es\/escadeporte\/wp-json\/wp\/v2\/pages\/208","targetHints":{"allow":["GET"]}}],"collection":[{"href":"https:\/\/wp.catedu.es\/escadeporte\/wp-json\/wp\/v2\/pages"}],"about":[{"href":"https:\/\/wp.catedu.es\/escadeporte\/wp-json\/wp\/v2\/types\/page"}],"author":[{"embeddable":true,"href":"https:\/\/wp.catedu.es\/escadeporte\/wp-json\/wp\/v2\/users\/96"}],"replies":[{"embeddable":true,"href":"https:\/\/wp.catedu.es\/escadeporte\/wp-json\/wp\/v2\/comments?post=208"}],"version-history":[{"count":22,"href":"https:\/\/wp.catedu.es\/escadeporte\/wp-json\/wp\/v2\/pages\/208\/revisions"}],"predecessor-version":[{"id":776,"href":"https:\/\/wp.catedu.es\/escadeporte\/wp-json\/wp\/v2\/pages\/208\/revisions\/776"}],"up":[{"embeddable":true,"href":"https:\/\/wp.catedu.es\/escadeporte\/wp-json\/wp\/v2\/pages\/221"}],"wp:featuredmedia":[{"embeddable":true,"href":"https:\/\/wp.catedu.es\/escadeporte\/wp-json\/wp\/v2\/media\/775"}],"wp:attachment":[{"href":"https:\/\/wp.catedu.es\/escadeporte\/wp-json\/wp\/v2\/media?parent=208"}],"curies":[{"name":"wp","href":"https:\/\/api.w.org\/{rel}","templated":true}]}}