{"id":221,"date":"2016-05-17T18:01:07","date_gmt":"2016-05-17T18:01:07","guid":{"rendered":"http:\/\/wp.catedu.es\/escadeporte\/?page_id=221"},"modified":"2016-07-03T21:00:09","modified_gmt":"2016-07-03T21:00:09","slug":"formacion-permanente","status":"publish","type":"page","link":"https:\/\/wp.catedu.es\/escadeporte\/formacion-permanente\/","title":{"rendered":"FORMACI\u00d3N PERMANENTE"},"content":{"rendered":"\n<table id=\"tablepress-2\" class=\"tablepress tablepress-id-2\">\n<tbody class=\"row-striping row-hover\">\n<tr class=\"row-1\">\n\t<td class=\"column-1\">PROGRAMA ANUAL DE FORMACION PERMANENTE DEL DEPORTE ARAGON\u00c9S<\/td><td class=\"column-2\"><a href=\"http:\/\/wp.catedu.es\/escadeporte\/formacion-permanente\/programa-anual-formacion-permanente-del-deporte-aragones\/\" target=\"_blank\">Leer mas...<\/a><\/td>\n<\/tr>\n<tr class=\"row-2\">\n\t<td class=\"column-1\"><\/td><td class=\"column-2\"><\/td>\n<\/tr>\n<tr class=\"row-3\">\n\t<td class=\"column-1\">FORMACI\u00d3N PERMANENTE POR \u00c1REAS TEMATICAS<\/td><td class=\"column-2\"><\/td>\n<\/tr>\n<tr class=\"row-4\">\n\t<td class=\"column-1\">SH\/ Salud e Higiene<\/td><td class=\"column-2\"><a href=\"http:\/\/wp.catedu.es\/escadeporte\/formacion-permanente\/formacion-complementaria__trashed\/salud-e-higiene\/\" target=\"_blank\">Leer mas...<\/a><\/td>\n<\/tr>\n<tr class=\"row-5\">\n\t<td class=\"column-1\">OTL\/ Ocio y Tiempo Libre<\/td><td class=\"column-2\"><a href=\"http:\/\/wp.catedu.es\/escadeporte\/formacion-permanente\/formacion-complementaria__trashed\/ocio-y-tiempo-libre\/\" target=\"_blank\">Leer mas...<\/a><\/td>\n<\/tr>\n<tr class=\"row-6\">\n\t<td class=\"column-1\">DEF\/ Did\u00e1ctica de la Educaci\u00f3n F\u00edsica<\/td><td class=\"column-2\"><a href=\"http:\/\/wp.catedu.es\/escadeporte\/formacion-permanente\/formacion-complementaria__trashed\/didactica-de-la-educacion-fisica\/\" target=\"_blank\">Leer mas...<\/a><\/td>\n<\/tr>\n<tr class=\"row-7\">\n\t<td class=\"column-1\">RD\/ Rendimiento Deportivo<\/td><td class=\"column-2\"><a href=\"http:\/\/wp.catedu.es\/escadeporte\/formacion-permanente\/formacion-complementaria__trashed\/rendimiento-deportivo\/\" target=\"_blank\">Leer mas...<\/a><\/td>\n<\/tr>\n<tr class=\"row-8\">\n\t<td class=\"column-1\">GLD\/ Gesti\u00f3n y Legislaci\u00f3n Deportiva<\/td><td class=\"column-2\"><a href=\"http:\/\/wp.catedu.es\/escadeporte\/formacion-permanente\/formacion-complementaria__trashed\/gestion-y-legislacion-deportiva\/\" target=\"_blank\">Leer mas...<\/a><\/td>\n<\/tr>\n<tr class=\"row-9\">\n\t<td class=\"column-1\">CCS\/ Ciencias Sociales, Psicolog\u00eda y Antropolog\u00eda<\/td><td class=\"column-2\"><a href=\"http:\/\/wp.catedu.es\/escadeporte\/formacion-permanente\/formacion-complementaria__trashed\/ciencias-sociales-psicologia-y-antropologia\/\" target=\"_blank\">Leer mas...<\/a><\/td>\n<\/tr>\n<tr class=\"row-10\">\n\t<td class=\"column-1\">OA\/ Otras Areas<\/td><td class=\"column-2\"><a href=\"http:\/\/wp.catedu.es\/escadeporte\/formacion-permanente\/formacion-complementaria__trashed\/otras-areas\/\" target=\"_blank\">Leer mas...<\/a><\/td>\n<\/tr>\n<tr class=\"row-11\">\n\t<td class=\"column-1\"><\/td><td class=\"column-2\"><\/td>\n<\/tr>\n<tr class=\"row-12\">\n\t<td class=\"column-1\">M\u00c1STER Y POSGRADOS<\/td><td class=\"column-2\"><a href=\"http:\/\/wp.catedu.es\/escadeporte\/formacion-permanente\/master-y-posgrados\/\" target=\"_blank\">Leer mas...<\/a><\/td>\n<\/tr>\n<tr class=\"row-13\">\n\t<td class=\"column-1\"><\/td><td class=\"column-2\"><\/td>\n<\/tr>\n<tr class=\"row-14\">\n\t<td class=\"column-1\">CUALIFICACIONES PROFESIONALES<\/td><td class=\"column-2\"><a href=\"http:\/\/wp.catedu.es\/escadeporte\/formacion-permanente\/cualificaciones-profesional\/\" target=\"_blank\">Leer mas...<\/a><\/td>\n<\/tr>\n<\/tbody>\n<\/table>\n<!-- #tablepress-2 from cache -->\n\n<div class=\"twitter-share\"><a href=\"https:\/\/twitter.com\/intent\/tweet?via=ESCARAGONDELDEP\" class=\"twitter-share-button\" data-size=\"large\">Twittear<\/a><\/div>\n","protected":false},"excerpt":{"rendered":"","protected":false},"author":96,"featured_media":0,"parent":0,"menu_order":2,"comment_status":"closed","ping_status":"closed","template":"","meta":{"_s2mail":"","footnotes":""},"class_list":["post-221","page","type-page","status-publish","hentry","has_no_thumb"],"_links":{"self":[{"href":"https:\/\/wp.catedu.es\/escadeporte\/wp-json\/wp\/v2\/pages\/221","targetHints":{"allow":["GET"]}}],"collection":[{"href":"https:\/\/wp.catedu.es\/escadeporte\/wp-json\/wp\/v2\/pages"}],"about":[{"href":"https:\/\/wp.catedu.es\/escadeporte\/wp-json\/wp\/v2\/types\/page"}],"author":[{"embeddable":true,"href":"https:\/\/wp.catedu.es\/escadeporte\/wp-json\/wp\/v2\/users\/96"}],"replies":[{"embeddable":true,"href":"https:\/\/wp.catedu.es\/escadeporte\/wp-json\/wp\/v2\/comments?post=221"}],"version-history":[{"count":2,"href":"https:\/\/wp.catedu.es\/escadeporte\/wp-json\/wp\/v2\/pages\/221\/revisions"}],"predecessor-version":[{"id":608,"href":"https:\/\/wp.catedu.es\/escadeporte\/wp-json\/wp\/v2\/pages\/221\/revisions\/608"}],"wp:attachment":[{"href":"https:\/\/wp.catedu.es\/escadeporte\/wp-json\/wp\/v2\/media?parent=221"}],"curies":[{"name":"wp","href":"https:\/\/api.w.org\/{rel}","templated":true}]}}