{"id":141,"date":"2020-04-13T06:37:23","date_gmt":"2020-04-13T05:37:23","guid":{"rendered":"http:\/\/wp.catedu.es\/escuelaruralencasa\/?page_id=141"},"modified":"2020-04-16T19:26:05","modified_gmt":"2020-04-16T18:26:05","slug":"educacion-infantil","status":"publish","type":"page","link":"https:\/\/wp.catedu.es\/escuelaruralencasa\/infantil-y-primaria\/educacion-infantil\/","title":{"rendered":"Educaci\u00f3n infantil"},"content":{"rendered":"<div style=\"width: 100%;\">\n<div style=\"position: relative; padding-bottom: 100.00%; padding-top: 0; height: 0;\"><iframe loading=\"lazy\" style=\"position: absolute; top: 0; left: 0; width: 100%; height: 100%;\" src=\"https:\/\/view.genial.ly\/5e98a15d206ade0e19f323fe\" width=\"1200px\" height=\"1200px\" frameborder=\"0\" scrolling=\"yes\" allowfullscreen=\"allowfullscreen\"><\/iframe><\/div>\n<\/div>\n<p>&nbsp;<\/p>\n<p><img loading=\"lazy\" decoding=\"async\" class=\"aligncenter size-full wp-image-142\" src=\"http:\/\/wp.catedu.es\/escuelaruralencasa\/wp-content\/uploads\/sites\/189\/2020\/04\/escuelacontigoencasa.png\" alt=\"\" width=\"551\" height=\"169\" srcset=\"https:\/\/wp.catedu.es\/escuelaruralencasa\/wp-content\/uploads\/sites\/189\/2020\/04\/escuelacontigoencasa.png 551w, https:\/\/wp.catedu.es\/escuelaruralencasa\/wp-content\/uploads\/sites\/189\/2020\/04\/escuelacontigoencasa-300x92.png 300w\" sizes=\"auto, (max-width: 551px) 100vw, 551px\" \/><\/p>\n<p>Son muchas las buenas pr\u00e1cticas desarrolladas en Educaci\u00f3n infantil, hemos seleccionado cinco como muestra de las propuestas que surgen desde la escuela rural para trabajar con los m\u00e1s peque\u00f1os que suponen distintas formas de organizar, presentar y compartir la actividad con un objetivo \u00fanico: mantener la actividad en infantil con la imprescindible colaboraci\u00f3n de las familias.<\/p>\n<ul>\n<li>Educaci\u00f3n emocional, planificaci\u00f3n semanal, tareas opcionales y una estructura articulada.<\/li>\n<li>La importancia de la psicomotricidad.<\/li>\n<li>Los retos nos hacen avanzar.<\/li>\n<li>Seguimos junt\u00e1ndonos en asamblea.<\/li>\n<li>Desde el blog hasta casa.<\/li>\n<\/ul>\n","protected":false},"excerpt":{"rendered":"<p>&nbsp; Son muchas las buenas pr\u00e1cticas desarrolladas en Educaci\u00f3n infantil, hemos seleccionado cinco como muestra de las propuestas que surgen desde la escuela rural para trabajar con los m\u00e1s peque\u00f1os que suponen distintas formas de organizar, presentar y compartir la<\/p>\n","protected":false},"author":264,"featured_media":0,"parent":47,"menu_order":0,"comment_status":"closed","ping_status":"closed","template":"","meta":{"footnotes":""},"class_list":["post-141","page","type-page","status-publish","hentry"],"_links":{"self":[{"href":"https:\/\/wp.catedu.es\/escuelaruralencasa\/wp-json\/wp\/v2\/pages\/141","targetHints":{"allow":["GET"]}}],"collection":[{"href":"https:\/\/wp.catedu.es\/escuelaruralencasa\/wp-json\/wp\/v2\/pages"}],"about":[{"href":"https:\/\/wp.catedu.es\/escuelaruralencasa\/wp-json\/wp\/v2\/types\/page"}],"author":[{"embeddable":true,"href":"https:\/\/wp.catedu.es\/escuelaruralencasa\/wp-json\/wp\/v2\/users\/264"}],"replies":[{"embeddable":true,"href":"https:\/\/wp.catedu.es\/escuelaruralencasa\/wp-json\/wp\/v2\/comments?post=141"}],"version-history":[{"count":2,"href":"https:\/\/wp.catedu.es\/escuelaruralencasa\/wp-json\/wp\/v2\/pages\/141\/revisions"}],"predecessor-version":[{"id":550,"href":"https:\/\/wp.catedu.es\/escuelaruralencasa\/wp-json\/wp\/v2\/pages\/141\/revisions\/550"}],"up":[{"embeddable":true,"href":"https:\/\/wp.catedu.es\/escuelaruralencasa\/wp-json\/wp\/v2\/pages\/47"}],"wp:attachment":[{"href":"https:\/\/wp.catedu.es\/escuelaruralencasa\/wp-json\/wp\/v2\/media?parent=141"}],"curies":[{"name":"wp","href":"https:\/\/api.w.org\/{rel}","templated":true}]}}