{"id":20,"date":"2020-04-12T17:46:28","date_gmt":"2020-04-12T16:46:28","guid":{"rendered":"http:\/\/wp.catedu.es\/escuelaruralencasa\/?page_id=20"},"modified":"2020-04-14T21:32:16","modified_gmt":"2020-04-14T20:32:16","slug":"presentacion","status":"publish","type":"page","link":"https:\/\/wp.catedu.es\/escuelaruralencasa\/","title":{"rendered":"Presentaci\u00f3n"},"content":{"rendered":"<p><img loading=\"lazy\" decoding=\"async\" class=\"aligncenter size-full wp-image-420\" src=\"http:\/\/wp.catedu.es\/escuelaruralencasa\/wp-content\/uploads\/sites\/189\/2020\/04\/escuelacontigoencasa-1.png\" alt=\"\" width=\"551\" height=\"169\" srcset=\"https:\/\/wp.catedu.es\/escuelaruralencasa\/wp-content\/uploads\/sites\/189\/2020\/04\/escuelacontigoencasa-1.png 551w, https:\/\/wp.catedu.es\/escuelaruralencasa\/wp-content\/uploads\/sites\/189\/2020\/04\/escuelacontigoencasa-1-300x92.png 300w\" sizes=\"auto, (max-width: 551px) 100vw, 551px\" \/><\/p>\n<h1>La escuela rural contigo en casa<\/h1>\n<p>La escuela rural contigo en casa es un portal en el que recogemos iniciativas que \u00a0centros rurales aragoneses de todos los niveles (desde Infantil a Formaci\u00f3n Profesional, pasando por Primaria y Secundaria), han implementado para mantener la actividad educativa durante el confinamiento.<\/p>\n<p>Es la traslaci\u00f3n de la campa\u00f1a #Arag\u00f3n contigo en casa a #La escuela contigo en casa y sus cinco secciones recorren el territorio rural aragon\u00e9s para recoger y compartir con toda la comunidad educativa las soluciones que est\u00e1n dando los centros centros para conseguir que la escuela en casa se desarrolle en las mejores condiciones de equidad, inclusi\u00f3n y competencia, porque esa es la vocaci\u00f3n de la educaci\u00f3n aragonesa.<\/p>\n<p>Partiendo de unas reflexiones metodol\u00f3gicas sobre el trabajo en casa, ofrecemos modelos de gesti\u00f3n y reparto de recursos para salvar las brechas digital y socio-cultural en los que las comunidades educativas al completo juegan un papel determinante en un esfuerzo com\u00fan de profesorado y centros, familias, entidades locales y comarcales y los servicios propios de la Administraci\u00f3n Educativa, como los EOEIP, la red de formaci\u00f3n del profesorado, la inspecci\u00f3n\u2026<\/p>\n<p>Un proceso de inteligencia colectiva donde los centros educativos presentan c\u00f3mo trabajan en la educaci\u00f3n emocional del alumnado y sus familias, la manera en la que organizan y adaptan a las necesidades individuales el flujo de tareas, la coordinaci\u00f3n del profesorado entre s\u00ed \u00a0y con las familias, c\u00f3mo articulan la comunicaci\u00f3n con los hogares donde se desarrolla la actividad educativa de forma que nadie se quede descolgado en unos momentos en los que el contacto personal y directo es m\u00e1s necesario que nunca. Soluciones imaginativas y personalizadas que son el resultado de la urgencia y de la reflexi\u00f3n sobre las acciones emprendidas para mejorarlas y adaptarlas a una realidad que siendo complicada, se est\u00e1 demostrando superable desde el compromiso docente y la cooperaci\u00f3n.<\/p>\n<p>El portal es el fruto del trabajo colectivo en equipo y de la aportaci\u00f3n generosa de muchos y muchas docentes que durante estas vacaciones han seguido a pie de obra elaborando sus propuestas.<\/p>\n","protected":false},"excerpt":{"rendered":"<p>La escuela rural contigo en casa La escuela rural contigo en casa es un portal en el que recogemos iniciativas que \u00a0centros rurales aragoneses de todos los niveles (desde Infantil a Formaci\u00f3n Profesional, pasando por Primaria y Secundaria), han implementado<\/p>\n","protected":false},"author":264,"featured_media":0,"parent":0,"menu_order":0,"comment_status":"closed","ping_status":"closed","template":"","meta":{"footnotes":""},"class_list":["post-20","page","type-page","status-publish","hentry"],"_links":{"self":[{"href":"https:\/\/wp.catedu.es\/escuelaruralencasa\/wp-json\/wp\/v2\/pages\/20","targetHints":{"allow":["GET"]}}],"collection":[{"href":"https:\/\/wp.catedu.es\/escuelaruralencasa\/wp-json\/wp\/v2\/pages"}],"about":[{"href":"https:\/\/wp.catedu.es\/escuelaruralencasa\/wp-json\/wp\/v2\/types\/page"}],"author":[{"embeddable":true,"href":"https:\/\/wp.catedu.es\/escuelaruralencasa\/wp-json\/wp\/v2\/users\/264"}],"replies":[{"embeddable":true,"href":"https:\/\/wp.catedu.es\/escuelaruralencasa\/wp-json\/wp\/v2\/comments?post=20"}],"version-history":[{"count":4,"href":"https:\/\/wp.catedu.es\/escuelaruralencasa\/wp-json\/wp\/v2\/pages\/20\/revisions"}],"predecessor-version":[{"id":477,"href":"https:\/\/wp.catedu.es\/escuelaruralencasa\/wp-json\/wp\/v2\/pages\/20\/revisions\/477"}],"wp:attachment":[{"href":"https:\/\/wp.catedu.es\/escuelaruralencasa\/wp-json\/wp\/v2\/media?parent=20"}],"curies":[{"name":"wp","href":"https:\/\/api.w.org\/{rel}","templated":true}]}}