{"id":200,"date":"2020-04-13T07:46:13","date_gmt":"2020-04-13T06:46:13","guid":{"rendered":"http:\/\/wp.catedu.es\/escuelaruralencasa\/?page_id=200"},"modified":"2020-04-16T20:22:19","modified_gmt":"2020-04-16T19:22:19","slug":"maneras-de-compartir","status":"publish","type":"page","link":"https:\/\/wp.catedu.es\/escuelaruralencasa\/infantil-y-primaria\/maneras-de-compartir\/","title":{"rendered":"Maneras de compartir"},"content":{"rendered":"<div style=\"width: 100%;\">\n<div style=\"position: relative; padding-bottom: 100.00%; padding-top: 0; height: 0;\"><iframe loading=\"lazy\" style=\"position: absolute; top: 0; left: 0; width: 100%; height: 100%;\" src=\"https:\/\/view.genial.ly\/5e98af45206ade0e19f3d6c9\" width=\"1200px\" height=\"1200px\" frameborder=\"0\" scrolling=\"yes\" allowfullscreen=\"allowfullscreen\"><\/iframe><\/div>\n<\/div>\n<p>&nbsp;<\/p>\n<p><img loading=\"lazy\" decoding=\"async\" class=\"aligncenter size-full wp-image-142\" src=\"http:\/\/wp.catedu.es\/escuelaruralencasa\/wp-content\/uploads\/sites\/189\/2020\/04\/escuelacontigoencasa.png\" alt=\"\" width=\"551\" height=\"169\" srcset=\"https:\/\/wp.catedu.es\/escuelaruralencasa\/wp-content\/uploads\/sites\/189\/2020\/04\/escuelacontigoencasa.png 551w, https:\/\/wp.catedu.es\/escuelaruralencasa\/wp-content\/uploads\/sites\/189\/2020\/04\/escuelacontigoencasa-300x92.png 300w\" sizes=\"auto, (max-width: 551px) 100vw, 551px\" \/>Cada centro ha encontrado la manera de comunicar y compartir con su comunidad educativa. La accesibilidad a las propuestas, los materiales, los protocolos y los retos es fundamental para conseguir que todas las familias puedan seguir con facilidad y garant\u00edas la actividad del centro. Mostramos c\u00f3mo lo han solucionado cuatro centros que presentan cuatro alternativas distintas e igualmente v\u00e1lidas.<\/p>\n","protected":false},"excerpt":{"rendered":"<p>&nbsp; Cada centro ha encontrado la manera de comunicar y compartir con su comunidad educativa. La accesibilidad a las propuestas, los materiales, los protocolos y los retos es fundamental para conseguir que todas las familias puedan seguir con facilidad y<\/p>\n","protected":false},"author":264,"featured_media":0,"parent":47,"menu_order":0,"comment_status":"closed","ping_status":"closed","template":"","meta":{"footnotes":""},"class_list":["post-200","page","type-page","status-publish","hentry"],"_links":{"self":[{"href":"https:\/\/wp.catedu.es\/escuelaruralencasa\/wp-json\/wp\/v2\/pages\/200","targetHints":{"allow":["GET"]}}],"collection":[{"href":"https:\/\/wp.catedu.es\/escuelaruralencasa\/wp-json\/wp\/v2\/pages"}],"about":[{"href":"https:\/\/wp.catedu.es\/escuelaruralencasa\/wp-json\/wp\/v2\/types\/page"}],"author":[{"embeddable":true,"href":"https:\/\/wp.catedu.es\/escuelaruralencasa\/wp-json\/wp\/v2\/users\/264"}],"replies":[{"embeddable":true,"href":"https:\/\/wp.catedu.es\/escuelaruralencasa\/wp-json\/wp\/v2\/comments?post=200"}],"version-history":[{"count":2,"href":"https:\/\/wp.catedu.es\/escuelaruralencasa\/wp-json\/wp\/v2\/pages\/200\/revisions"}],"predecessor-version":[{"id":557,"href":"https:\/\/wp.catedu.es\/escuelaruralencasa\/wp-json\/wp\/v2\/pages\/200\/revisions\/557"}],"up":[{"embeddable":true,"href":"https:\/\/wp.catedu.es\/escuelaruralencasa\/wp-json\/wp\/v2\/pages\/47"}],"wp:attachment":[{"href":"https:\/\/wp.catedu.es\/escuelaruralencasa\/wp-json\/wp\/v2\/media?parent=200"}],"curies":[{"name":"wp","href":"https:\/\/api.w.org\/{rel}","templated":true}]}}