{"id":221,"date":"2020-04-13T08:23:12","date_gmt":"2020-04-13T07:23:12","guid":{"rendered":"http:\/\/wp.catedu.es\/escuelaruralencasa\/?page_id=221"},"modified":"2020-04-16T20:28:36","modified_gmt":"2020-04-16T19:28:36","slug":"proyectos-en-marcha","status":"publish","type":"page","link":"https:\/\/wp.catedu.es\/escuelaruralencasa\/infantil-y-primaria\/proyectos-en-marcha\/","title":{"rendered":"Proyectos en marcha"},"content":{"rendered":"<div style=\"width: 100%;\">\n<div style=\"position: relative; padding-bottom: 100.00%; padding-top: 0; height: 0;\"><iframe loading=\"lazy\" style=\"position: absolute; top: 0; left: 0; width: 100%; height: 100%;\" src=\"https:\/\/view.genial.ly\/5e98b15f794b240e24b81459\" width=\"800px\" height=\"800px\" frameborder=\"0\" scrolling=\"yes\" allowfullscreen=\"allowfullscreen\"><\/iframe><\/div>\n<\/div>\n<p><img loading=\"lazy\" decoding=\"async\" class=\"aligncenter size-full wp-image-142\" src=\"http:\/\/wp.catedu.es\/escuelaruralencasa\/wp-content\/uploads\/sites\/189\/2020\/04\/escuelacontigoencasa.png\" alt=\"\" width=\"551\" height=\"169\" srcset=\"https:\/\/wp.catedu.es\/escuelaruralencasa\/wp-content\/uploads\/sites\/189\/2020\/04\/escuelacontigoencasa.png 551w, https:\/\/wp.catedu.es\/escuelaruralencasa\/wp-content\/uploads\/sites\/189\/2020\/04\/escuelacontigoencasa-300x92.png 300w\" sizes=\"auto, (max-width: 551px) 100vw, 551px\" \/>Algunos centros tienen tradici\u00f3n de trabajar por proyectos, esa din\u00e1mica les permite seguir trabajando en colaboraci\u00f3n, aunque sea desde casa, s\u00f3lo hay que readaptar las tareas, conectar a los equipos y seguir adelante.<\/p>\n","protected":false},"excerpt":{"rendered":"<p>Algunos centros tienen tradici\u00f3n de trabajar por proyectos, esa din\u00e1mica les permite seguir trabajando en colaboraci\u00f3n, aunque sea desde casa, s\u00f3lo hay que readaptar las tareas, conectar a los equipos y seguir adelante.<\/p>\n","protected":false},"author":264,"featured_media":0,"parent":47,"menu_order":0,"comment_status":"closed","ping_status":"closed","template":"","meta":{"footnotes":""},"class_list":["post-221","page","type-page","status-publish","hentry"],"_links":{"self":[{"href":"https:\/\/wp.catedu.es\/escuelaruralencasa\/wp-json\/wp\/v2\/pages\/221","targetHints":{"allow":["GET"]}}],"collection":[{"href":"https:\/\/wp.catedu.es\/escuelaruralencasa\/wp-json\/wp\/v2\/pages"}],"about":[{"href":"https:\/\/wp.catedu.es\/escuelaruralencasa\/wp-json\/wp\/v2\/types\/page"}],"author":[{"embeddable":true,"href":"https:\/\/wp.catedu.es\/escuelaruralencasa\/wp-json\/wp\/v2\/users\/264"}],"replies":[{"embeddable":true,"href":"https:\/\/wp.catedu.es\/escuelaruralencasa\/wp-json\/wp\/v2\/comments?post=221"}],"version-history":[{"count":2,"href":"https:\/\/wp.catedu.es\/escuelaruralencasa\/wp-json\/wp\/v2\/pages\/221\/revisions"}],"predecessor-version":[{"id":559,"href":"https:\/\/wp.catedu.es\/escuelaruralencasa\/wp-json\/wp\/v2\/pages\/221\/revisions\/559"}],"up":[{"embeddable":true,"href":"https:\/\/wp.catedu.es\/escuelaruralencasa\/wp-json\/wp\/v2\/pages\/47"}],"wp:attachment":[{"href":"https:\/\/wp.catedu.es\/escuelaruralencasa\/wp-json\/wp\/v2\/media?parent=221"}],"curies":[{"name":"wp","href":"https:\/\/api.w.org\/{rel}","templated":true}]}}