{"id":250,"date":"2020-04-13T09:00:05","date_gmt":"2020-04-13T08:00:05","guid":{"rendered":"http:\/\/wp.catedu.es\/escuelaruralencasa\/?page_id=250"},"modified":"2020-04-15T18:07:04","modified_gmt":"2020-04-15T17:07:04","slug":"reflexiones-metodologicas","status":"publish","type":"page","link":"https:\/\/wp.catedu.es\/escuelaruralencasa\/recursos-y-metodologia\/reflexiones-metodologicas\/","title":{"rendered":"Reflexiones metodol\u00f3gicas"},"content":{"rendered":"<div style=\"width: 100%;\">\n<div style=\"position: relative; padding-bottom: 100.00%; padding-top: 0; height: 0;\"><iframe loading=\"lazy\" style=\"position: absolute; top: 0; left: 0; width: 100%; height: 100%;\" src=\"https:\/\/view.genial.ly\/5e973e76898eea0db716fd90\" width=\"1200px\" height=\"1200px\" frameborder=\"0\" scrolling=\"yes\" allowfullscreen=\"allowfullscreen\"><\/iframe><\/div>\n<\/div>\n<p>&nbsp;<\/p>\n<p><img loading=\"lazy\" decoding=\"async\" class=\"aligncenter size-full wp-image-142\" src=\"http:\/\/wp.catedu.es\/escuelaruralencasa\/wp-content\/uploads\/sites\/189\/2020\/04\/escuelacontigoencasa.png\" alt=\"\" width=\"551\" height=\"169\" srcset=\"https:\/\/wp.catedu.es\/escuelaruralencasa\/wp-content\/uploads\/sites\/189\/2020\/04\/escuelacontigoencasa.png 551w, https:\/\/wp.catedu.es\/escuelaruralencasa\/wp-content\/uploads\/sites\/189\/2020\/04\/escuelacontigoencasa-300x92.png 300w\" sizes=\"auto, (max-width: 551px) 100vw, 551px\" \/>La reflexi\u00f3n siempre ha de ser el punto de partida de la acci\u00f3n, tambi\u00e9n es un punto de retorno, de referencia para seguir con las mejoras necesarias. En ese proceso estamos, revisando nuestras actuaciones, readapt\u00e1ndolas para conseguir que nuestra escuela en casa no deje a nadie descolgado. Una escuela que incluye tambi\u00e9n desde casa.<\/p>\n","protected":false},"excerpt":{"rendered":"<p>&nbsp; La reflexi\u00f3n siempre ha de ser el punto de partida de la acci\u00f3n, tambi\u00e9n es un punto de retorno, de referencia para seguir con las mejoras necesarias. En ese proceso estamos, revisando nuestras actuaciones, readapt\u00e1ndolas para conseguir que nuestra<\/p>\n","protected":false},"author":264,"featured_media":0,"parent":24,"menu_order":0,"comment_status":"closed","ping_status":"closed","template":"","meta":{"footnotes":""},"class_list":["post-250","page","type-page","status-publish","hentry"],"_links":{"self":[{"href":"https:\/\/wp.catedu.es\/escuelaruralencasa\/wp-json\/wp\/v2\/pages\/250","targetHints":{"allow":["GET"]}}],"collection":[{"href":"https:\/\/wp.catedu.es\/escuelaruralencasa\/wp-json\/wp\/v2\/pages"}],"about":[{"href":"https:\/\/wp.catedu.es\/escuelaruralencasa\/wp-json\/wp\/v2\/types\/page"}],"author":[{"embeddable":true,"href":"https:\/\/wp.catedu.es\/escuelaruralencasa\/wp-json\/wp\/v2\/users\/264"}],"replies":[{"embeddable":true,"href":"https:\/\/wp.catedu.es\/escuelaruralencasa\/wp-json\/wp\/v2\/comments?post=250"}],"version-history":[{"count":3,"href":"https:\/\/wp.catedu.es\/escuelaruralencasa\/wp-json\/wp\/v2\/pages\/250\/revisions"}],"predecessor-version":[{"id":506,"href":"https:\/\/wp.catedu.es\/escuelaruralencasa\/wp-json\/wp\/v2\/pages\/250\/revisions\/506"}],"up":[{"embeddable":true,"href":"https:\/\/wp.catedu.es\/escuelaruralencasa\/wp-json\/wp\/v2\/pages\/24"}],"wp:attachment":[{"href":"https:\/\/wp.catedu.es\/escuelaruralencasa\/wp-json\/wp\/v2\/media?parent=250"}],"curies":[{"name":"wp","href":"https:\/\/api.w.org\/{rel}","templated":true}]}}