{"id":364,"date":"2020-04-13T12:48:20","date_gmt":"2020-04-13T11:48:20","guid":{"rendered":"http:\/\/wp.catedu.es\/escuelaruralencasa\/?page_id=364"},"modified":"2020-04-16T06:53:29","modified_gmt":"2020-04-16T05:53:29","slug":"hay-alternativas","status":"publish","type":"page","link":"https:\/\/wp.catedu.es\/escuelaruralencasa\/comunidad-educativa\/hay-alternativas\/","title":{"rendered":"Hay alternativas"},"content":{"rendered":"<div style=\"width: 100%;\">\n<div style=\"position: relative; padding-bottom: 56.25%; padding-top: 0; height: 0;\"><iframe loading=\"lazy\" style=\"position: absolute; top: 0; left: 0; width: 100%; height: 100%;\" src=\"https:\/\/view.genial.ly\/5e97f025898eea0db71b4908\" width=\"1200px\" height=\"675px\" frameborder=\"0\" scrolling=\"yes\" allowfullscreen=\"allowfullscreen\"><\/iframe><\/div>\n<\/div>\n<p>&nbsp;<\/p>\n<p><img loading=\"lazy\" decoding=\"async\" class=\"aligncenter wp-image-459 size-full\" src=\"http:\/\/wp.catedu.es\/escuelaruralencasa\/wp-content\/uploads\/sites\/189\/2020\/04\/cadena.jpg\" alt=\"\" width=\"1364\" height=\"537\" srcset=\"https:\/\/wp.catedu.es\/escuelaruralencasa\/wp-content\/uploads\/sites\/189\/2020\/04\/cadena.jpg 1364w, https:\/\/wp.catedu.es\/escuelaruralencasa\/wp-content\/uploads\/sites\/189\/2020\/04\/cadena-300x118.jpg 300w, https:\/\/wp.catedu.es\/escuelaruralencasa\/wp-content\/uploads\/sites\/189\/2020\/04\/cadena-1024x403.jpg 1024w, https:\/\/wp.catedu.es\/escuelaruralencasa\/wp-content\/uploads\/sites\/189\/2020\/04\/cadena-768x302.jpg 768w\" sizes=\"auto, (max-width: 1364px) 100vw, 1364px\" \/>La inteligencia colectiva ha encontrado soluciones para los casos m\u00e1s dif\u00edciles, las comunidades educativas rurales saben afrontar los problemas con imaginaci\u00f3n. Lo muestra\u00a0<a href=\"https:\/\/soundcloud.com\/user-676685865\/hora-25-03-04-2020-tramo-de-21-00-a-22-00\" target=\"_blank\" rel=\"noopener noreferrer\"><strong>este corte rescatado de la radio<\/strong><\/a>\u00a0o estas vi\u00f1etas que describen situaciones reales.<\/p>\n","protected":false},"excerpt":{"rendered":"<p>&nbsp; La inteligencia colectiva ha encontrado soluciones para los casos m\u00e1s dif\u00edciles, las comunidades educativas rurales saben afrontar los problemas con imaginaci\u00f3n. Lo muestra\u00a0este corte rescatado de la radio\u00a0o estas vi\u00f1etas que describen situaciones reales.<\/p>\n","protected":false},"author":264,"featured_media":0,"parent":28,"menu_order":0,"comment_status":"closed","ping_status":"closed","template":"","meta":{"footnotes":""},"class_list":["post-364","page","type-page","status-publish","hentry"],"_links":{"self":[{"href":"https:\/\/wp.catedu.es\/escuelaruralencasa\/wp-json\/wp\/v2\/pages\/364","targetHints":{"allow":["GET"]}}],"collection":[{"href":"https:\/\/wp.catedu.es\/escuelaruralencasa\/wp-json\/wp\/v2\/pages"}],"about":[{"href":"https:\/\/wp.catedu.es\/escuelaruralencasa\/wp-json\/wp\/v2\/types\/page"}],"author":[{"embeddable":true,"href":"https:\/\/wp.catedu.es\/escuelaruralencasa\/wp-json\/wp\/v2\/users\/264"}],"replies":[{"embeddable":true,"href":"https:\/\/wp.catedu.es\/escuelaruralencasa\/wp-json\/wp\/v2\/comments?post=364"}],"version-history":[{"count":6,"href":"https:\/\/wp.catedu.es\/escuelaruralencasa\/wp-json\/wp\/v2\/pages\/364\/revisions"}],"predecessor-version":[{"id":537,"href":"https:\/\/wp.catedu.es\/escuelaruralencasa\/wp-json\/wp\/v2\/pages\/364\/revisions\/537"}],"up":[{"embeddable":true,"href":"https:\/\/wp.catedu.es\/escuelaruralencasa\/wp-json\/wp\/v2\/pages\/28"}],"wp:attachment":[{"href":"https:\/\/wp.catedu.es\/escuelaruralencasa\/wp-json\/wp\/v2\/media?parent=364"}],"curies":[{"name":"wp","href":"https:\/\/api.w.org\/{rel}","templated":true}]}}