{"id":383,"date":"2020-04-13T13:03:18","date_gmt":"2020-04-13T12:03:18","guid":{"rendered":"http:\/\/wp.catedu.es\/escuelaruralencasa\/?page_id=383"},"modified":"2020-04-16T07:00:57","modified_gmt":"2020-04-16T06:00:57","slug":"servicios-educativos","status":"publish","type":"page","link":"https:\/\/wp.catedu.es\/escuelaruralencasa\/comunidad-educativa\/servicios-educativos\/","title":{"rendered":"Servicios educativos"},"content":{"rendered":"<div style=\"width: 100%;\">\n<div style=\"position: relative; padding-bottom: 100.00%; padding-top: 0; height: 0;\"><iframe loading=\"lazy\" style=\"position: absolute; top: 0; left: 0; width: 100%; height: 100%;\" src=\"https:\/\/view.genial.ly\/5e97f3e6898eea0db71b53a7\" width=\"1200px\" height=\"1200px\" frameborder=\"0\" scrolling=\"yes\" allowfullscreen=\"allowfullscreen\"><\/iframe><\/div>\n<\/div>\n<p>&nbsp;<\/p>\n<p><img loading=\"lazy\" decoding=\"async\" class=\"aligncenter size-full wp-image-142\" src=\"http:\/\/wp.catedu.es\/escuelaruralencasa\/wp-content\/uploads\/sites\/189\/2020\/04\/escuelacontigoencasa.png\" alt=\"\" width=\"551\" height=\"169\" srcset=\"https:\/\/wp.catedu.es\/escuelaruralencasa\/wp-content\/uploads\/sites\/189\/2020\/04\/escuelacontigoencasa.png 551w, https:\/\/wp.catedu.es\/escuelaruralencasa\/wp-content\/uploads\/sites\/189\/2020\/04\/escuelacontigoencasa-300x92.png 300w\" sizes=\"auto, (max-width: 551px) 100vw, 551px\" \/>Servicios educativos como la Red de Formaci\u00f3n del Profesorado, los EOEIP, la inspecci\u00f3n&#8230; han puesto en marcha iniciativas para acompa\u00f1ar a los centros.<\/p>\n","protected":false},"excerpt":{"rendered":"<p>&nbsp; Servicios educativos como la Red de Formaci\u00f3n del Profesorado, los EOEIP, la inspecci\u00f3n&#8230; han puesto en marcha iniciativas para acompa\u00f1ar a los centros.<\/p>\n","protected":false},"author":264,"featured_media":0,"parent":28,"menu_order":0,"comment_status":"closed","ping_status":"closed","template":"","meta":{"footnotes":""},"class_list":["post-383","page","type-page","status-publish","hentry"],"_links":{"self":[{"href":"https:\/\/wp.catedu.es\/escuelaruralencasa\/wp-json\/wp\/v2\/pages\/383","targetHints":{"allow":["GET"]}}],"collection":[{"href":"https:\/\/wp.catedu.es\/escuelaruralencasa\/wp-json\/wp\/v2\/pages"}],"about":[{"href":"https:\/\/wp.catedu.es\/escuelaruralencasa\/wp-json\/wp\/v2\/types\/page"}],"author":[{"embeddable":true,"href":"https:\/\/wp.catedu.es\/escuelaruralencasa\/wp-json\/wp\/v2\/users\/264"}],"replies":[{"embeddable":true,"href":"https:\/\/wp.catedu.es\/escuelaruralencasa\/wp-json\/wp\/v2\/comments?post=383"}],"version-history":[{"count":2,"href":"https:\/\/wp.catedu.es\/escuelaruralencasa\/wp-json\/wp\/v2\/pages\/383\/revisions"}],"predecessor-version":[{"id":539,"href":"https:\/\/wp.catedu.es\/escuelaruralencasa\/wp-json\/wp\/v2\/pages\/383\/revisions\/539"}],"up":[{"embeddable":true,"href":"https:\/\/wp.catedu.es\/escuelaruralencasa\/wp-json\/wp\/v2\/pages\/28"}],"wp:attachment":[{"href":"https:\/\/wp.catedu.es\/escuelaruralencasa\/wp-json\/wp\/v2\/media?parent=383"}],"curies":[{"name":"wp","href":"https:\/\/api.w.org\/{rel}","templated":true}]}}