{"id":440,"date":"2020-04-13T15:31:40","date_gmt":"2020-04-13T14:31:40","guid":{"rendered":"http:\/\/wp.catedu.es\/escuelaruralencasa\/?page_id=440"},"modified":"2020-05-01T10:57:09","modified_gmt":"2020-05-01T09:57:09","slug":"creditos","status":"publish","type":"page","link":"https:\/\/wp.catedu.es\/escuelaruralencasa\/creditos\/","title":{"rendered":"Cr\u00e9ditos"},"content":{"rendered":"<p>Este es el resultado de un trabajo en equipo en el que han intervenido directamente:<\/p>\n<p>En la coordinaci\u00f3n:<\/p>\n<ul>\n<li>Ana Isabel Ayala Sender, Departamento de Educaci\u00f3n Cultura y Deporte del Gobierno de Arag\u00f3n<\/li>\n<li>Jos\u00e9 Cari\u00f1ena Burbano, CATEDU (Medios t\u00e9cnicos)<\/li>\n<li>Jos\u00e9 Ram\u00f3n Olalla Celma, Centro de Profesorado de Calatayud (Contenido, adaptaci\u00f3n y dise\u00f1o)<\/li>\n<\/ul>\n<p>En la aportaci\u00f3n documental, han sido interlocutores de sus centros:<\/p>\n<ul>\n<li>Esther Yurena Aguir\u00e1n Navallas, EOEIP de Fuentes de Ebro<\/li>\n<li>Piedad Alcalde P\u00e9rez, CPEE Segeda<\/li>\n<li>Eva Angulo Tabernero, CEIP Benedicto XIII<\/li>\n<li>Herminda Arnal Soriano, CRA Bajo G\u00e1llego<\/li>\n<li>Julio Alfonso Blanco Gonz\u00e1lez, CEIP Benedicto XIII<\/li>\n<li>Nuria Carnicero Gonz\u00e1lez, CP Calatayud<\/li>\n<li>Isabel Ceamanos Ferrer, Comunidad educativa del CEIP Benedicto XIII<\/li>\n<li>Ana Rosa Espa\u00f1ol Fillat, CPI Benabarre<\/li>\n<li>Mar\u00eda F\u00e9lix Barrios, CEIP Comarca Cuencas Mineras<\/li>\n<li>David Gallego Pulido, CRA Aranda-Isuela<\/li>\n<li>Beatriz Gonz\u00e1lez Iranzo, IES Conde de Aranda<\/li>\n<li>Alberto J. Fern\u00e1ndez Arroyo, IES Comunidad de Daroca<\/li>\n<li>Javier Fern\u00e1ndez L\u00e1zaro, IES San Alberto Magno<\/li>\n<li>Diego L\u00f3pez Guiterrez, CEP Maestro Monreal<\/li>\n<li>Carlos L\u00f3pez Parre\u00f1o, CEIP Santa Ana<\/li>\n<li>Paloma Mart\u00edn Gil, en nombre del Departamento de Hosteler\u00eda y Turismo del IES Zaur\u00edn<\/li>\n<li>Daniel Murillo Escanero, CRA Bajo G\u00e1llego.<\/li>\n<li>Lola Oriol y Juanjo Armegod, CPEE Gloria Fuertes<\/li>\n<li>Rosa Pablo Vicente, CEIP Domingo Jim\u00e9nez Beltr\u00e1n<\/li>\n<li>Eva P\u00e9rez Aguilar, CRA Pablo Antonio Crespo<\/li>\n<li>Joaqu\u00edn P\u00e9rez Sanz, CP Alcorisa<\/li>\n<li>Mario Planas Blasco, IES Zaur\u00edn<\/li>\n<li>Alex Polo, CEIP Baltasar Graci\u00e1n<\/li>\n<li>Jaime Rebenaque Ram\u00f3n, CEIP Virgen del Portal<\/li>\n<li>Juan Antonio Rodr\u00edguez Bueno, Comunidad Educativa de Alpartir<\/li>\n<li>Francisco J. Rodr\u00edguez Castells, CRA Las Vi\u00f1as<\/li>\n<li>Carmen Saavedra Otero, IES Lobetano<\/li>\n<li>Juli\u00e1n Trullenque An\u00e9s, CEIP Brianda de Luna<\/li>\n<li>Maite Valls Roc, CRA Fabara-Nonaspe &#8220;dos aguas&#8221;<\/li>\n<\/ul>\n<p>Y todos los centros que aparecen en este portal que han aportado su trabajo de forma indirecta, a trav\u00e9s de sus p\u00e1ginas web, blogs y redes sociales<\/p>\n","protected":false},"excerpt":{"rendered":"<p>Este es el resultado de un trabajo en equipo en el que han intervenido directamente: En la coordinaci\u00f3n: Ana Isabel Ayala Sender, Departamento de Educaci\u00f3n Cultura y Deporte del Gobierno de Arag\u00f3n Jos\u00e9 Cari\u00f1ena Burbano, CATEDU (Medios t\u00e9cnicos) Jos\u00e9 Ram\u00f3n<\/p>\n","protected":false},"author":264,"featured_media":0,"parent":0,"menu_order":0,"comment_status":"closed","ping_status":"closed","template":"","meta":{"footnotes":""},"class_list":["post-440","page","type-page","status-publish","hentry"],"_links":{"self":[{"href":"https:\/\/wp.catedu.es\/escuelaruralencasa\/wp-json\/wp\/v2\/pages\/440","targetHints":{"allow":["GET"]}}],"collection":[{"href":"https:\/\/wp.catedu.es\/escuelaruralencasa\/wp-json\/wp\/v2\/pages"}],"about":[{"href":"https:\/\/wp.catedu.es\/escuelaruralencasa\/wp-json\/wp\/v2\/types\/page"}],"author":[{"embeddable":true,"href":"https:\/\/wp.catedu.es\/escuelaruralencasa\/wp-json\/wp\/v2\/users\/264"}],"replies":[{"embeddable":true,"href":"https:\/\/wp.catedu.es\/escuelaruralencasa\/wp-json\/wp\/v2\/comments?post=440"}],"version-history":[{"count":7,"href":"https:\/\/wp.catedu.es\/escuelaruralencasa\/wp-json\/wp\/v2\/pages\/440\/revisions"}],"predecessor-version":[{"id":643,"href":"https:\/\/wp.catedu.es\/escuelaruralencasa\/wp-json\/wp\/v2\/pages\/440\/revisions\/643"}],"wp:attachment":[{"href":"https:\/\/wp.catedu.es\/escuelaruralencasa\/wp-json\/wp\/v2\/media?parent=440"}],"curies":[{"name":"wp","href":"https:\/\/api.w.org\/{rel}","templated":true}]}}