{"id":84,"date":"2020-04-12T21:49:42","date_gmt":"2020-04-12T20:49:42","guid":{"rendered":"http:\/\/wp.catedu.es\/escuelaruralencasa\/?page_id=84"},"modified":"2020-04-17T08:35:54","modified_gmt":"2020-04-17T07:35:54","slug":"organizacion-de-materias-y-tareas","status":"publish","type":"page","link":"https:\/\/wp.catedu.es\/escuelaruralencasa\/secundaria-y-f-p\/organizacion-de-materias-y-tareas\/","title":{"rendered":"Organizaci\u00f3n de materias y tareas"},"content":{"rendered":"<div style=\"width: 100%;\">\n<div style=\"position: relative; padding-bottom: 100.00%; padding-top: 0; height: 0;\"><iframe loading=\"lazy\" style=\"position: absolute; top: 0; left: 0; width: 100%; height: 100%;\" src=\"https:\/\/view.genial.ly\/5e99535b206ade0e19f79d3b\" width=\"800px\" height=\"800px\" frameborder=\"0\" scrolling=\"yes\" allowfullscreen=\"allowfullscreen\"><\/iframe><\/div>\n<\/div>\n<p>&nbsp;<\/p>\n<p><img loading=\"lazy\" decoding=\"async\" class=\"wp-image-87 size-full aligncenter\" src=\"http:\/\/wp.catedu.es\/escuelaruralencasa\/wp-content\/uploads\/sites\/189\/2020\/04\/iescontigoencasa-1.png\" alt=\"\" width=\"551\" height=\"169\" srcset=\"https:\/\/wp.catedu.es\/escuelaruralencasa\/wp-content\/uploads\/sites\/189\/2020\/04\/iescontigoencasa-1.png 551w, https:\/\/wp.catedu.es\/escuelaruralencasa\/wp-content\/uploads\/sites\/189\/2020\/04\/iescontigoencasa-1-300x92.png 300w\" sizes=\"auto, (max-width: 551px) 100vw, 551px\" \/><\/p>\n<p>Algunos ejemplos de centros que han organizado:<\/p>\n<ul>\n<li>Las tareas curriculares<\/li>\n<li>Retos, concursos, experimentos, prototipos, juegos&#8230;<\/li>\n<li>Las \u00e1reas pr\u00e1cticas de formaci\u00f3n profesional<\/li>\n<li>&#8230;<\/li>\n<\/ul>\n","protected":false},"excerpt":{"rendered":"<p>&nbsp; Algunos ejemplos de centros que han organizado: Las tareas curriculares Retos, concursos, experimentos, prototipos, juegos&#8230; Las \u00e1reas pr\u00e1cticas de formaci\u00f3n profesional &#8230;<\/p>\n","protected":false},"author":264,"featured_media":0,"parent":49,"menu_order":0,"comment_status":"closed","ping_status":"closed","template":"","meta":{"footnotes":""},"class_list":["post-84","page","type-page","status-publish","hentry"],"_links":{"self":[{"href":"https:\/\/wp.catedu.es\/escuelaruralencasa\/wp-json\/wp\/v2\/pages\/84","targetHints":{"allow":["GET"]}}],"collection":[{"href":"https:\/\/wp.catedu.es\/escuelaruralencasa\/wp-json\/wp\/v2\/pages"}],"about":[{"href":"https:\/\/wp.catedu.es\/escuelaruralencasa\/wp-json\/wp\/v2\/types\/page"}],"author":[{"embeddable":true,"href":"https:\/\/wp.catedu.es\/escuelaruralencasa\/wp-json\/wp\/v2\/users\/264"}],"replies":[{"embeddable":true,"href":"https:\/\/wp.catedu.es\/escuelaruralencasa\/wp-json\/wp\/v2\/comments?post=84"}],"version-history":[{"count":2,"href":"https:\/\/wp.catedu.es\/escuelaruralencasa\/wp-json\/wp\/v2\/pages\/84\/revisions"}],"predecessor-version":[{"id":565,"href":"https:\/\/wp.catedu.es\/escuelaruralencasa\/wp-json\/wp\/v2\/pages\/84\/revisions\/565"}],"up":[{"embeddable":true,"href":"https:\/\/wp.catedu.es\/escuelaruralencasa\/wp-json\/wp\/v2\/pages\/49"}],"wp:attachment":[{"href":"https:\/\/wp.catedu.es\/escuelaruralencasa\/wp-json\/wp\/v2\/media?parent=84"}],"curies":[{"name":"wp","href":"https:\/\/api.w.org\/{rel}","templated":true}]}}