{"id":110,"date":"2017-03-21T20:51:12","date_gmt":"2017-03-21T19:51:12","guid":{"rendered":"http:\/\/wp.catedu.es\/geohistoria\/?page_id=110"},"modified":"2020-07-25T18:57:58","modified_gmt":"2020-07-25T17:57:58","slug":"historia-sies-gallicum","status":"publish","type":"page","link":"https:\/\/wp.catedu.es\/geohistoria\/historia-sies-gallicum\/","title":{"rendered":"Historia-IES Villanueva"},"content":{"rendered":"<p>Desde el <a href=\"http:\/\/esquemasgeohistoria.ftp.catedu.es\/index.html\" target=\"_blank\" rel=\"noopener noreferrer\">Departamento de Geograf\u00eda e Historia del IES de Villanueva<\/a>\u00a0se ofrece una p\u00e1gina con\u00a0recursos para los cuatro cursos de ESO, la Historia del Mundo Contempor\u00e1neo de 1\u00ba de Bachillerato y la Historia del Arte de 2\u00ba de Bachillerato.<\/p>\n<p>Cada curso\u00a0 de ESO est\u00e1 organizado en unidades did\u00e1cticas. Por cada unidad did\u00e1ctica se ha elaborado un <strong>esquema (o mapa conceptual) al que se asocian diferentes recursos<\/strong>: documentos en pdf, presentaciones en power point, animaciones en flash o direcciones Web.<\/p>\n<p>Desde el siguiente \u00edndice puedes acceder al listado de unidades de cada curso de los temas de Historia:<\/p>\n<ul>\n<li><a href=\"http:\/\/wp.catedu.es\/geohistoria\/sies-1eso-his\/\">1\u00ba de ESO: Prehistoria e Historia Antigua<\/a><\/li>\n<li><a href=\"http:\/\/wp.catedu.es\/geohistoria\/sies-2eso-his\/\">2\u00ba de ESO: Historia Medieval y Moderna<\/a><\/li>\n<li><a href=\"http:\/\/wp.catedu.es\/geohistoria\/sies-4eso-his\/\">4\u00ba de ESO: Historia Contempor\u00e1nea<\/a><\/li>\n<li><a href=\"http:\/\/wp.catedu.es\/geohistoria\/ies-1bto-hmc\/\">1\u00ba Bachillerato: Historia del Mundo Contempor\u00e1neo<\/a><\/li>\n<li><a href=\"http:\/\/esquemasgeohistoria.ftp.catedu.es\/tic_sociales\/arte\/index.htm\" target=\"_blank\" rel=\"noopener noreferrer\">2\u00ba Bachillerato: Historia del Arte<\/a><\/li>\n<\/ul>\n<p><a href=\"http:\/\/esquemasgeohistoria.ftp.catedu.es\/\" target=\"_blank\" rel=\"noopener noreferrer\"><img loading=\"lazy\" decoding=\"async\" class=\"aligncenter wp-image-413 size-full\" src=\"http:\/\/wp.catedu.es\/geohistoria\/wp-content\/uploads\/sites\/77\/2017\/03\/geohistoria.jpg\" width=\"550\" height=\"338\" srcset=\"https:\/\/wp.catedu.es\/geohistoria\/wp-content\/uploads\/sites\/77\/2017\/03\/geohistoria.jpg 550w, https:\/\/wp.catedu.es\/geohistoria\/wp-content\/uploads\/sites\/77\/2017\/03\/geohistoria-300x184.jpg 300w, https:\/\/wp.catedu.es\/geohistoria\/wp-content\/uploads\/sites\/77\/2017\/03\/geohistoria-150x92.jpg 150w\" sizes=\"auto, (max-width: 550px) 100vw, 550px\" \/><\/a><\/p>\n","protected":false},"excerpt":{"rendered":"<p>Desde el Departamento de Geograf\u00eda e Historia del IES de Villanueva\u00a0se ofrece una p\u00e1gina con\u00a0recursos para los cuatro cursos de ESO, la Historia del Mundo Contempor\u00e1neo de 1\u00ba de Bachillerato y la Historia del Arte de 2\u00ba de Bachillerato. Cada curso\u00a0 de ESO est\u00e1 organizado en unidades did\u00e1cticas. Por cada &#8230; <a class=\"continue-reading-link\" href=\"https:\/\/wp.catedu.es\/geohistoria\/historia-sies-gallicum\/\"> Continue reading<\/a><\/p>\n","protected":false},"author":143,"featured_media":0,"parent":0,"menu_order":0,"comment_status":"closed","ping_status":"closed","template":"","meta":{"footnotes":""},"class_list":["post-110","page","type-page","status-publish","hentry"],"_links":{"self":[{"href":"https:\/\/wp.catedu.es\/geohistoria\/wp-json\/wp\/v2\/pages\/110","targetHints":{"allow":["GET"]}}],"collection":[{"href":"https:\/\/wp.catedu.es\/geohistoria\/wp-json\/wp\/v2\/pages"}],"about":[{"href":"https:\/\/wp.catedu.es\/geohistoria\/wp-json\/wp\/v2\/types\/page"}],"author":[{"embeddable":true,"href":"https:\/\/wp.catedu.es\/geohistoria\/wp-json\/wp\/v2\/users\/143"}],"replies":[{"embeddable":true,"href":"https:\/\/wp.catedu.es\/geohistoria\/wp-json\/wp\/v2\/comments?post=110"}],"version-history":[{"count":7,"href":"https:\/\/wp.catedu.es\/geohistoria\/wp-json\/wp\/v2\/pages\/110\/revisions"}],"predecessor-version":[{"id":459,"href":"https:\/\/wp.catedu.es\/geohistoria\/wp-json\/wp\/v2\/pages\/110\/revisions\/459"}],"wp:attachment":[{"href":"https:\/\/wp.catedu.es\/geohistoria\/wp-json\/wp\/v2\/media?parent=110"}],"curies":[{"name":"wp","href":"https:\/\/api.w.org\/{rel}","templated":true}]}}