{"id":140,"date":"2017-03-24T19:03:35","date_gmt":"2017-03-24T18:03:35","guid":{"rendered":"http:\/\/wp.catedu.es\/geohistoria\/?page_id=140"},"modified":"2017-03-24T19:03:35","modified_gmt":"2017-03-24T18:03:35","slug":"profesorfrancisco","status":"publish","type":"page","link":"https:\/\/wp.catedu.es\/geohistoria\/profesorfrancisco\/","title":{"rendered":"profesorfrancisco"},"content":{"rendered":"<p><a href=\"http:\/\/www.profesorfrancisco.es\/\" target=\"_blank\"><img loading=\"lazy\" decoding=\"async\" class=\"size-full wp-image-142 aligncenter\" src=\"http:\/\/wp.catedu.es\/geohistoria\/wp-content\/uploads\/sites\/77\/2017\/03\/profesorfrancisco.jpg\" alt=\"profesorfrancisco\" width=\"700\" height=\"122\" srcset=\"https:\/\/wp.catedu.es\/geohistoria\/wp-content\/uploads\/sites\/77\/2017\/03\/profesorfrancisco.jpg 700w, https:\/\/wp.catedu.es\/geohistoria\/wp-content\/uploads\/sites\/77\/2017\/03\/profesorfrancisco-300x52.jpg 300w, https:\/\/wp.catedu.es\/geohistoria\/wp-content\/uploads\/sites\/77\/2017\/03\/profesorfrancisco-150x26.jpg 150w\" sizes=\"auto, (max-width: 700px) 100vw, 700px\" \/><\/a>Impresionante sitio Web con\u00a0recursos para profesores y alumnos: organizados por materias y por tipo; actividades, cine e historia, esquemas, mapas, l\u00edneas de tiempo, juegos, v\u00eddeos y un largo etc\u00e9tera.<\/p>\n<p>Accede <a href=\"http:\/\/www.profesorfrancisco.es\/\" target=\"_blank\">AQU\u00cd \u00a0<\/a>o clicando sobre la imagen superior.<\/p>\n","protected":false},"excerpt":{"rendered":"<p>Impresionante sitio Web con\u00a0recursos para profesores y alumnos: organizados por materias y por tipo; actividades, cine e historia, esquemas, mapas, l\u00edneas de tiempo, juegos, v\u00eddeos y un largo etc\u00e9tera. Accede AQU\u00cd \u00a0o clicando sobre la imagen superior. <a class=\"continue-reading-link\" href=\"https:\/\/wp.catedu.es\/geohistoria\/profesorfrancisco\/\"> Continue reading<\/a><\/p>\n","protected":false},"author":143,"featured_media":0,"parent":0,"menu_order":0,"comment_status":"closed","ping_status":"closed","template":"","meta":{"footnotes":""},"class_list":["post-140","page","type-page","status-publish","hentry"],"_links":{"self":[{"href":"https:\/\/wp.catedu.es\/geohistoria\/wp-json\/wp\/v2\/pages\/140","targetHints":{"allow":["GET"]}}],"collection":[{"href":"https:\/\/wp.catedu.es\/geohistoria\/wp-json\/wp\/v2\/pages"}],"about":[{"href":"https:\/\/wp.catedu.es\/geohistoria\/wp-json\/wp\/v2\/types\/page"}],"author":[{"embeddable":true,"href":"https:\/\/wp.catedu.es\/geohistoria\/wp-json\/wp\/v2\/users\/143"}],"replies":[{"embeddable":true,"href":"https:\/\/wp.catedu.es\/geohistoria\/wp-json\/wp\/v2\/comments?post=140"}],"version-history":[{"count":2,"href":"https:\/\/wp.catedu.es\/geohistoria\/wp-json\/wp\/v2\/pages\/140\/revisions"}],"predecessor-version":[{"id":143,"href":"https:\/\/wp.catedu.es\/geohistoria\/wp-json\/wp\/v2\/pages\/140\/revisions\/143"}],"wp:attachment":[{"href":"https:\/\/wp.catedu.es\/geohistoria\/wp-json\/wp\/v2\/media?parent=140"}],"curies":[{"name":"wp","href":"https:\/\/api.w.org\/{rel}","templated":true}]}}