{"id":146,"date":"2017-03-24T19:14:33","date_gmt":"2017-03-24T18:14:33","guid":{"rendered":"http:\/\/wp.catedu.es\/geohistoria\/?page_id=146"},"modified":"2017-03-24T19:14:33","modified_gmt":"2017-03-24T18:14:33","slug":"gea-historia","status":"publish","type":"page","link":"https:\/\/wp.catedu.es\/geohistoria\/gea-historia\/","title":{"rendered":"GEA Historia"},"content":{"rendered":"<p>La <a href=\"http:\/\/www.enciclopedia-aragonesa.com\/monograficos\/historia.asp\" target=\"_blank\">Gran Enciclopedia Aragonesa (GEA)<\/a> ofrece, entre otros, una colecci\u00f3n de monogr\u00e1ficos de historia en donde se hace referencia a etapas hist\u00f3ricas, que abarcan desde la Prehistoria hasta el Arag\u00f3n democr\u00e1tico; as\u00ed como biograf\u00edas sobre personajes relevantes aragoneses (Miguel Servet, Francisco de Goya, Joaqu\u00edn Costa) y monogr\u00e1ficos sobre acontecimientos particulares. Imprescindible para estudiar la <strong>Historia de Arag\u00f3n<\/strong>.<\/p>\n<p>Cada unidad se desarrolla en temas a los que se a\u00f1aden mapas, animaciones, biograf\u00edas, enlaces dentro de la GEA y actividades de autoevaluaci\u00f3n o de repaso.<\/p>\n<p><a href=\"http:\/\/www.enciclopedia-aragonesa.com\/monograficos\/historia.asp\" target=\"_blank\"><img loading=\"lazy\" decoding=\"async\" class=\"size-full wp-image-147 aligncenter\" src=\"http:\/\/wp.catedu.es\/geohistoria\/wp-content\/uploads\/sites\/77\/2017\/03\/gea.jpg\" alt=\"gea\" width=\"500\" height=\"139\" srcset=\"https:\/\/wp.catedu.es\/geohistoria\/wp-content\/uploads\/sites\/77\/2017\/03\/gea.jpg 500w, https:\/\/wp.catedu.es\/geohistoria\/wp-content\/uploads\/sites\/77\/2017\/03\/gea-300x83.jpg 300w, https:\/\/wp.catedu.es\/geohistoria\/wp-content\/uploads\/sites\/77\/2017\/03\/gea-150x42.jpg 150w\" sizes=\"auto, (max-width: 500px) 100vw, 500px\" \/><\/a><\/p>\n<p>Hasta el momento de escribir este art\u00edculo los monogr\u00e1ficos,y biograf\u00edas, de Historia de Arag\u00f3n elaborados son:<\/p>\n<ul>\n<li><a href=\"http:\/\/www.enciclopedia-aragonesa.com\/monograficos\/historia\/prehistoria\/default.asp\" target=\"_blank\">La Prehistoria<\/a><\/li>\n<li><a href=\"http:\/\/www.enciclopedia-aragonesa.com\/monograficos\/pueblos_prerromanos\/default.asp\" target=\"_blank\">Los pueblos prerromanos<\/a><\/li>\n<li><a href=\"http:\/\/www.enciclopedia-aragonesa.com\/monograficos\/historia\/conquista_romana\/default.asp\" target=\"_blank\">La conquista romana<\/a><\/li>\n<li><a href=\"http:\/\/www.enciclopedia-aragonesa.com\/monograficos\/historia\/epoca_romana\/default.asp\" target=\"_blank\">Arag\u00f3n en la \u00e9poca romana<\/a><\/li>\n<li><a href=\"http:\/\/www.enciclopedia-aragonesa.com\/monograficos\/historia\/visigodos\/default.asp\" target=\"_blank\">Los visigodos en Arag\u00f3n<\/a><\/li>\n<li><a href=\"http:\/\/www.enciclopedia-aragonesa.com\/monograficos\/historia\/los_musulmanes_en_aragon\/default.asp\" target=\"_blank\">Los musulmanes en Arag\u00f3n<\/a><\/li>\n<li><a href=\"http:\/\/www.enciclopedia-aragonesa.com\/monograficos\/historia\/de_condado_a_reino\/default.asp\" target=\"_blank\">Arag\u00f3n, de condado a reino<\/a><\/li>\n<li><a href=\"http:\/\/www.enciclopedia-aragonesa.com\/monograficos\/historia\/corona_de_aragon1\/default.asp\" target=\"_blank\">La Corona de Arag\u00f3n I: nacimiento y expansi\u00f3n<\/a><\/li>\n<li><a href=\"http:\/\/www.enciclopedia-aragonesa.com\/monograficos\/historia\/corona_de_aragon2\/default.asp\" target=\"_blank\">La Corona de Arag\u00f3n II: la casa de Trast\u00e1mara<\/a><\/li>\n<li><a href=\"http:\/\/www.enciclopedia-aragonesa.com\/monograficos\/historia\/judios_en_aragon\/default.asp\" target=\"_blank\">Los jud\u00edos en Arag\u00f3n<\/a><\/li>\n<li><a href=\"http:\/\/www.enciclopedia-aragonesa.com\/monograficos\/historia\/monasterios_en_aragon\/default.asp\" target=\"_blank\">Los monasterios aragoneses<\/a><\/li>\n<li><a href=\"http:\/\/www.enciclopedia-aragonesa.com\/monograficos\/historia\/mudejares_en_aragon\/default.asp\" target=\"_blank\">Los mud\u00e9jares en Arag\u00f3n<\/a><\/li>\n<li><a href=\"http:\/\/www.enciclopedia-aragonesa.com\/monograficos\/biografias\/miguel_servet\/default.asp\" target=\"_blank\">Miguel Servet<\/a><\/li>\n<li><a href=\"http:\/\/www.enciclopedia-aragonesa.com\/monograficos\/historia\/edad_moderna_en_aragon\/default.asp\" target=\"_blank\">Edad Moderna en Arag\u00f3n (Siglo XVI)<\/a><\/li>\n<li><a href=\"http:\/\/www.enciclopedia-aragonesa.com\/monograficos\/historia\/edad_moderna_en_aragonII\/default.asp\" target=\"_blank\">Edad Moderna en Arag\u00f3n (siglo XVII)<\/a><\/li>\n<li><a href=\"http:\/\/www.enciclopedia-aragonesa.com\/monograficos\/arte\/catedrales_de_aragon\/default.asp\" target=\"_blank\">Catedrales de Arag\u00f3n I<\/a><\/li>\n<li><a href=\"http:\/\/www.enciclopedia-aragonesa.com\/monograficos\/arte\/catedrales_de_aragon_II\/default.asp\" target=\"_blank\">Catedrales de Arag\u00f3n II<\/a><\/li>\n<li><a href=\"http:\/\/www.enciclopedia-aragonesa.com\/monograficos\/historia\/siglo_XVIII_en_aragon\/default.asp\" target=\"_blank\">El siglo XVIII en Arag\u00f3n<\/a><\/li>\n<li><a href=\"http:\/\/www.enciclopedia-aragonesa.com\/monograficos\/historia\/guerra_de_independencia\/default.asp\" target=\"_blank\">La Guerra de la Independencia en Arag\u00f3n<\/a><\/li>\n<li><a href=\"http:\/\/www.enciclopedia-aragonesa.com\/monograficos\/biografias\/goya\/default.asp\" target=\"_blank\">Francisco de Goya<\/a><\/li>\n<li><a href=\"http:\/\/www.enciclopedia-aragonesa.com\/monograficos\/historia\/siglo_XIX_en_aragon\/default.asp\" target=\"_blank\">La disoluci\u00f3n del Antiguo R\u00e9gimen<\/a><\/li>\n<li><a href=\"http:\/\/www.enciclopedia-aragonesa.com\/monograficos\/historia\/siglo_XIX_en_aragonII\/default.asp\" target=\"_blank\">El final del siglo XIX<\/a><\/li>\n<li><a href=\"http:\/\/www.enciclopedia-aragonesa.com\/monograficos\/biografias\/joaquin_costa\/default.asp\" target=\"_blank\">Joaqu\u00edn Costa<\/a><\/li>\n<li><a href=\"http:\/\/www.enciclopedia-aragonesa.com\/monograficos\/historia\/expo_zaragoza_1908\/default.asp\" target=\"_blank\">La exposici\u00f3n Hispano-francesa de 1908<\/a><\/li>\n<li><a href=\"http:\/\/www.enciclopedia-aragonesa.com\/monograficos\/biografias\/santiago_ramon_y_cajal\/default.asp\" target=\"_blank\">Santiago Ram\u00f3n y Cajal<\/a><\/li>\n<li><a href=\"http:\/\/www.enciclopedia-aragonesa.com\/monograficos\/historia\/siglo_XX_en_aragonI\/default.asp\" target=\"_blank\">Los inicios del siglo XX en Arag\u00f3n<\/a><\/li>\n<li><a href=\"http:\/\/www.enciclopedia-aragonesa.com\/monograficos\/historia\/segunda_republica_guerra_civil_en_aragon\/default.asp\" target=\"_blank\">La II\u00aa Rep\u00fablica y la Guerra Civil<\/a><\/li>\n<li><a href=\"http:\/\/www.enciclopedia-aragonesa.com\/monograficos\/historia\/aragon_durante_el_franquismo\/default.asp\" target=\"_blank\">Arag\u00f3n durante el franquismo<\/a><\/li>\n<li><a href=\"http:\/\/www.enciclopedia-aragonesa.com\/monograficos\/historia\/de_la_transicion_a_la_autonomia\/default.asp\" target=\"_blank\">De la transici\u00f3n auton\u00f3mica al Arag\u00f3n del siglo XXI<\/a><\/li>\n<\/ul>\n","protected":false},"excerpt":{"rendered":"<p>La Gran Enciclopedia Aragonesa (GEA) ofrece, entre otros, una colecci\u00f3n de monogr\u00e1ficos de historia en donde se hace referencia a etapas hist\u00f3ricas, que abarcan desde la Prehistoria hasta el Arag\u00f3n democr\u00e1tico; as\u00ed como biograf\u00edas sobre personajes relevantes aragoneses (Miguel Servet, Francisco de Goya, Joaqu\u00edn Costa) y monogr\u00e1ficos sobre acontecimientos particulares. &#8230; <a class=\"continue-reading-link\" href=\"https:\/\/wp.catedu.es\/geohistoria\/gea-historia\/\"> Continue reading<\/a><\/p>\n","protected":false},"author":143,"featured_media":0,"parent":0,"menu_order":0,"comment_status":"closed","ping_status":"closed","template":"","meta":{"footnotes":""},"class_list":["post-146","page","type-page","status-publish","hentry"],"_links":{"self":[{"href":"https:\/\/wp.catedu.es\/geohistoria\/wp-json\/wp\/v2\/pages\/146","targetHints":{"allow":["GET"]}}],"collection":[{"href":"https:\/\/wp.catedu.es\/geohistoria\/wp-json\/wp\/v2\/pages"}],"about":[{"href":"https:\/\/wp.catedu.es\/geohistoria\/wp-json\/wp\/v2\/types\/page"}],"author":[{"embeddable":true,"href":"https:\/\/wp.catedu.es\/geohistoria\/wp-json\/wp\/v2\/users\/143"}],"replies":[{"embeddable":true,"href":"https:\/\/wp.catedu.es\/geohistoria\/wp-json\/wp\/v2\/comments?post=146"}],"version-history":[{"count":1,"href":"https:\/\/wp.catedu.es\/geohistoria\/wp-json\/wp\/v2\/pages\/146\/revisions"}],"predecessor-version":[{"id":148,"href":"https:\/\/wp.catedu.es\/geohistoria\/wp-json\/wp\/v2\/pages\/146\/revisions\/148"}],"wp:attachment":[{"href":"https:\/\/wp.catedu.es\/geohistoria\/wp-json\/wp\/v2\/media?parent=146"}],"curies":[{"name":"wp","href":"https:\/\/api.w.org\/{rel}","templated":true}]}}