{"id":163,"date":"2017-03-24T19:43:03","date_gmt":"2017-03-24T18:43:03","guid":{"rendered":"http:\/\/wp.catedu.es\/geohistoria\/?page_id=163"},"modified":"2017-03-24T19:43:03","modified_gmt":"2017-03-24T18:43:03","slug":"historia-del-siglo-xx","status":"publish","type":"page","link":"https:\/\/wp.catedu.es\/geohistoria\/historia-del-siglo-xx\/","title":{"rendered":"Historia del siglo XX"},"content":{"rendered":"<p><a href=\"http:\/\/www.historiasiglo20.org\/\" target=\"_blank\"><img loading=\"lazy\" decoding=\"async\" class=\"size-full wp-image-164 aligncenter\" src=\"http:\/\/wp.catedu.es\/geohistoria\/wp-content\/uploads\/sites\/77\/2017\/03\/hisrtoria_siigloxx.jpg\" alt=\"hisrtoria_siigloxx\" width=\"650\" height=\"408\" srcset=\"https:\/\/wp.catedu.es\/geohistoria\/wp-content\/uploads\/sites\/77\/2017\/03\/hisrtoria_siigloxx.jpg 650w, https:\/\/wp.catedu.es\/geohistoria\/wp-content\/uploads\/sites\/77\/2017\/03\/hisrtoria_siigloxx-300x188.jpg 300w, https:\/\/wp.catedu.es\/geohistoria\/wp-content\/uploads\/sites\/77\/2017\/03\/hisrtoria_siigloxx-558x350.jpg 558w, https:\/\/wp.catedu.es\/geohistoria\/wp-content\/uploads\/sites\/77\/2017\/03\/hisrtoria_siigloxx-150x94.jpg 150w\" sizes=\"auto, (max-width: 650px) 100vw, 650px\" \/><\/a><\/p>\n<p><a href=\"http:\/\/www.historiasiglo20.org\/\" target=\"_blank\">Historia del siglo XX<\/a> es un portal muy \u00fatil para las clases de Bachillerato y, tambi\u00e9n ofrece recursos que se pueden adaptar\u00a0para llos cursos de\u00a0ESO. Esta mantenido por Juan Carlos Oca\u00f1a.<\/p>\n<p>Las principales secciones de este sitio Web son:<\/p>\n<ul>\n<li>Historia del Mundo Contempor\u00e1nea (desde la Primera Guerra Mundial hasta el fin de la Guerra Fr\u00eda)<\/li>\n<li>Historia de Espa\u00f1a (desde la Hispania romana hasta hoy)<\/li>\n<li>Materiales para Historia de 4\u00ba de ESO del Ministerio de Educaci\u00f3n (Educaci\u00f3n a distancia)<\/li>\n<li>Historia de la Uni\u00f3n Europea<\/li>\n<li>Historia de las mujeres<\/li>\n<li>Ofrece una interesante coleci\u00f3n de mapas hist\u00f3ricos, im\u00e1genes y fotograf\u00edas, gr\u00e1ficos y estad\u00edsticas, ejercicios interactivos&#8230;<\/li>\n<li>Colecci\u00f3n de enlaces Web (propios y de otros sitios Web)<\/li>\n<\/ul>\n","protected":false},"excerpt":{"rendered":"<p>Historia del siglo XX es un portal muy \u00fatil para las clases de Bachillerato y, tambi\u00e9n ofrece recursos que se pueden adaptar\u00a0para llos cursos de\u00a0ESO. Esta mantenido por Juan Carlos Oca\u00f1a. Las principales secciones de este sitio Web son: Historia del Mundo Contempor\u00e1nea (desde la Primera Guerra Mundial hasta el &#8230; <a class=\"continue-reading-link\" href=\"https:\/\/wp.catedu.es\/geohistoria\/historia-del-siglo-xx\/\"> Continue reading<\/a><\/p>\n","protected":false},"author":143,"featured_media":0,"parent":0,"menu_order":0,"comment_status":"closed","ping_status":"closed","template":"","meta":{"footnotes":""},"class_list":["post-163","page","type-page","status-publish","hentry"],"_links":{"self":[{"href":"https:\/\/wp.catedu.es\/geohistoria\/wp-json\/wp\/v2\/pages\/163","targetHints":{"allow":["GET"]}}],"collection":[{"href":"https:\/\/wp.catedu.es\/geohistoria\/wp-json\/wp\/v2\/pages"}],"about":[{"href":"https:\/\/wp.catedu.es\/geohistoria\/wp-json\/wp\/v2\/types\/page"}],"author":[{"embeddable":true,"href":"https:\/\/wp.catedu.es\/geohistoria\/wp-json\/wp\/v2\/users\/143"}],"replies":[{"embeddable":true,"href":"https:\/\/wp.catedu.es\/geohistoria\/wp-json\/wp\/v2\/comments?post=163"}],"version-history":[{"count":1,"href":"https:\/\/wp.catedu.es\/geohistoria\/wp-json\/wp\/v2\/pages\/163\/revisions"}],"predecessor-version":[{"id":165,"href":"https:\/\/wp.catedu.es\/geohistoria\/wp-json\/wp\/v2\/pages\/163\/revisions\/165"}],"wp:attachment":[{"href":"https:\/\/wp.catedu.es\/geohistoria\/wp-json\/wp\/v2\/media?parent=163"}],"curies":[{"name":"wp","href":"https:\/\/api.w.org\/{rel}","templated":true}]}}