{"id":169,"date":"2017-03-24T19:58:01","date_gmt":"2017-03-24T18:58:01","guid":{"rendered":"http:\/\/wp.catedu.es\/geohistoria\/?page_id=169"},"modified":"2017-03-24T20:36:31","modified_gmt":"2017-03-24T19:36:31","slug":"169-2","status":"publish","type":"page","link":"https:\/\/wp.catedu.es\/geohistoria\/169-2\/","title":{"rendered":"Historia-Almendr\u00f3n"},"content":{"rendered":"<p><a href=\"https:\/\/www.almendron.com\/artehistoria\/historia-de-espana\/\" target=\"_blank\"><img loading=\"lazy\" decoding=\"async\" class=\"size-full wp-image-52 aligncenter\" src=\"http:\/\/wp.catedu.es\/geohistoria\/wp-content\/uploads\/sites\/77\/2017\/03\/almendron.jpg\" alt=\"almendron\" width=\"785\" height=\"133\" srcset=\"https:\/\/wp.catedu.es\/geohistoria\/wp-content\/uploads\/sites\/77\/2017\/03\/almendron.jpg 785w, https:\/\/wp.catedu.es\/geohistoria\/wp-content\/uploads\/sites\/77\/2017\/03\/almendron-300x51.jpg 300w, https:\/\/wp.catedu.es\/geohistoria\/wp-content\/uploads\/sites\/77\/2017\/03\/almendron-768x130.jpg 768w, https:\/\/wp.catedu.es\/geohistoria\/wp-content\/uploads\/sites\/77\/2017\/03\/almendron-250x42.jpg 250w, https:\/\/wp.catedu.es\/geohistoria\/wp-content\/uploads\/sites\/77\/2017\/03\/almendron-150x25.jpg 150w\" sizes=\"auto, (max-width: 785px) 100vw, 785px\" \/><\/a><\/p>\n<p>Almendron.com, es un\u00a0 sitio Web en el que aporta interesantes p\u00e1ginas sobre estudios de Historia de Espa\u00f1a y, de manera especial, sobre\u00a0la Historia del Arte. Los temas de Historia de Espa\u00f1a se organizan por etapas hist\u00f3ricas: Prehistoria (de la que, de momento, no hay trabajos), historia antigua, medieval, moderna y contempor\u00e1nea.<\/p>\n<p>En cada \u00e9poca hist\u00f3rica se incluyen estudios monogr\u00e1ficos, es la etapa de historia contempor\u00e1nea la que cuenta con m\u00e1s trabajos. Para acceder a la secci\u00f3n de Historia pulsa <a href=\"http:\/\/www.almendron.com\/historia\/historia.htm\" target=\"_blank\"><strong>AQU\u00cd<\/strong><\/a> o en la imagen superior.<\/p>\n","protected":false},"excerpt":{"rendered":"<p>Almendron.com, es un\u00a0 sitio Web en el que aporta interesantes p\u00e1ginas sobre estudios de Historia de Espa\u00f1a y, de manera especial, sobre\u00a0la Historia del Arte. Los temas de Historia de Espa\u00f1a se organizan por etapas hist\u00f3ricas: Prehistoria (de la que, de momento, no hay trabajos), historia antigua, medieval, moderna y &#8230; <a class=\"continue-reading-link\" href=\"https:\/\/wp.catedu.es\/geohistoria\/169-2\/\"> Continue reading<\/a><\/p>\n","protected":false},"author":143,"featured_media":0,"parent":0,"menu_order":0,"comment_status":"closed","ping_status":"closed","template":"","meta":{"footnotes":""},"class_list":["post-169","page","type-page","status-publish","hentry"],"_links":{"self":[{"href":"https:\/\/wp.catedu.es\/geohistoria\/wp-json\/wp\/v2\/pages\/169","targetHints":{"allow":["GET"]}}],"collection":[{"href":"https:\/\/wp.catedu.es\/geohistoria\/wp-json\/wp\/v2\/pages"}],"about":[{"href":"https:\/\/wp.catedu.es\/geohistoria\/wp-json\/wp\/v2\/types\/page"}],"author":[{"embeddable":true,"href":"https:\/\/wp.catedu.es\/geohistoria\/wp-json\/wp\/v2\/users\/143"}],"replies":[{"embeddable":true,"href":"https:\/\/wp.catedu.es\/geohistoria\/wp-json\/wp\/v2\/comments?post=169"}],"version-history":[{"count":2,"href":"https:\/\/wp.catedu.es\/geohistoria\/wp-json\/wp\/v2\/pages\/169\/revisions"}],"predecessor-version":[{"id":181,"href":"https:\/\/wp.catedu.es\/geohistoria\/wp-json\/wp\/v2\/pages\/169\/revisions\/181"}],"wp:attachment":[{"href":"https:\/\/wp.catedu.es\/geohistoria\/wp-json\/wp\/v2\/media?parent=169"}],"curies":[{"name":"wp","href":"https:\/\/api.w.org\/{rel}","templated":true}]}}