{"id":179,"date":"2017-03-24T20:33:46","date_gmt":"2017-03-24T19:33:46","guid":{"rendered":"http:\/\/wp.catedu.es\/geohistoria\/?page_id=179"},"modified":"2017-03-29T19:19:26","modified_gmt":"2017-03-29T18:19:26","slug":"otras-web","status":"publish","type":"page","link":"https:\/\/wp.catedu.es\/geohistoria\/otras-web\/","title":{"rendered":"Otras Web"},"content":{"rendered":"<p>Otros sitios Web interesantes para el trabajo de la Historia:<\/p>\n<ul>\n<li><strong><a href=\"http:\/\/www.pedrocolmenero.es\/\" target=\"_blank\">La p\u00e1gina de Pedro Colmenero<\/a><\/strong>; Sitio Web con recursos para todas las materias de Geograf\u00eda e Historia de Educaci\u00f3n Secundaria, desde los cuatro niveles de ESO hasta las materias de Bachillerato (Historia del Mundo Contempor\u00e1neo, Historia de Espa\u00f1a e Historia del Arte)<\/li>\n<li><a href=\"http:\/\/educahistoria.com\/\" target=\"_blank\"><strong>EducaHistoria<\/strong><\/a>: p\u00e1gina con recursos gr\u00e1ficos, reflexiones sobre la \u00a0Historia y su ense\u00f1anza, an\u00e9cdotas, etc.<\/li>\n<li><strong><a href=\"http:\/\/clio.rediris.es\/index.html\" target=\"_blank\">Proyecto Clio<\/a><\/strong> es una revista digital con varias secciones:\n<ul>\n<li>Un portal con accesos a un secci\u00f3n llamada \u00abEn clase de Historia\u00bb que ofrece mapas hist\u00f3ricos y propuestas did\u00e1cticas. Monogr\u00e1ficos y una secci\u00f3n dedicada a la Historia del Arte.<\/li>\n<li>Blog, agenda de acontecimientos did\u00e1cticos, perfil en Facebook, v\u00eddeos..<\/li>\n<\/ul>\n<\/li>\n<li><strong><a href=\"http:\/\/www.cervantesvirtual.com\/portales\/historia\/\" target=\"_blank\">Biblioteca Virtual Cervantes<\/a>:<\/strong> El \u00c1rea de Historia de la Biblioteca Virtual Miguel de Cervantes alberga un importante cat\u00e1logo de <strong>autores<\/strong>, <strong>t\u00edtulos<\/strong>, <strong>personajes<\/strong>, <strong>temas<\/strong> y otros materiales, como <strong>estudios cr\u00edticos<\/strong>, <strong>publicaciones peri\u00f3dicas<\/strong>, <strong>tesis doctorales<\/strong>, <strong>fondos documentales de archivos<\/strong>, <strong>audios<\/strong> y <strong>v\u00eddeos<\/strong> sobre los distintos per\u00edodos hist\u00f3ricos, desde la Antig\u00fcedad cl\u00e1sica a la \u00e9poca contempor\u00e1nea en el \u00e1mbito de las Humanidades y las Ciencias Sociales. En los diferentes portales se puede consultar un amplio elenco de recursos como cronolog\u00edas, bibliograf\u00edas, <strong>galer\u00edas de im\u00e1genes<\/strong> y enlaces de inter\u00e9s.<\/li>\n<\/ul>\n<hr \/>\n<p>De inter\u00e9s pueden ser tambi\u00e9n los siguientes directorios con enlaces:<\/p>\n<ul>\n<li>Desde <strong><a href=\"http:\/\/www.educaguia.com\/Historia.asp\" target=\"_blank\">Educagu\u00eda<\/a> <\/strong>se muestra una completa relaci\u00f3n de p\u00e1ginas en las que se pueden encontrar sitios Web de geograf\u00eda, historia e historia del arte.<\/li>\n<li><strong><a href=\"http:\/\/perso.wanadoo.es\/gesu\/index.htm\" target=\"_blank\">Recursos en Internet<\/a><\/strong> complilados por Jes\u00fas \u00c1ngel Saz, ofrece un completo listado de enlaces organizados por directorio de recursos generales, por etapas hist\u00f3ricas y enlaces a materiales (archivos, atlas, textos, im\u00e1genes)<\/li>\n<\/ul>\n<p>&nbsp;<\/p>\n","protected":false},"excerpt":{"rendered":"<p>Otros sitios Web interesantes para el trabajo de la Historia: La p\u00e1gina de Pedro Colmenero; Sitio Web con recursos para todas las materias de Geograf\u00eda e Historia de Educaci\u00f3n Secundaria, desde los cuatro niveles de ESO hasta las materias de Bachillerato (Historia del Mundo Contempor\u00e1neo, Historia de Espa\u00f1a e Historia &#8230; <a class=\"continue-reading-link\" href=\"https:\/\/wp.catedu.es\/geohistoria\/otras-web\/\"> Continue reading<\/a><\/p>\n","protected":false},"author":143,"featured_media":0,"parent":0,"menu_order":0,"comment_status":"closed","ping_status":"closed","template":"","meta":{"footnotes":""},"class_list":["post-179","page","type-page","status-publish","hentry"],"_links":{"self":[{"href":"https:\/\/wp.catedu.es\/geohistoria\/wp-json\/wp\/v2\/pages\/179","targetHints":{"allow":["GET"]}}],"collection":[{"href":"https:\/\/wp.catedu.es\/geohistoria\/wp-json\/wp\/v2\/pages"}],"about":[{"href":"https:\/\/wp.catedu.es\/geohistoria\/wp-json\/wp\/v2\/types\/page"}],"author":[{"embeddable":true,"href":"https:\/\/wp.catedu.es\/geohistoria\/wp-json\/wp\/v2\/users\/143"}],"replies":[{"embeddable":true,"href":"https:\/\/wp.catedu.es\/geohistoria\/wp-json\/wp\/v2\/comments?post=179"}],"version-history":[{"count":3,"href":"https:\/\/wp.catedu.es\/geohistoria\/wp-json\/wp\/v2\/pages\/179\/revisions"}],"predecessor-version":[{"id":398,"href":"https:\/\/wp.catedu.es\/geohistoria\/wp-json\/wp\/v2\/pages\/179\/revisions\/398"}],"wp:attachment":[{"href":"https:\/\/wp.catedu.es\/geohistoria\/wp-json\/wp\/v2\/media?parent=179"}],"curies":[{"name":"wp","href":"https:\/\/api.w.org\/{rel}","templated":true}]}}