{"id":192,"date":"2017-03-24T20:49:22","date_gmt":"2017-03-24T19:49:22","guid":{"rendered":"http:\/\/wp.catedu.es\/geohistoria\/?page_id=192"},"modified":"2017-03-24T20:49:22","modified_gmt":"2017-03-24T19:49:22","slug":"cartoteca-de-kairos","status":"publish","type":"page","link":"https:\/\/wp.catedu.es\/geohistoria\/cartoteca-de-kairos\/","title":{"rendered":"Cartoteca de Kairos"},"content":{"rendered":"<p>La p\u00e1gina KAIROS del Ministerio de Educaci\u00f3n nos ofrece una valiosa colecci\u00f3n de mapas hist\u00f3ricos, ordenados por estudios (ya sea de Bachillerato o de ESO) y por etapas hist\u00f3ricas.<\/p>\n<p>Para acceder pulsa <a href=\"http:\/\/recursostic.educacion.es\/kairos\/web\/mediateca\/cartoteca\/cartoteca.html\" target=\"_blank\"><strong>AQU\u00cd<\/strong><\/a> o en la imagen inferior<\/p>\n<p><a href=\"http:\/\/recursostic.educacion.es\/kairos\/web\/mediateca\/cartoteca\/cartoteca.html\" target=\"_blank\"><img loading=\"lazy\" decoding=\"async\" class=\"size-full wp-image-193 aligncenter\" src=\"http:\/\/wp.catedu.es\/geohistoria\/wp-content\/uploads\/sites\/77\/2017\/03\/kairos-mapas.jpg\" alt=\"kairos-mapas\" width=\"620\" height=\"208\" srcset=\"https:\/\/wp.catedu.es\/geohistoria\/wp-content\/uploads\/sites\/77\/2017\/03\/kairos-mapas.jpg 620w, https:\/\/wp.catedu.es\/geohistoria\/wp-content\/uploads\/sites\/77\/2017\/03\/kairos-mapas-300x101.jpg 300w, https:\/\/wp.catedu.es\/geohistoria\/wp-content\/uploads\/sites\/77\/2017\/03\/kairos-mapas-150x50.jpg 150w\" sizes=\"auto, (max-width: 620px) 100vw, 620px\" \/><\/a><\/p>\n<p>Tambi\u00e9n se puede acceder a diferentes mapas hist\u00f3ricos desde el <a href=\"http:\/\/recursostic.educacion.es\/bancoimagenes\/web\/\" target=\"_blank\"><strong>Banco<\/strong><strong> de Sonidos e Im\u00e1genes<\/strong> <\/a>del Ministerio de Educaci\u00f3n. Desde el buscador introduciremos los criterios de b\u00fasqueda y tendremos acceso a mapas que complementan los ofrecidos en la mediateca de Kairos.<\/p>\n<p>Puedes acceder desde el v\u00ednculo anterior o desde esta imagen:<\/p>\n<p><a href=\"http:\/\/recursostic.educacion.es\/bancoimagenes\/web\/\" target=\"_blank\"><img loading=\"lazy\" decoding=\"async\" class=\"size-full wp-image-194 aligncenter\" src=\"http:\/\/wp.catedu.es\/geohistoria\/wp-content\/uploads\/sites\/77\/2017\/03\/bancoimagenes_mec.jpg\" alt=\"bancoimagenes_mec\" width=\"539\" height=\"171\" srcset=\"https:\/\/wp.catedu.es\/geohistoria\/wp-content\/uploads\/sites\/77\/2017\/03\/bancoimagenes_mec.jpg 539w, https:\/\/wp.catedu.es\/geohistoria\/wp-content\/uploads\/sites\/77\/2017\/03\/bancoimagenes_mec-300x95.jpg 300w, https:\/\/wp.catedu.es\/geohistoria\/wp-content\/uploads\/sites\/77\/2017\/03\/bancoimagenes_mec-150x48.jpg 150w\" sizes=\"auto, (max-width: 539px) 100vw, 539px\" \/><\/a><\/p>\n","protected":false},"excerpt":{"rendered":"<p>La p\u00e1gina KAIROS del Ministerio de Educaci\u00f3n nos ofrece una valiosa colecci\u00f3n de mapas hist\u00f3ricos, ordenados por estudios (ya sea de Bachillerato o de ESO) y por etapas hist\u00f3ricas. Para acceder pulsa AQU\u00cd o en la imagen inferior Tambi\u00e9n se puede acceder a diferentes mapas hist\u00f3ricos desde el Banco de &#8230; <a class=\"continue-reading-link\" href=\"https:\/\/wp.catedu.es\/geohistoria\/cartoteca-de-kairos\/\"> Continue reading<\/a><\/p>\n","protected":false},"author":143,"featured_media":0,"parent":0,"menu_order":0,"comment_status":"closed","ping_status":"closed","template":"","meta":{"footnotes":""},"class_list":["post-192","page","type-page","status-publish","hentry"],"_links":{"self":[{"href":"https:\/\/wp.catedu.es\/geohistoria\/wp-json\/wp\/v2\/pages\/192","targetHints":{"allow":["GET"]}}],"collection":[{"href":"https:\/\/wp.catedu.es\/geohistoria\/wp-json\/wp\/v2\/pages"}],"about":[{"href":"https:\/\/wp.catedu.es\/geohistoria\/wp-json\/wp\/v2\/types\/page"}],"author":[{"embeddable":true,"href":"https:\/\/wp.catedu.es\/geohistoria\/wp-json\/wp\/v2\/users\/143"}],"replies":[{"embeddable":true,"href":"https:\/\/wp.catedu.es\/geohistoria\/wp-json\/wp\/v2\/comments?post=192"}],"version-history":[{"count":1,"href":"https:\/\/wp.catedu.es\/geohistoria\/wp-json\/wp\/v2\/pages\/192\/revisions"}],"predecessor-version":[{"id":195,"href":"https:\/\/wp.catedu.es\/geohistoria\/wp-json\/wp\/v2\/pages\/192\/revisions\/195"}],"wp:attachment":[{"href":"https:\/\/wp.catedu.es\/geohistoria\/wp-json\/wp\/v2\/media?parent=192"}],"curies":[{"name":"wp","href":"https:\/\/api.w.org\/{rel}","templated":true}]}}