{"id":196,"date":"2017-03-24T20:57:45","date_gmt":"2017-03-24T19:57:45","guid":{"rendered":"http:\/\/wp.catedu.es\/geohistoria\/?page_id=196"},"modified":"2017-03-24T20:57:45","modified_gmt":"2017-03-24T19:57:45","slug":"mas-mapas","status":"publish","type":"page","link":"https:\/\/wp.catedu.es\/geohistoria\/mas-mapas\/","title":{"rendered":"M\u00e1s mapas"},"content":{"rendered":"<p>Muchas de las p\u00e1ginas vistas en apartados anteriores ofrecen algunos mapas hist\u00f3ricos o apartados espec\u00edficos. Aqu\u00ed vamos a mostrar algunas p\u00e1ginas que muestran colecciones de mapas hist\u00f3ricos que podemos utilizar para preparar materiales o pedir trabajos.<\/p>\n<ul>\n<li>El CATEDU ofrece una colecci\u00f3n de <strong>mapas animados de Historia<\/strong>, que, por el momento, abarca un per\u00edodo comprendido desde la Prehistoria hasta el siglo XVI. Son un conjunto de mapas interactivos, ordenados por etapas hist\u00f3ricas y que cuentan con una gu\u00eda de uso (para profesores y alumnos), textos, actividades de evaluaci\u00f3n y la opci\u00f3n de descargar, en formato pdf, mapas mudos. Puedes acceder desde <strong><a href=\"http:\/\/catedu.es\/mapasdehistoria\/\" target=\"_blank\">AQU\u00cd <\/a><\/strong>o clicando en la imagen inferior.<\/li>\n<\/ul>\n<p><a href=\"http:\/\/mapasdehistoria.ftp.catedu.es\/\" target=\"_blank\"><img loading=\"lazy\" decoding=\"async\" class=\"size-full wp-image-197 aligncenter\" src=\"http:\/\/wp.catedu.es\/geohistoria\/wp-content\/uploads\/sites\/77\/2017\/03\/mapas_animados.jpg\" alt=\"mapas_animados\" width=\"650\" height=\"135\" srcset=\"https:\/\/wp.catedu.es\/geohistoria\/wp-content\/uploads\/sites\/77\/2017\/03\/mapas_animados.jpg 650w, https:\/\/wp.catedu.es\/geohistoria\/wp-content\/uploads\/sites\/77\/2017\/03\/mapas_animados-300x62.jpg 300w, https:\/\/wp.catedu.es\/geohistoria\/wp-content\/uploads\/sites\/77\/2017\/03\/mapas_animados-150x31.jpg 150w\" sizes=\"auto, (max-width: 650px) 100vw, 650px\" \/><\/a><\/p>\n<ul>\n<li>El IES Sabuco muestra una colecci\u00f3n de mapas de <a href=\"http:\/\/perseo.sabuco.com\/historia\/atlas%20hespana.htm\" target=\"_blank\">Historia de Espa\u00f1a<\/a>\u00a0(desde la Espa\u00f1a prerromana hasta la Guerra Civil)\u00a0y otra desde la <a href=\"http:\/\/bachiller.sabuco.com\/historia\/atlas1.htm\" target=\"_blank\">revoluci\u00f3n francesa hasta la unificaci\u00f3n de Alemania<\/a><\/li>\n<li>La colecci\u00f3n de <a href=\"http:\/\/www.lib.utexas.edu\/maps\/historical\/index.html\">mapas Perry-Casta\u00f1eda<\/a> de la universidad de Texas. Mapas, en ingl\u00e9s, organizados por apartados:\n<ul>\n<li>Mapas hist\u00f3ricos del Mundo y mapas hist\u00f3ricos por continentes (\u00c1frica, Europa, As\u00eda, Oriente Medio, Rusia, etc.) de una buena resoluci\u00f3n.<\/li>\n<li>Ofrece enlaces a otras p\u00e1ginas Web<\/li>\n<\/ul>\n<\/li>\n<\/ul>\n<p><a href=\"http:\/\/www.lib.utexas.edu\/maps\/historical\/index.html\" target=\"_blank\"><img loading=\"lazy\" decoding=\"async\" class=\"size-full wp-image-199 aligncenter\" src=\"http:\/\/wp.catedu.es\/geohistoria\/wp-content\/uploads\/sites\/77\/2017\/03\/perry-1.jpg\" alt=\"perry\" width=\"700\" height=\"133\" srcset=\"https:\/\/wp.catedu.es\/geohistoria\/wp-content\/uploads\/sites\/77\/2017\/03\/perry-1.jpg 700w, https:\/\/wp.catedu.es\/geohistoria\/wp-content\/uploads\/sites\/77\/2017\/03\/perry-1-300x57.jpg 300w, https:\/\/wp.catedu.es\/geohistoria\/wp-content\/uploads\/sites\/77\/2017\/03\/perry-1-150x29.jpg 150w\" sizes=\"auto, (max-width: 700px) 100vw, 700px\" \/><\/a><\/p>\n<p>Sobre <strong>Historia Contempor\u00e1nea<\/strong> dos p\u00e1ginas:<\/p>\n<ul>\n<li><a href=\"http:\/\/www.historiasiglo20.org\/MAPA\/index.htm\" target=\"_blank\">Historia del siglo XX<\/a> tiene un apartado espec\u00edfico de mapas hist\u00f3ricos que abarcan desde 1870 hasta el a\u00f1o 2000<\/li>\n<li><a href=\"http:\/\/www.atlas-historique.net\/\" target=\"_blank\">Atlas historique<\/a> (en franc\u00e9s), abarca desde comienzos del siglo XIX hasta el siglo XX<\/li>\n<\/ul>\n<p>Por \u00faltimo la <a href=\"http:\/\/hispanianova.rediris.es\/enlaces\/hn0706c.htm\" target=\"_blank\">Revista Hispania Nova<\/a> muestra una abundante relaci\u00f3n de enlaces a p\u00e1ginas con mapas hist\u00f3ricos de todo el mundo.<\/p>\n","protected":false},"excerpt":{"rendered":"<p>Muchas de las p\u00e1ginas vistas en apartados anteriores ofrecen algunos mapas hist\u00f3ricos o apartados espec\u00edficos. Aqu\u00ed vamos a mostrar algunas p\u00e1ginas que muestran colecciones de mapas hist\u00f3ricos que podemos utilizar para preparar materiales o pedir trabajos. El CATEDU ofrece una colecci\u00f3n de mapas animados de Historia, que, por el momento, &#8230; <a class=\"continue-reading-link\" href=\"https:\/\/wp.catedu.es\/geohistoria\/mas-mapas\/\"> Continue reading<\/a><\/p>\n","protected":false},"author":143,"featured_media":0,"parent":0,"menu_order":0,"comment_status":"closed","ping_status":"closed","template":"","meta":{"footnotes":""},"class_list":["post-196","page","type-page","status-publish","hentry"],"_links":{"self":[{"href":"https:\/\/wp.catedu.es\/geohistoria\/wp-json\/wp\/v2\/pages\/196","targetHints":{"allow":["GET"]}}],"collection":[{"href":"https:\/\/wp.catedu.es\/geohistoria\/wp-json\/wp\/v2\/pages"}],"about":[{"href":"https:\/\/wp.catedu.es\/geohistoria\/wp-json\/wp\/v2\/types\/page"}],"author":[{"embeddable":true,"href":"https:\/\/wp.catedu.es\/geohistoria\/wp-json\/wp\/v2\/users\/143"}],"replies":[{"embeddable":true,"href":"https:\/\/wp.catedu.es\/geohistoria\/wp-json\/wp\/v2\/comments?post=196"}],"version-history":[{"count":1,"href":"https:\/\/wp.catedu.es\/geohistoria\/wp-json\/wp\/v2\/pages\/196\/revisions"}],"predecessor-version":[{"id":200,"href":"https:\/\/wp.catedu.es\/geohistoria\/wp-json\/wp\/v2\/pages\/196\/revisions\/200"}],"wp:attachment":[{"href":"https:\/\/wp.catedu.es\/geohistoria\/wp-json\/wp\/v2\/media?parent=196"}],"curies":[{"name":"wp","href":"https:\/\/api.w.org\/{rel}","templated":true}]}}