{"id":209,"date":"2017-03-25T19:48:52","date_gmt":"2017-03-25T18:48:52","guid":{"rendered":"http:\/\/wp.catedu.es\/geohistoria\/?page_id=209"},"modified":"2017-03-25T20:02:50","modified_gmt":"2017-03-25T19:02:50","slug":"geografia-mec","status":"publish","type":"page","link":"https:\/\/wp.catedu.es\/geohistoria\/geografia-mec\/","title":{"rendered":"Geograf\u00eda- MEC"},"content":{"rendered":"<p>Para el estudio de la Geograf\u00eda tres interesantes recursos:<\/p>\n<ul>\n<li><strong><a href=\"http:\/\/wp.catedu.es\/geohistoria\/sextante\/\">Proyecto Sextante<\/a><\/strong><\/li>\n<li>Libro interactivo correspondiente al proyecto <strong>ed@d<\/strong>, editado por el Ministerio de Educaci\u00f3n. Por el momento est\u00e1 disponible\n<ul>\n<li><strong><a href=\"http:\/\/wp.catedu.es\/geohistoria\/geomec\/\">Geograf\u00eda\u00a0 de 3\u00ba de ESO<\/a><\/strong><\/li>\n<\/ul>\n<\/li>\n<li>Aunque se corresponda con el \u00e1rea de Ciencias de la Naturaleza, el <a href=\"http:\/\/wp.catedu.es\/geohistoria\/biosfera\/\"><strong>proyecto Biosfera<\/strong><\/a>, ofrece unidades tem\u00e1ticas que se corresponden con el temario de 1\u00ba\u00a0de ESO<\/li>\n<\/ul>\n<p>Clicando sobre los enlaces de\u00a0estas p\u00e1ginas se accede a\u00a0las caracter\u00edsticas de estos portales.<\/p>\n","protected":false},"excerpt":{"rendered":"<p>Para el estudio de la Geograf\u00eda tres interesantes recursos: Proyecto Sextante Libro interactivo correspondiente al proyecto ed@d, editado por el Ministerio de Educaci\u00f3n. Por el momento est\u00e1 disponible Geograf\u00eda\u00a0 de 3\u00ba de ESO Aunque se corresponda con el \u00e1rea de Ciencias de la Naturaleza, el proyecto Biosfera, ofrece unidades tem\u00e1ticas &#8230; <a class=\"continue-reading-link\" href=\"https:\/\/wp.catedu.es\/geohistoria\/geografia-mec\/\"> Continue reading<\/a><\/p>\n","protected":false},"author":143,"featured_media":0,"parent":0,"menu_order":0,"comment_status":"closed","ping_status":"closed","template":"","meta":{"footnotes":""},"class_list":["post-209","page","type-page","status-publish","hentry"],"_links":{"self":[{"href":"https:\/\/wp.catedu.es\/geohistoria\/wp-json\/wp\/v2\/pages\/209","targetHints":{"allow":["GET"]}}],"collection":[{"href":"https:\/\/wp.catedu.es\/geohistoria\/wp-json\/wp\/v2\/pages"}],"about":[{"href":"https:\/\/wp.catedu.es\/geohistoria\/wp-json\/wp\/v2\/types\/page"}],"author":[{"embeddable":true,"href":"https:\/\/wp.catedu.es\/geohistoria\/wp-json\/wp\/v2\/users\/143"}],"replies":[{"embeddable":true,"href":"https:\/\/wp.catedu.es\/geohistoria\/wp-json\/wp\/v2\/comments?post=209"}],"version-history":[{"count":3,"href":"https:\/\/wp.catedu.es\/geohistoria\/wp-json\/wp\/v2\/pages\/209\/revisions"}],"predecessor-version":[{"id":221,"href":"https:\/\/wp.catedu.es\/geohistoria\/wp-json\/wp\/v2\/pages\/209\/revisions\/221"}],"wp:attachment":[{"href":"https:\/\/wp.catedu.es\/geohistoria\/wp-json\/wp\/v2\/media?parent=209"}],"curies":[{"name":"wp","href":"https:\/\/api.w.org\/{rel}","templated":true}]}}