{"id":239,"date":"2017-03-25T20:30:23","date_gmt":"2017-03-25T19:30:23","guid":{"rendered":"http:\/\/wp.catedu.es\/geohistoria\/?page_id=239"},"modified":"2020-08-09T15:44:29","modified_gmt":"2020-08-09T14:44:29","slug":"geopress","status":"publish","type":"page","link":"https:\/\/wp.catedu.es\/geohistoria\/geopress\/","title":{"rendered":"Geopress"},"content":{"rendered":"<p><a href=\"http:\/\/recursosccss.ftp.catedu.es\/geopress\/index.html\" target=\"_blank\" rel=\"noopener noreferrer\"><img loading=\"lazy\" decoding=\"async\" class=\"aligncenter wp-image-240 size-full\" src=\"http:\/\/wp.catedu.es\/geohistoria\/wp-content\/uploads\/sites\/77\/2017\/03\/geopress.jpg\" alt=\"geopress\" width=\"620\" height=\"105\" srcset=\"https:\/\/wp.catedu.es\/geohistoria\/wp-content\/uploads\/sites\/77\/2017\/03\/geopress.jpg 620w, https:\/\/wp.catedu.es\/geohistoria\/wp-content\/uploads\/sites\/77\/2017\/03\/geopress-300x51.jpg 300w, https:\/\/wp.catedu.es\/geohistoria\/wp-content\/uploads\/sites\/77\/2017\/03\/geopress-150x25.jpg 150w\" sizes=\"auto, (max-width: 620px) 100vw, 620px\" \/><\/a><\/p>\n<p>Se trata de una nueva edici\u00f3n del libro digital de Geograf\u00eda para alumnos de bachillerato. Es un proyecto abierto a la participaci\u00f3n, en la que registr\u00e1ndose, se pueden aportar materiales, participar en la Wiki, etc. Para acceder pulsa <a href=\"http:\/\/recursosccss.ftp.catedu.es\/geopress\/index.html\" target=\"_blank\" rel=\"noopener noreferrer\"><strong>AQU\u00cd<\/strong><\/a> o sobre la imagen superior.<\/p>\n<p><a href=\"http:\/\/recursosccss.ftp.catedu.es\/geopress\/index.html\" target=\"_blank\" rel=\"noopener noreferrer\"><img loading=\"lazy\" decoding=\"async\" class=\"alignleft wp-image-241 size-full\" src=\"http:\/\/wp.catedu.es\/geohistoria\/wp-content\/uploads\/sites\/77\/2017\/03\/geopress_indice.jpg\" alt=\"geopress_indice\" width=\"159\" height=\"623\" srcset=\"https:\/\/wp.catedu.es\/geohistoria\/wp-content\/uploads\/sites\/77\/2017\/03\/geopress_indice.jpg 159w, https:\/\/wp.catedu.es\/geohistoria\/wp-content\/uploads\/sites\/77\/2017\/03\/geopress_indice-89x350.jpg 89w, https:\/\/wp.catedu.es\/geohistoria\/wp-content\/uploads\/sites\/77\/2017\/03\/geopress_indice-38x150.jpg 38w\" sizes=\"auto, (max-width: 159px) 100vw, 159px\" \/><\/a><\/p>\n<p>Estos materiales est\u00e1n pensados para que los utilicen los profesores y\u00a0alumnos. Se incluyen:<\/p>\n<ul>\n<li>Un libro para el profesor<\/li>\n<li>Una propuesta libro para los alumnos<\/li>\n<li>Una wiki privada en la que, de forma colaborativa, intentaremos ir elaborando un conjunto de contenidos que formar\u00e1n el libro global para los alumnos<\/li>\n<li>Un conjunto amplio de actividades y ejercicios pr\u00e1cticos<\/li>\n<li>Materiales para utilizar en el aula<\/li>\n<li>Materiales complementarios, que no tienen que ver con el curr\u00edculo, pero pueden resultar de inter\u00e9s did\u00e1ctico o como instrumentos para profundizar o ayudar a comprender los contenidos del temario<\/li>\n<li>Un conjunto de enlaces de alto inter\u00e9s<\/li>\n<\/ul>\n<p>En la imagen izquierda tienes el men\u00fa de contenidos que se desarrolla en esta web.<\/p>\n<p>Tambi\u00e9n ofrece una secci\u00f3n de noticias y una serie de enlaces a diversos atlas geogr\u00e1ficos.<\/p>\n","protected":false},"excerpt":{"rendered":"<p>Se trata de una nueva edici\u00f3n del libro digital de Geograf\u00eda para alumnos de bachillerato. Es un proyecto abierto a la participaci\u00f3n, en la que registr\u00e1ndose, se pueden aportar materiales, participar en la Wiki, etc. Para acceder pulsa AQU\u00cd o sobre la imagen superior. Estos materiales est\u00e1n pensados para que &#8230; <a class=\"continue-reading-link\" href=\"https:\/\/wp.catedu.es\/geohistoria\/geopress\/\"> Continue reading<\/a><\/p>\n","protected":false},"author":143,"featured_media":0,"parent":0,"menu_order":0,"comment_status":"closed","ping_status":"closed","template":"","meta":{"footnotes":""},"class_list":["post-239","page","type-page","status-publish","hentry"],"_links":{"self":[{"href":"https:\/\/wp.catedu.es\/geohistoria\/wp-json\/wp\/v2\/pages\/239","targetHints":{"allow":["GET"]}}],"collection":[{"href":"https:\/\/wp.catedu.es\/geohistoria\/wp-json\/wp\/v2\/pages"}],"about":[{"href":"https:\/\/wp.catedu.es\/geohistoria\/wp-json\/wp\/v2\/types\/page"}],"author":[{"embeddable":true,"href":"https:\/\/wp.catedu.es\/geohistoria\/wp-json\/wp\/v2\/users\/143"}],"replies":[{"embeddable":true,"href":"https:\/\/wp.catedu.es\/geohistoria\/wp-json\/wp\/v2\/comments?post=239"}],"version-history":[{"count":3,"href":"https:\/\/wp.catedu.es\/geohistoria\/wp-json\/wp\/v2\/pages\/239\/revisions"}],"predecessor-version":[{"id":463,"href":"https:\/\/wp.catedu.es\/geohistoria\/wp-json\/wp\/v2\/pages\/239\/revisions\/463"}],"wp:attachment":[{"href":"https:\/\/wp.catedu.es\/geohistoria\/wp-json\/wp\/v2\/media?parent=239"}],"curies":[{"name":"wp","href":"https:\/\/api.w.org\/{rel}","templated":true}]}}