{"id":244,"date":"2017-03-25T20:36:00","date_gmt":"2017-03-25T19:36:00","guid":{"rendered":"http:\/\/wp.catedu.es\/geohistoria\/?page_id=244"},"modified":"2020-07-25T18:53:55","modified_gmt":"2020-07-25T17:53:55","slug":"geografia-sies-galicum","status":"publish","type":"page","link":"https:\/\/wp.catedu.es\/geohistoria\/geografia-sies-galicum\/","title":{"rendered":"Geograf\u00eda- IES Villanueva"},"content":{"rendered":"<p>Desde el <a href=\"http:\/\/esquemasgeohistoria.ftp.catedu.es\/\" target=\"_blank\" rel=\"noopener noreferrer\">Departamento de Geograf\u00eda e Historia del IES de Villanueva<\/a>\u00a0se ofrece una p\u00e1gina con\u00a0recursos para los cuatro cursos de ESO, La Historia del Mundo Contempor\u00e1neo de 1\u00ba de Bachillerato y la Historia del Arte de 2\u00ba de Bachillerato.<\/p>\n<p>Cada curso\u00a0 de ESO est\u00e1 organizado en unidades did\u00e1cticas. Por cada unidad did\u00e1ctica se ha elaborado un <strong>esquema (o mapa conceptual) al que se asocian diferentes recursos<\/strong>: documentos en pdf, presentaciones en power point, animaciones en flash o direcciones Web.<\/p>\n<p>Desde el siguiente \u00edndice puedes acceder al listado de unidades de cada curso de los <strong>temas de Geograf\u00eda<\/strong>:<\/p>\n<ul>\n<li><a href=\"http:\/\/wp.catedu.es\/geohistoria\/sies-1eso-geo\/\"><strong>1\u00ba de ESO:\u00a0Geograf\u00eda<\/strong><\/a><\/li>\n<li><a href=\"http:\/\/wp.catedu.es\/geohistoria\/sies-3eso-geo\/\"><strong>3\u00ba de ESO:\u00a0Geograf\u00eda<\/strong><\/a><\/li>\n<li><a href=\"http:\/\/wp.catedu.es\/geohistoria\/sies-ge\/\"><strong>2\u00ba Bachillerato:\u00a0Geograf\u00eda de Espa\u00f1a<\/strong><\/a><\/li>\n<\/ul>\n<p><a href=\"http:\/\/esquemasgeohistoria.ftp.catedu.es\/\" target=\"_blank\" rel=\"noopener noreferrer\"><img loading=\"lazy\" decoding=\"async\" class=\"aligncenter size-full wp-image-413\" src=\"http:\/\/wp.catedu.es\/geohistoria\/wp-content\/uploads\/sites\/77\/2017\/03\/geohistoria.jpg\" alt=\"geohistoria\" width=\"550\" height=\"338\" srcset=\"https:\/\/wp.catedu.es\/geohistoria\/wp-content\/uploads\/sites\/77\/2017\/03\/geohistoria.jpg 550w, https:\/\/wp.catedu.es\/geohistoria\/wp-content\/uploads\/sites\/77\/2017\/03\/geohistoria-300x184.jpg 300w, https:\/\/wp.catedu.es\/geohistoria\/wp-content\/uploads\/sites\/77\/2017\/03\/geohistoria-150x92.jpg 150w\" sizes=\"auto, (max-width: 550px) 100vw, 550px\" \/><\/a><\/p>\n<p>&nbsp;<\/p>\n","protected":false},"excerpt":{"rendered":"<p>Desde el Departamento de Geograf\u00eda e Historia del IES de Villanueva\u00a0se ofrece una p\u00e1gina con\u00a0recursos para los cuatro cursos de ESO, La Historia del Mundo Contempor\u00e1neo de 1\u00ba de Bachillerato y la Historia del Arte de 2\u00ba de Bachillerato. Cada curso\u00a0 de ESO est\u00e1 organizado en unidades did\u00e1cticas. Por cada &#8230; <a class=\"continue-reading-link\" href=\"https:\/\/wp.catedu.es\/geohistoria\/geografia-sies-galicum\/\"> Continue reading<\/a><\/p>\n","protected":false},"author":143,"featured_media":0,"parent":0,"menu_order":0,"comment_status":"closed","ping_status":"closed","template":"","meta":{"footnotes":""},"class_list":["post-244","page","type-page","status-publish","hentry"],"_links":{"self":[{"href":"https:\/\/wp.catedu.es\/geohistoria\/wp-json\/wp\/v2\/pages\/244","targetHints":{"allow":["GET"]}}],"collection":[{"href":"https:\/\/wp.catedu.es\/geohistoria\/wp-json\/wp\/v2\/pages"}],"about":[{"href":"https:\/\/wp.catedu.es\/geohistoria\/wp-json\/wp\/v2\/types\/page"}],"author":[{"embeddable":true,"href":"https:\/\/wp.catedu.es\/geohistoria\/wp-json\/wp\/v2\/users\/143"}],"replies":[{"embeddable":true,"href":"https:\/\/wp.catedu.es\/geohistoria\/wp-json\/wp\/v2\/comments?post=244"}],"version-history":[{"count":11,"href":"https:\/\/wp.catedu.es\/geohistoria\/wp-json\/wp\/v2\/pages\/244\/revisions"}],"predecessor-version":[{"id":458,"href":"https:\/\/wp.catedu.es\/geohistoria\/wp-json\/wp\/v2\/pages\/244\/revisions\/458"}],"wp:attachment":[{"href":"https:\/\/wp.catedu.es\/geohistoria\/wp-json\/wp\/v2\/media?parent=244"}],"curies":[{"name":"wp","href":"https:\/\/api.w.org\/{rel}","templated":true}]}}