{"id":260,"date":"2017-03-25T21:05:03","date_gmt":"2017-03-25T20:05:03","guid":{"rendered":"http:\/\/wp.catedu.es\/geohistoria\/?page_id=260"},"modified":"2017-03-25T21:06:35","modified_gmt":"2017-03-25T20:06:35","slug":"260-2","status":"publish","type":"page","link":"https:\/\/wp.catedu.es\/geohistoria\/260-2\/","title":{"rendered":"Blogs CCSS Geograf\u00eda"},"content":{"rendered":"<p><a href=\"http:\/\/www.iestiemposmodernos.com\/oldweb\/losblogsdesociales\/\" target=\"_blank\"><img loading=\"lazy\" decoding=\"async\" class=\"size-full wp-image-137 aligncenter\" src=\"http:\/\/wp.catedu.es\/geohistoria\/wp-content\/uploads\/sites\/77\/2017\/03\/blogs1.jpg\" alt=\"blogs1\" width=\"620\" height=\"88\" srcset=\"https:\/\/wp.catedu.es\/geohistoria\/wp-content\/uploads\/sites\/77\/2017\/03\/blogs1.jpg 620w, https:\/\/wp.catedu.es\/geohistoria\/wp-content\/uploads\/sites\/77\/2017\/03\/blogs1-300x43.jpg 300w, https:\/\/wp.catedu.es\/geohistoria\/wp-content\/uploads\/sites\/77\/2017\/03\/blogs1-150x21.jpg 150w\" sizes=\"auto, (max-width: 620px) 100vw, 620px\" \/><\/a><\/p>\n<p>El conjunto de <a href=\"http:\/\/www.iestiemposmodernos.com\/oldweb\/losblogsdesociales\/\" target=\"_blank\">blogs del Departamento de Ciencias Sociales<\/a> del IES <em>Tiempos Modernos<\/em>, \u00abLos blogs de Sociales\u00bb cuenta con numerosas actividades, para realizar o imprimir, p\u00e1ginas Web, animaciones, selecci\u00f3n de v\u00eddeos, etc.<\/p>\n<p>Es un modelo con el que se puede crear, de una manera relativamente sencilla, un \u00abaula\u00bb en la que el profesor ofrece recursos, apuntes, actividades,\u00a0 Web Quest, explicaciones&#8230; y en la que los alumnos pueden realizar aportaciones, crean su propio blog (en el que mostrar\u00e1n sus trabajos y las actividades que se indican a lo largo del curso) y mantener un contacto fluido con su profesor.<\/p>\n<p>Adem\u00e1s de recursos vas a encontrar ideas para poder trabajar con tus alumnos.<\/p>\n<p>Los blogs creados para Geograf\u00eda\u00a0son:<\/p>\n<ul>\n<li><a href=\"http:\/\/1tiemposmodernos.blogspot.com\/\" target=\"_blank\">Blog de aula de 1\u00ba de ESO<\/a><\/li>\n<li><a href=\"http:\/\/gtiemposmodernos.blogspot.com\/\" target=\"_blank\">Blog de Geograf\u00eda para 3\u00ba\u00a0de ESO\u00a0<\/a><\/li>\n<li><a href=\"http:\/\/www.estudiandoagaia.blogspot.com\/\" target=\"_blank\">Blog de Geograf\u00eda de 2\u00ba de Bachillerato<\/a><\/li>\n<\/ul>\n<p><img loading=\"lazy\" decoding=\"async\" class=\"size-full wp-image-138 aligncenter\" src=\"http:\/\/wp.catedu.es\/geohistoria\/wp-content\/uploads\/sites\/77\/2017\/03\/blogs2.jpg\" alt=\"blogs2\" width=\"600\" height=\"327\" srcset=\"https:\/\/wp.catedu.es\/geohistoria\/wp-content\/uploads\/sites\/77\/2017\/03\/blogs2.jpg 600w, https:\/\/wp.catedu.es\/geohistoria\/wp-content\/uploads\/sites\/77\/2017\/03\/blogs2-300x164.jpg 300w, https:\/\/wp.catedu.es\/geohistoria\/wp-content\/uploads\/sites\/77\/2017\/03\/blogs2-150x82.jpg 150w\" sizes=\"auto, (max-width: 600px) 100vw, 600px\" \/><\/p>\n<p>&nbsp;<\/p>\n","protected":false},"excerpt":{"rendered":"<p>El conjunto de blogs del Departamento de Ciencias Sociales del IES Tiempos Modernos, \u00abLos blogs de Sociales\u00bb cuenta con numerosas actividades, para realizar o imprimir, p\u00e1ginas Web, animaciones, selecci\u00f3n de v\u00eddeos, etc. Es un modelo con el que se puede crear, de una manera relativamente sencilla, un \u00abaula\u00bb en la &#8230; <a class=\"continue-reading-link\" href=\"https:\/\/wp.catedu.es\/geohistoria\/260-2\/\"> Continue reading<\/a><\/p>\n","protected":false},"author":143,"featured_media":0,"parent":0,"menu_order":0,"comment_status":"closed","ping_status":"closed","template":"","meta":{"footnotes":""},"class_list":["post-260","page","type-page","status-publish","hentry"],"_links":{"self":[{"href":"https:\/\/wp.catedu.es\/geohistoria\/wp-json\/wp\/v2\/pages\/260","targetHints":{"allow":["GET"]}}],"collection":[{"href":"https:\/\/wp.catedu.es\/geohistoria\/wp-json\/wp\/v2\/pages"}],"about":[{"href":"https:\/\/wp.catedu.es\/geohistoria\/wp-json\/wp\/v2\/types\/page"}],"author":[{"embeddable":true,"href":"https:\/\/wp.catedu.es\/geohistoria\/wp-json\/wp\/v2\/users\/143"}],"replies":[{"embeddable":true,"href":"https:\/\/wp.catedu.es\/geohistoria\/wp-json\/wp\/v2\/comments?post=260"}],"version-history":[{"count":4,"href":"https:\/\/wp.catedu.es\/geohistoria\/wp-json\/wp\/v2\/pages\/260\/revisions"}],"predecessor-version":[{"id":265,"href":"https:\/\/wp.catedu.es\/geohistoria\/wp-json\/wp\/v2\/pages\/260\/revisions\/265"}],"wp:attachment":[{"href":"https:\/\/wp.catedu.es\/geohistoria\/wp-json\/wp\/v2\/media?parent=260"}],"curies":[{"name":"wp","href":"https:\/\/api.w.org\/{rel}","templated":true}]}}