{"id":270,"date":"2017-03-26T16:47:35","date_gmt":"2017-03-26T15:47:35","guid":{"rendered":"http:\/\/wp.catedu.es\/geohistoria\/?page_id=270"},"modified":"2017-03-26T16:47:35","modified_gmt":"2017-03-26T15:47:35","slug":"la-ciudad","status":"publish","type":"page","link":"https:\/\/wp.catedu.es\/geohistoria\/la-ciudad\/","title":{"rendered":"La ciudad"},"content":{"rendered":"<p><a href=\"http:\/\/www.catedu.es\/materialesccss\/\" target=\"_blank\"><img loading=\"lazy\" decoding=\"async\" class=\"size-full wp-image-271 aligncenter\" src=\"http:\/\/wp.catedu.es\/geohistoria\/wp-content\/uploads\/sites\/77\/2017\/03\/ciudad_1.jpg\" alt=\"ciudad_1\" width=\"620\" height=\"61\" srcset=\"https:\/\/wp.catedu.es\/geohistoria\/wp-content\/uploads\/sites\/77\/2017\/03\/ciudad_1.jpg 620w, https:\/\/wp.catedu.es\/geohistoria\/wp-content\/uploads\/sites\/77\/2017\/03\/ciudad_1-300x30.jpg 300w, https:\/\/wp.catedu.es\/geohistoria\/wp-content\/uploads\/sites\/77\/2017\/03\/ciudad_1-150x15.jpg 150w\" sizes=\"auto, (max-width: 620px) 100vw, 620px\" \/><\/a><\/p>\n<p><strong>La ciudad<\/strong> (para acceder pulsa <a href=\"http:\/\/www.catedu.es\/materialesccss\/\" target=\"_blank\"><strong>AQU\u00cd<\/strong><\/a> o sobre la imagen superior) es un interesant\u00edsimo sitio Web en el que se plantea la ense\u00f1anza de la Geograf\u00eda a trav\u00e9s de un\u00a0conjunto de actividades para el estudio de la ciudad, tomando como ejemplo Zaragoza.\u00a0Destinado para trabajar con alumnos de Ense\u00f1anza Secundaria Obligatoria y abarcan, y esto es lo m\u00e1s novedoso, los contenidos de Geograf\u00eda, Historia, Arte, Historia del Pensamiento e Historia de la Ciencia, aunque el punto de arranque siempre son los contenidos geogr\u00e1ficos.<\/p>\n<p><strong><img loading=\"lazy\" decoding=\"async\" class=\"alignright size-full wp-image-272\" src=\"http:\/\/wp.catedu.es\/geohistoria\/wp-content\/uploads\/sites\/77\/2017\/03\/ciudad_2.jpg\" alt=\"ciudad_2\" width=\"269\" height=\"397\" srcset=\"https:\/\/wp.catedu.es\/geohistoria\/wp-content\/uploads\/sites\/77\/2017\/03\/ciudad_2.jpg 269w, https:\/\/wp.catedu.es\/geohistoria\/wp-content\/uploads\/sites\/77\/2017\/03\/ciudad_2-203x300.jpg 203w, https:\/\/wp.catedu.es\/geohistoria\/wp-content\/uploads\/sites\/77\/2017\/03\/ciudad_2-237x350.jpg 237w, https:\/\/wp.catedu.es\/geohistoria\/wp-content\/uploads\/sites\/77\/2017\/03\/ciudad_2-102x150.jpg 102w\" sizes=\"auto, (max-width: 269px) 100vw, 269px\" \/>Destaca la aportaci\u00f3n de una gran cantidad de recursos, tanto de p\u00e1ginas Web, animaciones, presentaciones, im\u00e1genes y actividades interactivas<\/strong> enfocadas a conseguir una aprendizaje m\u00e1s aut\u00f3nomo del alumno, a desarrollar la adquisici\u00f3n de competencias b\u00e1sicas mediante el estudio del entorno urbano y de la integraci\u00f3n de la ciudad con su historia y el pensamiento.<\/p>\n<p><strong>Se muestran varios accesos<\/strong>:<\/p>\n<ul>\n<li>\n<div>En el <strong>men\u00fa principal<\/strong> se accede a contenidos espec\u00edficos de la ciudad, tomando como modelo a Zaragoza: ciudad y \u00e1rea metropolitana, plano urbano, proceso de crecimiento, etc.<\/div>\n<\/li>\n<li>\n<div>Tambi\u00e9n, como se muesta en la imgen de la derecha, hay un acceso a <strong>actividades clasificadas por temas<\/strong>.<\/div>\n<\/li>\n<\/ul>\n<p>Hay un <strong>\u00edndice tem\u00e1tico<\/strong> agrupado en los siguientes apartados:<\/p>\n<ul>\n<li>\n<div><a href=\"http:\/\/www.catedu.es\/materialesccss\/Indice_tematico\/Geografia.htm\" target=\"_blank\">Geograf\u00eda<\/a>:<\/div>\n<ol>\n<li>\n<div>Elementos de cartograf\u00eda<\/div>\n<\/li>\n<li>\n<div>Conocimiento del mundo a trav\u00e9s de la historia<\/div>\n<\/li>\n<li>\n<div>La ciudad. Definici\u00f3n, redes urbanas, evoluci\u00f3n<\/div>\n<\/li>\n<li>\n<div>Los r\u00edos. Hidrograf\u00eda<\/div>\n<\/li>\n<li>\n<div>Poblaci\u00f3n y modernizaci\u00f3n econ\u00f3mica<\/div>\n<\/li>\n<li>\n<div>Ordenaci\u00f3n territorial y planificaci\u00f3n urbana<\/div>\n<\/li>\n<li>\n<div>El cambio clim\u00e1tico y el efecto invernadero<\/div>\n<\/li>\n<\/ol>\n<\/li>\n<li>\n<div><a href=\"http:\/\/www.catedu.es\/materialesccss\/Indice_tematico\/Historia.htm\" target=\"_blank\">Historia<\/a><\/div>\n<ol>\n<li>\n<div>Actividades sobre cronolog\u00e7ia y conocimiento de \u00abtiempo\u00bb hist\u00f3rico<\/div>\n<\/li>\n<li>\n<div>El imperio romano<\/div>\n<\/li>\n<li>\n<div>La Edad Media<\/div>\n<\/li>\n<li>\n<div>La Edad Moderna<\/div>\n<\/li>\n<li>\n<div>Edad contempor\u00e1nea<\/div>\n<\/li>\n<li>\n<div>Configuraci\u00f3n territorial de Arag\u00f3n<\/div>\n<\/li>\n<\/ol>\n<\/li>\n<li>\n<div><a href=\"http:\/\/www.catedu.es\/materialesccss\/Indice_tematico\/Arte.htm\" target=\"_self\">Arte y Cultura<\/a><\/div>\n<ol>\n<li>\n<div><a href=\"http:\/\/www.catedu.es\/materialesccss\/Historia\/cartografia_antigua\/astronomia\/Astronomia_Grecia1.htm\" target=\"_blank\">Arte y pensamiento griegos<\/a><\/div>\n<\/li>\n<li>\n<div><a href=\"http:\/\/www.catedu.es\/materialesccss\/Historia\/cartografia_antigua\/astronomia\/Astronomia_Grecia2.htm\" target=\"_blank\">La Tierra y el Universo para los griegos<\/a><\/div>\n<\/li>\n<li>\n<div><a href=\"http:\/\/www.catedu.es\/materialesccss\/Historia\/cartografia_antigua\/astronomia\/Astronomia_Edad_Media1.htm\" target=\"_blank\">Arte, cartograf\u00eda y pensamiento durante los siglos del rom\u00e1ncio<\/a><\/div>\n<\/li>\n<li>\n<div><a href=\"http:\/\/www.catedu.es\/materialesccss\/Historia\/cartografia_antigua\/astronomia\/Astronomia_Edad_Media2.htm\" target=\"_blank\">Arte, cartograf\u00eda y pensamiento durante los siglos del g\u00f3tico<\/a><\/div>\n<\/li>\n<li>\n<div><a href=\"http:\/\/www.catedu.es\/materialesccss\/Historia\/cartografia_antigua\/astronomia\/Astronomia_Edad_Moderna1.htm\" target=\"_blank\">Arte, cartograf\u00eda y pensamiento durante el Renacimiento<\/a><\/div>\n<\/li>\n<li>\n<div><a href=\"http:\/\/www.catedu.es\/materialesccss\/Historia\/cartografia_antigua\/astronomia\/Astronomia_Edad_Moderna2.htm\" target=\"_blank\">Arte, cartograf\u00eda y pensamiento durante el Barroco<\/a><\/div>\n<\/li>\n<\/ol>\n<\/li>\n<\/ul>\n<p>(Para acceder a los contenidos pulsa sobre los textos hipervinculados)<\/p>\n","protected":false},"excerpt":{"rendered":"<p>La ciudad (para acceder pulsa AQU\u00cd o sobre la imagen superior) es un interesant\u00edsimo sitio Web en el que se plantea la ense\u00f1anza de la Geograf\u00eda a trav\u00e9s de un\u00a0conjunto de actividades para el estudio de la ciudad, tomando como ejemplo Zaragoza.\u00a0Destinado para trabajar con alumnos de Ense\u00f1anza Secundaria Obligatoria &#8230; <a class=\"continue-reading-link\" href=\"https:\/\/wp.catedu.es\/geohistoria\/la-ciudad\/\"> Continue reading<\/a><\/p>\n","protected":false},"author":143,"featured_media":0,"parent":0,"menu_order":0,"comment_status":"closed","ping_status":"closed","template":"","meta":{"footnotes":""},"class_list":["post-270","page","type-page","status-publish","hentry"],"_links":{"self":[{"href":"https:\/\/wp.catedu.es\/geohistoria\/wp-json\/wp\/v2\/pages\/270","targetHints":{"allow":["GET"]}}],"collection":[{"href":"https:\/\/wp.catedu.es\/geohistoria\/wp-json\/wp\/v2\/pages"}],"about":[{"href":"https:\/\/wp.catedu.es\/geohistoria\/wp-json\/wp\/v2\/types\/page"}],"author":[{"embeddable":true,"href":"https:\/\/wp.catedu.es\/geohistoria\/wp-json\/wp\/v2\/users\/143"}],"replies":[{"embeddable":true,"href":"https:\/\/wp.catedu.es\/geohistoria\/wp-json\/wp\/v2\/comments?post=270"}],"version-history":[{"count":1,"href":"https:\/\/wp.catedu.es\/geohistoria\/wp-json\/wp\/v2\/pages\/270\/revisions"}],"predecessor-version":[{"id":273,"href":"https:\/\/wp.catedu.es\/geohistoria\/wp-json\/wp\/v2\/pages\/270\/revisions\/273"}],"wp:attachment":[{"href":"https:\/\/wp.catedu.es\/geohistoria\/wp-json\/wp\/v2\/media?parent=270"}],"curies":[{"name":"wp","href":"https:\/\/api.w.org\/{rel}","templated":true}]}}