{"id":277,"date":"2017-03-26T17:09:00","date_gmt":"2017-03-26T16:09:00","guid":{"rendered":"http:\/\/wp.catedu.es\/geohistoria\/?page_id=277"},"modified":"2017-03-26T17:09:36","modified_gmt":"2017-03-26T16:09:36","slug":"277-2","status":"publish","type":"page","link":"https:\/\/wp.catedu.es\/geohistoria\/277-2\/","title":{"rendered":"AEMET"},"content":{"rendered":"<p>La <strong>Ag<a href=\"http:\/\/www.aemet.es\/es\/-m:b,b\/portada\" target=\"_blank\"><img loading=\"lazy\" decoding=\"async\" class=\"size-full wp-image-278 alignleft\" src=\"http:\/\/wp.catedu.es\/geohistoria\/wp-content\/uploads\/sites\/77\/2017\/03\/aemet.jpg\" alt=\"aemet\" width=\"385\" height=\"67\" srcset=\"https:\/\/wp.catedu.es\/geohistoria\/wp-content\/uploads\/sites\/77\/2017\/03\/aemet.jpg 385w, https:\/\/wp.catedu.es\/geohistoria\/wp-content\/uploads\/sites\/77\/2017\/03\/aemet-300x52.jpg 300w, https:\/\/wp.catedu.es\/geohistoria\/wp-content\/uploads\/sites\/77\/2017\/03\/aemet-150x26.jpg 150w\" sizes=\"auto, (max-width: 385px) 100vw, 385px\" \/><\/a>encia Estatal de Meteorolog\u00eda<\/strong> es un interesante portal para trabajar con los alumnos los asuntos relacinados con el tiempo y con el clima. Pueden acceder a una cartograf\u00eda del tiempo y del clima especializadas (mapas de isobaras, im\u00e1genes por sat\u00e9lite, etc.), a datos estad\u00edsticos, etc.<\/p>\n<p>Una p\u00e1gina de gran inter\u00e9s para trabajar aspectos locales, provinciales o nacionales relacionados con el tiempo y con el clima. Accesible (siempre bajo la direcci\u00f3n del profesorado) a los alumnos de ESO y a los de Bachillerato.<\/p>\n<p>Para acceder a la p\u00e1gina pulsa <a href=\"http:\/\/www.aemet.es\/es\/-m:b,b\/portada\" target=\"_blank\"><strong>AQU\u00cd<\/strong><\/a> o sobre la imagen.<\/p>\n<hr \/>\n<p><span style=\"color: #cc99ff\"><span style=\"text-decoration: underline\"><em><strong>Otros sitios Web de inter\u00e9s sobre meteorolog\u00eda<\/strong><\/em><\/span>:<\/span><\/p>\n<ul>\n<li><a href=\"https:\/\/www.eltiempo.es\/\" target=\"_blank\">El tiempo. es<\/a><\/li>\n<li><a href=\"https:\/\/www.ventusky.com\/?p=26;11;2&amp;l=temperature\" target=\"_blank\">VentuSky<\/a> (aplicaci\u00f3n que muestra en tiempo real, y a nivel de todo el planeta, informaci\u00f3n meteorol\u00f3gica, adem\u00e1s de previsiones)<\/li>\n<li><span class=\"link-external\"><a href=\"http:\/\/es.allmetsat.com\/\" target=\"_blank\">Allmetsat<\/a><\/span> &#8211; Im\u00e1genes m\u00e1s recientes de los sat\u00e9lites meteorol\u00f3gicos; muestra observaciones y pron\u00f3sticos.<\/li>\n<\/ul>\n","protected":false},"excerpt":{"rendered":"<p>La Agencia Estatal de Meteorolog\u00eda es un interesante portal para trabajar con los alumnos los asuntos relacinados con el tiempo y con el clima. Pueden acceder a una cartograf\u00eda del tiempo y del clima especializadas (mapas de isobaras, im\u00e1genes por sat\u00e9lite, etc.), a datos estad\u00edsticos, etc. Una p\u00e1gina de gran &#8230; <a class=\"continue-reading-link\" href=\"https:\/\/wp.catedu.es\/geohistoria\/277-2\/\"> Continue reading<\/a><\/p>\n","protected":false},"author":143,"featured_media":0,"parent":0,"menu_order":0,"comment_status":"closed","ping_status":"closed","template":"","meta":{"footnotes":""},"class_list":["post-277","page","type-page","status-publish","hentry"],"_links":{"self":[{"href":"https:\/\/wp.catedu.es\/geohistoria\/wp-json\/wp\/v2\/pages\/277","targetHints":{"allow":["GET"]}}],"collection":[{"href":"https:\/\/wp.catedu.es\/geohistoria\/wp-json\/wp\/v2\/pages"}],"about":[{"href":"https:\/\/wp.catedu.es\/geohistoria\/wp-json\/wp\/v2\/types\/page"}],"author":[{"embeddable":true,"href":"https:\/\/wp.catedu.es\/geohistoria\/wp-json\/wp\/v2\/users\/143"}],"replies":[{"embeddable":true,"href":"https:\/\/wp.catedu.es\/geohistoria\/wp-json\/wp\/v2\/comments?post=277"}],"version-history":[{"count":2,"href":"https:\/\/wp.catedu.es\/geohistoria\/wp-json\/wp\/v2\/pages\/277\/revisions"}],"predecessor-version":[{"id":280,"href":"https:\/\/wp.catedu.es\/geohistoria\/wp-json\/wp\/v2\/pages\/277\/revisions\/280"}],"wp:attachment":[{"href":"https:\/\/wp.catedu.es\/geohistoria\/wp-json\/wp\/v2\/media?parent=277"}],"curies":[{"name":"wp","href":"https:\/\/api.w.org\/{rel}","templated":true}]}}