{"id":290,"date":"2017-03-26T17:35:01","date_gmt":"2017-03-26T16:35:01","guid":{"rendered":"http:\/\/wp.catedu.es\/geohistoria\/?page_id=290"},"modified":"2017-03-26T17:35:01","modified_gmt":"2017-03-26T16:35:01","slug":"age","status":"publish","type":"page","link":"https:\/\/wp.catedu.es\/geohistoria\/age\/","title":{"rendered":"AGE"},"content":{"rendered":"<p><a href=\"http:\/\/age.ieg.csic.es\/v2\/recursos_didacticos\/index.php\" target=\"_blank\"><img loading=\"lazy\" decoding=\"async\" class=\"size-full wp-image-291 aligncenter\" src=\"http:\/\/wp.catedu.es\/geohistoria\/wp-content\/uploads\/sites\/77\/2017\/03\/AGE.jpg\" alt=\"AGE\" width=\"700\" height=\"75\" srcset=\"https:\/\/wp.catedu.es\/geohistoria\/wp-content\/uploads\/sites\/77\/2017\/03\/AGE.jpg 700w, https:\/\/wp.catedu.es\/geohistoria\/wp-content\/uploads\/sites\/77\/2017\/03\/AGE-300x32.jpg 300w, https:\/\/wp.catedu.es\/geohistoria\/wp-content\/uploads\/sites\/77\/2017\/03\/AGE-150x16.jpg 150w\" sizes=\"auto, (max-width: 700px) 100vw, 700px\" \/><\/a><\/p>\n<p>La<a href=\"http:\/\/age.ieg.csic.es\/v2\/recursos_didacticos\/index.php\" target=\"_blank\"> <b>Asociaci\u00f3n de Ge\u00f3grafos Espa\u00f1oles<\/b><\/a>, en colaboraci\u00f3n con el <b>Instituto Geogr\u00e1fico Nacional \/ Centro Nacional de Informaci\u00f3n Geogr\u00e1fica<\/b>, tiene el objetivo de ofrecer materiales did\u00e1cticos en formato web y promover la cultura geogr\u00e1fica. Destinada inicialmente a los profesores de Geograf\u00eda, la experiencia se inicia con tres m\u00f3dulos: <b><i>\u00abRecursos en web\u00bb<\/i><\/b>, <b><i>\u00abPaisajes\u00bb<\/i><\/b> y <b><i>\u00abExperiencias did\u00e1cticas\u00bb<\/i><\/b>.<\/p>\n<p>En el primero se presenta una selecci\u00f3n comentada de recursos disponibles en internet para la ense\u00f1anza de la Geograf\u00eda. En el segundo se agrupa un conjunto de fichas sobre diferentes paisajes espa\u00f1oles, organizados seg\u00fan los grandes bloques tem\u00e1ticos de la asignatura de Geograf\u00eda de Espa\u00f1a de Bachillerato. Han sido dise\u00f1adas como un complemento de los manuales, ofreciendo ejemplos donde el profesor puede encontrar, de forma combinada, informaci\u00f3n geogr\u00e1fica que normalmente aparece dispersa en distintas fuentes. Se ha priorizado el lenguaje de las im\u00e1genes (mapas, fotograf\u00edas a\u00e9reas y fotos), pero \u00e9stas se complementan con un breve texto explicativo. Finalmente, en el tercero, se han recopilado experiencias did\u00e1cticas de inter\u00e9s para la ense\u00f1anza de la Geograf\u00eda.<\/p>\n<p>Este material ha sido elaborado por profesores de Geograf\u00eda que desarrollan su labor en diferentes \u00e1mbitos.<\/p>\n","protected":false},"excerpt":{"rendered":"<p>La Asociaci\u00f3n de Ge\u00f3grafos Espa\u00f1oles, en colaboraci\u00f3n con el Instituto Geogr\u00e1fico Nacional \/ Centro Nacional de Informaci\u00f3n Geogr\u00e1fica, tiene el objetivo de ofrecer materiales did\u00e1cticos en formato web y promover la cultura geogr\u00e1fica. Destinada inicialmente a los profesores de Geograf\u00eda, la experiencia se inicia con tres m\u00f3dulos: \u00abRecursos en web\u00bb, &#8230; <a class=\"continue-reading-link\" href=\"https:\/\/wp.catedu.es\/geohistoria\/age\/\"> Continue reading<\/a><\/p>\n","protected":false},"author":143,"featured_media":0,"parent":0,"menu_order":0,"comment_status":"closed","ping_status":"closed","template":"","meta":{"footnotes":""},"class_list":["post-290","page","type-page","status-publish","hentry"],"_links":{"self":[{"href":"https:\/\/wp.catedu.es\/geohistoria\/wp-json\/wp\/v2\/pages\/290","targetHints":{"allow":["GET"]}}],"collection":[{"href":"https:\/\/wp.catedu.es\/geohistoria\/wp-json\/wp\/v2\/pages"}],"about":[{"href":"https:\/\/wp.catedu.es\/geohistoria\/wp-json\/wp\/v2\/types\/page"}],"author":[{"embeddable":true,"href":"https:\/\/wp.catedu.es\/geohistoria\/wp-json\/wp\/v2\/users\/143"}],"replies":[{"embeddable":true,"href":"https:\/\/wp.catedu.es\/geohistoria\/wp-json\/wp\/v2\/comments?post=290"}],"version-history":[{"count":1,"href":"https:\/\/wp.catedu.es\/geohistoria\/wp-json\/wp\/v2\/pages\/290\/revisions"}],"predecessor-version":[{"id":292,"href":"https:\/\/wp.catedu.es\/geohistoria\/wp-json\/wp\/v2\/pages\/290\/revisions\/292"}],"wp:attachment":[{"href":"https:\/\/wp.catedu.es\/geohistoria\/wp-json\/wp\/v2\/media?parent=290"}],"curies":[{"name":"wp","href":"https:\/\/api.w.org\/{rel}","templated":true}]}}