{"id":301,"date":"2017-03-26T17:56:39","date_gmt":"2017-03-26T16:56:39","guid":{"rendered":"http:\/\/wp.catedu.es\/geohistoria\/?page_id=301"},"modified":"2017-11-06T20:33:40","modified_gmt":"2017-11-06T19:33:40","slug":"globos-terraqueos","status":"publish","type":"page","link":"https:\/\/wp.catedu.es\/geohistoria\/globos-terraqueos\/","title":{"rendered":"Globos terr\u00e1queos"},"content":{"rendered":"<p>Mostramos dos ejemplos: el archiconocido Google Earth y, la menos conocida aplicaci\u00f3n de la NASA, World Wind:<\/p>\n<p><strong><img loading=\"lazy\" decoding=\"async\" class=\"size-full wp-image-302 aligncenter\" src=\"http:\/\/wp.catedu.es\/geohistoria\/wp-content\/uploads\/sites\/77\/2017\/03\/nuevo-google-earth.jpg\" alt=\"nuevo-google-earth\" width=\"554\" height=\"347\" srcset=\"https:\/\/wp.catedu.es\/geohistoria\/wp-content\/uploads\/sites\/77\/2017\/03\/nuevo-google-earth.jpg 554w, https:\/\/wp.catedu.es\/geohistoria\/wp-content\/uploads\/sites\/77\/2017\/03\/nuevo-google-earth-300x188.jpg 300w, https:\/\/wp.catedu.es\/geohistoria\/wp-content\/uploads\/sites\/77\/2017\/03\/nuevo-google-earth-150x94.jpg 150w\" sizes=\"auto, (max-width: 554px) 100vw, 554px\" \/>Google Earth<\/strong> es uno de los programas m\u00e1s conocidos. No vamos a describir aqu\u00ed sus m\u00faltiples usos y posibilidades (para el trabajo de la Geograf\u00eda F\u00edsica, la Geograf\u00eda Humana y el urbanismo, el Arte, etc.), tan s\u00f3lo se dejar\u00e1 el acceso para descargar e instalar el programa y la p\u00e1gina de ayuda de Google Earth.<\/p>\n<ul>\n<li>Para descargar la \u00faltima versi\u00f3n del programa pulsa <a href=\"http:\/\/www.google.es\/intl\/es\/earth\/index.html\" target=\"_blank\"><strong>AQU\u00cd<\/strong><\/a>. Una vez descargado procede a instalarlo siguiendo las indicaciones que te vayan dando.<\/li>\n<li>Como hemos se\u00f1alado este programa ofrece m\u00faltiples posibilidades de uso; para poder ir explorando y conociendo esas posibilidades dejamos la <a href=\"http:\/\/earth.google.com\/support\/bin\/answer.py?answer=181880&amp;hl=es\" target=\"_blank\"><strong>p\u00e1gina de ayuda<\/strong><\/a> . Desde este enlace accedes a una p\u00e1gina con informaci\u00f3n para solucionar problemas de instalaci\u00f3n y, lo que m\u00e1s nos interesa, acceso a conocer las funcionalidades del programa.<\/li>\n<li>Tambi\u00e9n podemos aprovechar otros mapas (o capas) desarrolladas por otros usuarios y que pueden ampliar las posibilidades de esta aplicaci\u00f3n. Te recomendamos descargar dos archivos, s\u00f3lo tienes que clicar sobre el enlace; descargarlos; y, una vez descargados, clicar sobre cada archivo y se abrir\u00e1 Google Earth (cuando cierres Google Earth te pedir\u00e1 si guarda ese archivo; si te ha gustado di que s\u00ed):\n<ul>\n<li><a href=\"http:\/\/cmapsconverted.ihmc.us\/rid=1MS8B3ZKP-13SC8CP-F66X\/Tect%C3%B3nica%20de%20placas-Geodin%C3%A1mica%20interna.kmz.kmz\" target=\"_blank\">Placas tect\u00f3nicas<\/a><\/li>\n<li><a href=\"http:\/\/ge-map-overlays.appspot.com\/map-overlays-for-google-earth-combined.kmz\" target=\"_blank\">Map Overlays<\/a>\u00a0(pide identificarse con una cuenta de correo de google para poder descargar el archivo)<\/li>\n<\/ul>\n<\/li>\n<\/ul>\n<h2 class=\"contentheading\">World Wind SDK for Java<\/h2>\n<p>Es la versi\u00f3n m\u00e1s reciente de <strong>World Wind<\/strong>.<\/p>\n<p>Aunque es una aplicaci\u00f3n destinada a desarrolladores\u00a0se puede utilizar sin ning\u00fan problema\u00a0en nuestra labor de aula. La versi\u00f3n incluye una serie de demostraciones b\u00e1sicas; el programa superpone a la NASA y USGS\u00a0(Servicio Geol\u00f3gico de los Estados Unidos) im\u00e1genes por sat\u00e9lite, fotograf\u00edas a\u00e9reas, capas de informaci\u00f3n meteorol\u00f3gica, ambiental, mapas topogr\u00e1ficos, etc.<\/p>\n<p><a href=\"http:\/\/www.worldwindcentral.com\/wiki\/Java\" target=\"_blank\"><img loading=\"lazy\" decoding=\"async\" class=\"size-full wp-image-303 aligncenter\" src=\"http:\/\/wp.catedu.es\/geohistoria\/wp-content\/uploads\/sites\/77\/2017\/03\/java_nasa.jpg\" alt=\"java_nasa\" width=\"550\" height=\"132\" srcset=\"https:\/\/wp.catedu.es\/geohistoria\/wp-content\/uploads\/sites\/77\/2017\/03\/java_nasa.jpg 550w, https:\/\/wp.catedu.es\/geohistoria\/wp-content\/uploads\/sites\/77\/2017\/03\/java_nasa-300x72.jpg 300w, https:\/\/wp.catedu.es\/geohistoria\/wp-content\/uploads\/sites\/77\/2017\/03\/java_nasa-150x36.jpg 150w\" sizes=\"auto, (max-width: 550px) 100vw, 550px\" \/><\/a><\/p>\n<p>Desde este enlace de World Wind Java (<a href=\"http:\/\/www.worldwindcentral.com\/wiki\/Java\" target=\"_blank\">AQU\u00cd<\/a>\u00a0o clicar sobre la imagen) se puede acceder\u00a0a toda la informaci\u00f3n. Destacaremos dos apartados:<\/p>\n<ul>\n<li>Informaci\u00f3n general<\/li>\n<li>Enalaces. De estos\u00a0recomendamos visitar los demos (<a href=\"https:\/\/worldwind.arc.nasa.gov\/java\/demos\/\" target=\"_blank\">AQU\u00cd<\/a>); ofrece la descargar de achivos\u00a0\u00abjnlp\u00bb (de apenas 2KB) que\u00a0una vez ejecutados nos muestra el globo terr\u00e1queo y los men\u00fas de capas de la aplicaci\u00f3n. S\u00f3lo queda probar y seleccionar aquello que m\u00e1s nos interese.<\/li>\n<\/ul>\n","protected":false},"excerpt":{"rendered":"<p>Mostramos dos ejemplos: el archiconocido Google Earth y, la menos conocida aplicaci\u00f3n de la NASA, World Wind: Google Earth es uno de los programas m\u00e1s conocidos. No vamos a describir aqu\u00ed sus m\u00faltiples usos y posibilidades (para el trabajo de la Geograf\u00eda F\u00edsica, la Geograf\u00eda Humana y el urbanismo, el &#8230; <a class=\"continue-reading-link\" href=\"https:\/\/wp.catedu.es\/geohistoria\/globos-terraqueos\/\"> Continue reading<\/a><\/p>\n","protected":false},"author":143,"featured_media":0,"parent":0,"menu_order":0,"comment_status":"closed","ping_status":"closed","template":"","meta":{"footnotes":""},"class_list":["post-301","page","type-page","status-publish","hentry"],"_links":{"self":[{"href":"https:\/\/wp.catedu.es\/geohistoria\/wp-json\/wp\/v2\/pages\/301","targetHints":{"allow":["GET"]}}],"collection":[{"href":"https:\/\/wp.catedu.es\/geohistoria\/wp-json\/wp\/v2\/pages"}],"about":[{"href":"https:\/\/wp.catedu.es\/geohistoria\/wp-json\/wp\/v2\/types\/page"}],"author":[{"embeddable":true,"href":"https:\/\/wp.catedu.es\/geohistoria\/wp-json\/wp\/v2\/users\/143"}],"replies":[{"embeddable":true,"href":"https:\/\/wp.catedu.es\/geohistoria\/wp-json\/wp\/v2\/comments?post=301"}],"version-history":[{"count":7,"href":"https:\/\/wp.catedu.es\/geohistoria\/wp-json\/wp\/v2\/pages\/301\/revisions"}],"predecessor-version":[{"id":429,"href":"https:\/\/wp.catedu.es\/geohistoria\/wp-json\/wp\/v2\/pages\/301\/revisions\/429"}],"wp:attachment":[{"href":"https:\/\/wp.catedu.es\/geohistoria\/wp-json\/wp\/v2\/media?parent=301"}],"curies":[{"name":"wp","href":"https:\/\/api.w.org\/{rel}","templated":true}]}}