{"id":305,"date":"2017-03-26T18:02:29","date_gmt":"2017-03-26T17:02:29","guid":{"rendered":"http:\/\/wp.catedu.es\/geohistoria\/?page_id=305"},"modified":"2017-03-26T18:48:18","modified_gmt":"2017-03-26T17:48:18","slug":"atlas","status":"publish","type":"page","link":"https:\/\/wp.catedu.es\/geohistoria\/atlas\/","title":{"rendered":"Atlas"},"content":{"rendered":"<p>Desde este p\u00e1gina se da acceso a:<\/p>\n<ul>\n<li><a href=\"http:\/\/wp.catedu.es\/geohistoria\/ane\/\">Atlas Nacional de Espa\u00f1a<\/a><\/li>\n<li><a href=\"http:\/\/wp.catedu.es\/geohistoria\/ade\/\">Atlas Digital Escolar<\/a><\/li>\n<li><a href=\"http:\/\/wp.catedu.es\/geohistoria\/ageopress\/\">Atlas de Geopress<\/a><\/li>\n<li><a href=\"http:\/\/wp.catedu.es\/geohistoria\/aaragon\/\">Atlas de Arag\u00f3n<\/a><\/li>\n<li><a href=\"http:\/\/wp.catedu.es\/geohistoria\/otrosatlas\/\">Otros Atlas en la Web<\/a><\/li>\n<\/ul>\n","protected":false},"excerpt":{"rendered":"<p>Desde este p\u00e1gina se da acceso a: Atlas Nacional de Espa\u00f1a Atlas Digital Escolar Atlas de Geopress Atlas de Arag\u00f3n Otros Atlas en la Web <a class=\"continue-reading-link\" href=\"https:\/\/wp.catedu.es\/geohistoria\/atlas\/\"> Continue reading<\/a><\/p>\n","protected":false},"author":143,"featured_media":0,"parent":0,"menu_order":0,"comment_status":"closed","ping_status":"closed","template":"","meta":{"footnotes":""},"class_list":["post-305","page","type-page","status-publish","hentry"],"_links":{"self":[{"href":"https:\/\/wp.catedu.es\/geohistoria\/wp-json\/wp\/v2\/pages\/305","targetHints":{"allow":["GET"]}}],"collection":[{"href":"https:\/\/wp.catedu.es\/geohistoria\/wp-json\/wp\/v2\/pages"}],"about":[{"href":"https:\/\/wp.catedu.es\/geohistoria\/wp-json\/wp\/v2\/types\/page"}],"author":[{"embeddable":true,"href":"https:\/\/wp.catedu.es\/geohistoria\/wp-json\/wp\/v2\/users\/143"}],"replies":[{"embeddable":true,"href":"https:\/\/wp.catedu.es\/geohistoria\/wp-json\/wp\/v2\/comments?post=305"}],"version-history":[{"count":3,"href":"https:\/\/wp.catedu.es\/geohistoria\/wp-json\/wp\/v2\/pages\/305\/revisions"}],"predecessor-version":[{"id":328,"href":"https:\/\/wp.catedu.es\/geohistoria\/wp-json\/wp\/v2\/pages\/305\/revisions\/328"}],"wp:attachment":[{"href":"https:\/\/wp.catedu.es\/geohistoria\/wp-json\/wp\/v2\/media?parent=305"}],"curies":[{"name":"wp","href":"https:\/\/api.w.org\/{rel}","templated":true}]}}