{"id":32,"date":"2017-03-13T20:22:30","date_gmt":"2017-03-13T19:22:30","guid":{"rendered":"http:\/\/wp.catedu.es\/geohistoria\/?page_id=32"},"modified":"2017-03-13T20:22:42","modified_gmt":"2017-03-13T19:22:42","slug":"creha","status":"publish","type":"page","link":"https:\/\/wp.catedu.es\/geohistoria\/creha\/","title":{"rendered":"CREHA"},"content":{"rendered":"<p><a href=\"http:\/\/artecreha.com\/\" target=\"_blank\"><img loading=\"lazy\" decoding=\"async\" class=\"aligncenter size-full wp-image-33\" src=\"http:\/\/wp.catedu.es\/geohistoria\/wp-content\/uploads\/sites\/77\/2017\/03\/creha.jpg\" alt=\"creha\" width=\"515\" height=\"117\" srcset=\"https:\/\/wp.catedu.es\/geohistoria\/wp-content\/uploads\/sites\/77\/2017\/03\/creha.jpg 515w, https:\/\/wp.catedu.es\/geohistoria\/wp-content\/uploads\/sites\/77\/2017\/03\/creha-300x68.jpg 300w, https:\/\/wp.catedu.es\/geohistoria\/wp-content\/uploads\/sites\/77\/2017\/03\/creha-250x57.jpg 250w, https:\/\/wp.catedu.es\/geohistoria\/wp-content\/uploads\/sites\/77\/2017\/03\/creha-150x34.jpg 150w\" sizes=\"auto, (max-width: 515px) 100vw, 515px\" \/><\/a>Uno de los portales m\u00e1s completos\u00a0para trabajar la Historia del Arte (Para acceder pulsa <a href=\"http:\/\/www.artecreha.com\/\" target=\"_blank\"><strong>AQU\u00cd<\/strong><\/a> o sobre la imagen superior), no s\u00f3lo con los alumnos de Bachillerato, sino tambi\u00e9n con los de la ESO.<\/p>\n<p>Ofrece al profesorado una magn\u00edfica fuente de noticias, enlaces y recursos, as\u00ed como orientaciones para el trabajo con los alumnos.<\/p>\n<p>Diferentes apartados que nos permiten acercanos al arte y a la historia del Arte:<\/p>\n<ul>\n<li>\n<div>El arte y los artistas. En este apartado destaca el de \u00ab<strong>Miradas CREHA<\/strong>\u00ab, en donde se ofrecen\u00a0 comentarios de obras de arte de todos los tiempos.<\/div>\n<\/li>\n<li>\n<div><\/div>\n<div><strong>V\u00eddeos<\/strong>: que tratan de resumir las principales caracter\u00edsticas de los estilos art\u00edsticos. Ofrecen una explicaci\u00f3n hablada apoyados en m\u00faltiples im\u00e1genes.<\/div>\n<\/li>\n<li>\n<div><\/div>\n<div>Un apartado dedicado a la fotograf\u00eda, el cine y el v\u00eddeo<\/div>\n<\/li>\n<li>Recursos digitales<\/li>\n<li>\n<div><\/div>\n<div>Exposciones<\/div>\n<\/li>\n<li>Museos<\/li>\n<li>&#8230;<\/li>\n<\/ul>\n<p><strong>\u00a1IMPRESCINDIBLE!<\/strong><\/p>\n","protected":false},"excerpt":{"rendered":"<p>Uno de los portales m\u00e1s completos\u00a0para trabajar la Historia del Arte (Para acceder pulsa AQU\u00cd o sobre la imagen superior), no s\u00f3lo con los alumnos de Bachillerato, sino tambi\u00e9n con los de la ESO. Ofrece al profesorado una magn\u00edfica fuente de noticias, enlaces y recursos, as\u00ed como orientaciones para el &#8230; <a class=\"continue-reading-link\" href=\"https:\/\/wp.catedu.es\/geohistoria\/creha\/\"> Continue reading<\/a><\/p>\n","protected":false},"author":143,"featured_media":0,"parent":0,"menu_order":0,"comment_status":"closed","ping_status":"closed","template":"","meta":{"footnotes":""},"class_list":["post-32","page","type-page","status-publish","hentry"],"_links":{"self":[{"href":"https:\/\/wp.catedu.es\/geohistoria\/wp-json\/wp\/v2\/pages\/32","targetHints":{"allow":["GET"]}}],"collection":[{"href":"https:\/\/wp.catedu.es\/geohistoria\/wp-json\/wp\/v2\/pages"}],"about":[{"href":"https:\/\/wp.catedu.es\/geohistoria\/wp-json\/wp\/v2\/types\/page"}],"author":[{"embeddable":true,"href":"https:\/\/wp.catedu.es\/geohistoria\/wp-json\/wp\/v2\/users\/143"}],"replies":[{"embeddable":true,"href":"https:\/\/wp.catedu.es\/geohistoria\/wp-json\/wp\/v2\/comments?post=32"}],"version-history":[{"count":1,"href":"https:\/\/wp.catedu.es\/geohistoria\/wp-json\/wp\/v2\/pages\/32\/revisions"}],"predecessor-version":[{"id":34,"href":"https:\/\/wp.catedu.es\/geohistoria\/wp-json\/wp\/v2\/pages\/32\/revisions\/34"}],"wp:attachment":[{"href":"https:\/\/wp.catedu.es\/geohistoria\/wp-json\/wp\/v2\/media?parent=32"}],"curies":[{"name":"wp","href":"https:\/\/api.w.org\/{rel}","templated":true}]}}