{"id":329,"date":"2017-03-26T18:58:37","date_gmt":"2017-03-26T17:58:37","guid":{"rendered":"http:\/\/wp.catedu.es\/geohistoria\/?page_id=329"},"modified":"2017-03-26T18:58:37","modified_gmt":"2017-03-26T17:58:37","slug":"banco-de-imagenes-geo","status":"publish","type":"page","link":"https:\/\/wp.catedu.es\/geohistoria\/banco-de-imagenes-geo\/","title":{"rendered":"Banco de im\u00e1genes Geo"},"content":{"rendered":"<p><a href=\"http:\/\/recursostic.educacion.es\/bancoimagenes\/web\/\" target=\"_blank\"><img loading=\"lazy\" decoding=\"async\" class=\"size-full wp-image-330 aligncenter\" src=\"http:\/\/wp.catedu.es\/geohistoria\/wp-content\/uploads\/sites\/77\/2017\/03\/intef.jpg\" alt=\"intef\" width=\"663\" height=\"103\" srcset=\"https:\/\/wp.catedu.es\/geohistoria\/wp-content\/uploads\/sites\/77\/2017\/03\/intef.jpg 663w, https:\/\/wp.catedu.es\/geohistoria\/wp-content\/uploads\/sites\/77\/2017\/03\/intef-300x47.jpg 300w, https:\/\/wp.catedu.es\/geohistoria\/wp-content\/uploads\/sites\/77\/2017\/03\/intef-150x23.jpg 150w\" sizes=\"auto, (max-width: 663px) 100vw, 663px\" \/><\/a><\/p>\n<p>El <strong>Banco de im\u00e1genes y sonidos del Ministerio de Educaci\u00f3n<\/strong> es una excelente fuente para obtener mapas y, sobre todo, im\u00e1genes de diferentes \u00e1reas y accidentes goegr\u00e1ficos. Un recurso que puede servir tanto al profesor para preparar un determinado tema, como para el alumno a la hora de realizar trabajos para el aula.<\/p>\n<p>Puedes acceder al Banco de Im\u00e1genes pulsando <a href=\"http:\/\/recursostic.educacion.es\/bancoimagenes\/web\/\" target=\"_blank\"><strong>AQU\u00cd<\/strong><\/a>\u00a0 o en la imagen superior.<\/p>\n<hr \/>\n<p><a href=\"http:\/\/catedu.es\/webcateduantigua\/index.php?option=com_content&amp;view=article&amp;id=302\" target=\"_blank\"><img loading=\"lazy\" decoding=\"async\" class=\"size-full wp-image-331 aligncenter\" src=\"http:\/\/wp.catedu.es\/geohistoria\/wp-content\/uploads\/sites\/77\/2017\/03\/catedu.jpg\" alt=\"catedu\" width=\"519\" height=\"111\" srcset=\"https:\/\/wp.catedu.es\/geohistoria\/wp-content\/uploads\/sites\/77\/2017\/03\/catedu.jpg 519w, https:\/\/wp.catedu.es\/geohistoria\/wp-content\/uploads\/sites\/77\/2017\/03\/catedu-300x64.jpg 300w, https:\/\/wp.catedu.es\/geohistoria\/wp-content\/uploads\/sites\/77\/2017\/03\/catedu-150x32.jpg 150w\" sizes=\"auto, (max-width: 519px) 100vw, 519px\" \/><\/a><\/p>\n<p>Desde el CATEDU tambi\u00e9n se puede acceder a un cat\u00e1logo de im\u00e1genes, efectos, sonidos, cliparts, m\u00fasica, etc. que no tengan derechos de autor para permit\u00edr el libre uso de los mismos.<\/p>\n<p>Puedes acceder desde <a href=\"http:\/\/catedu.es\/webcateduantigua\/index.php?option=com_content&amp;view=article&amp;id=302\" target=\"_blank\"><strong>AQU\u00cd<\/strong><\/a> o pulsando sobre la imagen de CATEDU.<\/p>\n<hr \/>\n<p>Aunque hay otras p\u00e1ginas de este tipo nos parece muy interesante la de <strong>\u00c1BACO-DIGITAL<\/strong>. Una empresa especializada, entre otras cosas, en fotograf\u00eda. En el enlace que proponemos , el fot\u00f3grafo <strong>Ignacio Ferrando Margel\u00ed<\/strong>,\u00a0 especializado en fotograf\u00eda de paisaje, monta\u00f1a y de viajes, dispone de una gran colecci\u00f3n de fotograf\u00edas y formatos panor\u00e1micos. En particular, se muestran unas interesantes fotograf\u00edas panor\u00e1micas de diferente s enclaves de los Pirineos.<\/p>\n<p><a href=\"http:\/\/www.abaco-digital.es\/tienda.php\" target=\"_blank\"><img loading=\"lazy\" decoding=\"async\" class=\"size-full wp-image-332 aligncenter\" src=\"http:\/\/wp.catedu.es\/geohistoria\/wp-content\/uploads\/sites\/77\/2017\/03\/abaco_digital.jpg\" alt=\"abaco_digital\" width=\"436\" height=\"85\" srcset=\"https:\/\/wp.catedu.es\/geohistoria\/wp-content\/uploads\/sites\/77\/2017\/03\/abaco_digital.jpg 436w, https:\/\/wp.catedu.es\/geohistoria\/wp-content\/uploads\/sites\/77\/2017\/03\/abaco_digital-300x58.jpg 300w, https:\/\/wp.catedu.es\/geohistoria\/wp-content\/uploads\/sites\/77\/2017\/03\/abaco_digital-150x29.jpg 150w\" sizes=\"auto, (max-width: 436px) 100vw, 436px\" \/><\/a><\/p>\n<p>Para acceder a \u00c1baco-Digital pulsa <strong><a href=\"http:\/\/www.abaco-digital.es\/galeria.php\" target=\"_blank\">AQU\u00cd <\/a><\/strong>o en la imagen superior.<\/p>\n<hr \/>\n<p>Para obtener im\u00e1genes de geograf\u00eda f\u00edsica de Espa\u00f1a puedes acceder a la p\u00e1gina del <strong>Instituto Geol\u00f3gico y Minero de Espa\u00f1a<\/strong> (<a href=\"http:\/\/www.igme.es\/patrimonio\/default.htm\" target=\"_blank\"><strong>AQU\u00cd<\/strong><\/a>)<\/p>\n<hr \/>\n<p>Colecci\u00f3n de infograf\u00edas sobre medio ambiente ofrecida por <a href=\"http:\/\/www.consumer.es\/medio-ambiente\/infografias\/\" target=\"_blank\">Erosky-Consumer<\/a><\/p>\n<hr \/>\n<p>&nbsp;<\/p>\n","protected":false},"excerpt":{"rendered":"<p>El Banco de im\u00e1genes y sonidos del Ministerio de Educaci\u00f3n es una excelente fuente para obtener mapas y, sobre todo, im\u00e1genes de diferentes \u00e1reas y accidentes goegr\u00e1ficos. Un recurso que puede servir tanto al profesor para preparar un determinado tema, como para el alumno a la hora de realizar trabajos &#8230; <a class=\"continue-reading-link\" href=\"https:\/\/wp.catedu.es\/geohistoria\/banco-de-imagenes-geo\/\"> Continue reading<\/a><\/p>\n","protected":false},"author":143,"featured_media":0,"parent":0,"menu_order":0,"comment_status":"closed","ping_status":"closed","template":"","meta":{"footnotes":""},"class_list":["post-329","page","type-page","status-publish","hentry"],"_links":{"self":[{"href":"https:\/\/wp.catedu.es\/geohistoria\/wp-json\/wp\/v2\/pages\/329","targetHints":{"allow":["GET"]}}],"collection":[{"href":"https:\/\/wp.catedu.es\/geohistoria\/wp-json\/wp\/v2\/pages"}],"about":[{"href":"https:\/\/wp.catedu.es\/geohistoria\/wp-json\/wp\/v2\/types\/page"}],"author":[{"embeddable":true,"href":"https:\/\/wp.catedu.es\/geohistoria\/wp-json\/wp\/v2\/users\/143"}],"replies":[{"embeddable":true,"href":"https:\/\/wp.catedu.es\/geohistoria\/wp-json\/wp\/v2\/comments?post=329"}],"version-history":[{"count":1,"href":"https:\/\/wp.catedu.es\/geohistoria\/wp-json\/wp\/v2\/pages\/329\/revisions"}],"predecessor-version":[{"id":333,"href":"https:\/\/wp.catedu.es\/geohistoria\/wp-json\/wp\/v2\/pages\/329\/revisions\/333"}],"wp:attachment":[{"href":"https:\/\/wp.catedu.es\/geohistoria\/wp-json\/wp\/v2\/media?parent=329"}],"curies":[{"name":"wp","href":"https:\/\/api.w.org\/{rel}","templated":true}]}}