{"id":46,"date":"2017-03-14T20:33:35","date_gmt":"2017-03-14T19:33:35","guid":{"rendered":"http:\/\/wp.catedu.es\/geohistoria\/?page_id=46"},"modified":"2017-03-14T20:33:35","modified_gmt":"2017-03-14T19:33:35","slug":"artehistoria","status":"publish","type":"page","link":"https:\/\/wp.catedu.es\/geohistoria\/artehistoria\/","title":{"rendered":"arteHistoria"},"content":{"rendered":"<p><a href=\"http:\/\/www.artehistoria.com\/\" target=\"_blank\"><img loading=\"lazy\" decoding=\"async\" class=\"aligncenter size-full wp-image-47\" src=\"http:\/\/wp.catedu.es\/geohistoria\/wp-content\/uploads\/sites\/77\/2017\/03\/artehistoria_1.jpg\" alt=\"artehistoria_1\" width=\"757\" height=\"139\" srcset=\"https:\/\/wp.catedu.es\/geohistoria\/wp-content\/uploads\/sites\/77\/2017\/03\/artehistoria_1.jpg 757w, https:\/\/wp.catedu.es\/geohistoria\/wp-content\/uploads\/sites\/77\/2017\/03\/artehistoria_1-300x55.jpg 300w, https:\/\/wp.catedu.es\/geohistoria\/wp-content\/uploads\/sites\/77\/2017\/03\/artehistoria_1-250x46.jpg 250w, https:\/\/wp.catedu.es\/geohistoria\/wp-content\/uploads\/sites\/77\/2017\/03\/artehistoria_1-150x28.jpg 150w\" sizes=\"auto, (max-width: 757px) 100vw, 757px\" \/><\/a>La Junta de Castilla y Le\u00f3n ofrece este interesant\u00edsimo sitio: ArteHistoria. En \u00e9l, adem\u00e1s de destacar temas relacionados con la comunidad de Castilla y Le\u00f3n, tiene destacados contenidos de la Historia de Espa\u00f1a, Historia de Am\u00e9rica e Historia del Arte, personajes hist\u00f3ricos, una importante colecci\u00f3n de v\u00eddeos, monogr\u00e1ficos &#8230;<\/p>\n<p>\u00a1Muy recomendable! Para acceder pulsa<span class=\"Apple-converted-space\"><span style=\"color: #333333;font-family: Tahoma\">\u00a0<\/span><\/span><a href=\"http:\/\/www.artehistoria.com\/\" target=\"_blank\"><strong><span style=\"color: #333333;font-family: Tahoma\">AQU\u00cd<\/span><\/strong><\/a><span class=\"Apple-converted-space\"><span style=\"color: #333333;font-family: Tahoma\">\u00a0<\/span><\/span>o en la imagen superior.<\/p>\n<p>Entre otros apartados espec\u00edficos que trata este sitio Web destacan los dedicados a:<img loading=\"lazy\" decoding=\"async\" class=\"aligncenter size-full wp-image-48\" src=\"http:\/\/wp.catedu.es\/geohistoria\/wp-content\/uploads\/sites\/77\/2017\/03\/artehistoria_2.jpg\" alt=\"artehistoria_2\" width=\"199\" height=\"365\" srcset=\"https:\/\/wp.catedu.es\/geohistoria\/wp-content\/uploads\/sites\/77\/2017\/03\/artehistoria_2.jpg 199w, https:\/\/wp.catedu.es\/geohistoria\/wp-content\/uploads\/sites\/77\/2017\/03\/artehistoria_2-164x300.jpg 164w, https:\/\/wp.catedu.es\/geohistoria\/wp-content\/uploads\/sites\/77\/2017\/03\/artehistoria_2-82x150.jpg 82w\" sizes=\"auto, (max-width: 199px) 100vw, 199px\" \/><\/p>\n","protected":false},"excerpt":{"rendered":"<p>La Junta de Castilla y Le\u00f3n ofrece este interesant\u00edsimo sitio: ArteHistoria. En \u00e9l, adem\u00e1s de destacar temas relacionados con la comunidad de Castilla y Le\u00f3n, tiene destacados contenidos de la Historia de Espa\u00f1a, Historia de Am\u00e9rica e Historia del Arte, personajes hist\u00f3ricos, una importante colecci\u00f3n de v\u00eddeos, monogr\u00e1ficos &#8230; \u00a1Muy &#8230; <a class=\"continue-reading-link\" href=\"https:\/\/wp.catedu.es\/geohistoria\/artehistoria\/\"> Continue reading<\/a><\/p>\n","protected":false},"author":143,"featured_media":0,"parent":0,"menu_order":0,"comment_status":"closed","ping_status":"closed","template":"","meta":{"footnotes":""},"class_list":["post-46","page","type-page","status-publish","hentry"],"_links":{"self":[{"href":"https:\/\/wp.catedu.es\/geohistoria\/wp-json\/wp\/v2\/pages\/46","targetHints":{"allow":["GET"]}}],"collection":[{"href":"https:\/\/wp.catedu.es\/geohistoria\/wp-json\/wp\/v2\/pages"}],"about":[{"href":"https:\/\/wp.catedu.es\/geohistoria\/wp-json\/wp\/v2\/types\/page"}],"author":[{"embeddable":true,"href":"https:\/\/wp.catedu.es\/geohistoria\/wp-json\/wp\/v2\/users\/143"}],"replies":[{"embeddable":true,"href":"https:\/\/wp.catedu.es\/geohistoria\/wp-json\/wp\/v2\/comments?post=46"}],"version-history":[{"count":1,"href":"https:\/\/wp.catedu.es\/geohistoria\/wp-json\/wp\/v2\/pages\/46\/revisions"}],"predecessor-version":[{"id":50,"href":"https:\/\/wp.catedu.es\/geohistoria\/wp-json\/wp\/v2\/pages\/46\/revisions\/50"}],"wp:attachment":[{"href":"https:\/\/wp.catedu.es\/geohistoria\/wp-json\/wp\/v2\/media?parent=46"}],"curies":[{"name":"wp","href":"https:\/\/api.w.org\/{rel}","templated":true}]}}