{"id":64,"date":"2017-03-14T21:24:45","date_gmt":"2017-03-14T20:24:45","guid":{"rendered":"http:\/\/wp.catedu.es\/geohistoria\/?page_id=64"},"modified":"2020-09-13T11:11:39","modified_gmt":"2020-09-13T10:11:39","slug":"colecciones-de-imagenes","status":"publish","type":"page","link":"https:\/\/wp.catedu.es\/geohistoria\/colecciones-de-imagenes\/","title":{"rendered":"Banco de im\u00e1genes"},"content":{"rendered":"<table class=\"blog\" cellspacing=\"0\" cellpadding=\"0\">\n<tbody>\n<tr>\n<td valign=\"top\">\n<div>\n<div class=\"contentpaneopen\">\n<h2 class=\"contentheading\">Web Gallery of Art<\/h2>\n<div class=\"article-tools\">\n<div class=\"article-meta\"><a href=\"http:\/\/www.wga.hu\/frames-e.html?\/art\/index.html\" target=\"_blank\" rel=\"noopener noreferrer\"><img decoding=\"async\" src=\"http:\/\/catedu.es\/ccss\/images\/stories\/Arte\/web_gallery.jpg\" border=\"0\" \/><\/a><\/div>\n<\/div>\n<div class=\"article-content\">\n<p>Web Gallery of Art permite la b\u00fasqueda de obras de arte por autor, per\u00edodo art\u00edstico, profesi\u00f3n (arquitecto, escultor, pintor, etc.), escuela pict\u00f3rica&#8230; Las im\u00e1genes tienen una buena, o muy buena, resoluci\u00f3n. Como las otras p\u00e1ginas de esta secci\u00f3n, es una buena fuente de im\u00e1genes de calidad para el uso en el trabajo de aula.<\/p>\n<p>Para acceder a la p\u00e1gina pulsa<span class=\"Apple-converted-space\">\u00a0<\/span><a href=\"http:\/\/www.wga.hu\/frames-e.html?\/art\/index.html\" target=\"_blank\" rel=\"noopener noreferrer\"><strong>AQU\u00cd<\/strong><\/a><span class=\"Apple-converted-space\">\u00a0<\/span>o sobre la imagen superior.<span class=\"article_separator\">\u00a0<\/span><\/p>\n<\/div>\n<\/div>\n<\/div>\n<\/td>\n<\/tr>\n<tr>\n<td valign=\"top\">\n<table width=\"100%\" cellspacing=\"0\" cellpadding=\"0\">\n<tbody>\n<tr>\n<td class=\"article_column\" valign=\"top\" width=\"50%\">\n<div class=\"contentpaneopen\">\n<h2 class=\"contentheading\">Ciudad de la pintura<\/h2>\n<div class=\"article-tools\">\n<div class=\"article-meta\"><a href=\"http:\/\/ciudadpintura.com\/\" target=\"_blank\" rel=\"noopener noreferrer\"><img loading=\"lazy\" decoding=\"async\" class=\"alignnone\" src=\"http:\/\/catedu.es\/ccss\/images\/stories\/Arte\/ciudad_pintura.jpg\" alt=\"\" width=\"16\" height=\"16\" border=\"0\" \/><\/a><\/div>\n<\/div>\n<div class=\"article-content\">\n<p>Ciudad de la pintura se define como la \u00abmayor pinacoteca virtual\u00bb. Ideada por la Asociaci\u00f3n \u201cAy\u00fadale a Caminar\u201d, es un espacio en INTERNET dedicado a la creaci\u00f3n y mantenimiento de puestos de trabajo para personas discapacitadas, quienes desarrollan su labor profesional en esta \u201cCiudad\u201d teniendo como meta la difusi\u00f3n del Arte.<\/p>\n<p>Cuenta con m\u00e1s de 120.000 obras pict\u00f3ricas de todos los tiempos, clasificadas por Museos, por Autores, por Estilos y por Temas. Destaca por su cuidado estilo y la calidad de las reproducciones.<\/p>\n<p>Para acceder pulsa<span class=\"Apple-converted-space\">\u00a0<\/span><a href=\"http:\/\/ciudadpintura.com\/\" target=\"_blank\" rel=\"noopener noreferrer\"><strong><span style=\"color: #333333\">AQU\u00cd<\/span><\/strong><\/a><span class=\"Apple-converted-space\">\u00a0<\/span>o sobre la imagen superior.<\/p>\n<hr \/>\n<h2>AICT<\/h2>\n<\/div>\n<\/div>\n<div class=\"contentpaneopen\">\n<div class=\"article-tools\">\n<div class=\"article-meta\"><a href=\"http:\/\/web.archive.org\/web\/20110616122152\/http:\/\/arthist.cla.umn.edu\/aict\/\" target=\"_blank\" rel=\"noopener noreferrer\"><img decoding=\"async\" src=\"http:\/\/catedu.es\/ccss\/images\/stories\/Arte\/aict.jpg\" align=\"right\" border=\"0\" \/><\/a>AICT (Art Images College Teaching) ofrece im\u00e1genes, de alta calidad, para uso educativo. Como se ve en la imagen, hay una colecci\u00f3n de im\u00e1genes (de arquitectura, escultura y pintura) desde la antig\u00fcedad hasta el siglo XX.<\/div>\n<\/div>\n<div class=\"article-content\">\n<p>AICT es la p\u00e1gina del historiador Allan T. Kohl, que se destina a l difusi\u00f3n de im\u00e1genes de arte y obras de arquitectura. Es una p\u00e1gina sin \u00e1nimo de lucro.<\/p>\n<p>Para acceder pulsa<span class=\"Apple-converted-space\">\u00a0<\/span><a href=\"http:\/\/web.archive.org\/web\/20110616122152\/http:\/\/arthist.cla.umn.edu\/aict\/\" target=\"_blank\" rel=\"noopener noreferrer\"><strong><span style=\"color: #333333\">AQU\u00cd<\/span><\/strong><\/a><span class=\"Apple-converted-space\">\u00a0<\/span>o sobre la imagen.<\/p>\n<\/div>\n<\/div>\n<\/td>\n<\/tr>\n<\/tbody>\n<\/table>\n<\/td>\n<\/tr>\n<\/tbody>\n<\/table>\n","protected":false},"excerpt":{"rendered":"<p>Web Gallery of Art Web Gallery of Art permite la b\u00fasqueda de obras de arte por autor, per\u00edodo art\u00edstico, profesi\u00f3n (arquitecto, escultor, pintor, etc.), escuela pict\u00f3rica&#8230; Las im\u00e1genes tienen una buena, o muy buena, resoluci\u00f3n. Como las otras p\u00e1ginas de esta secci\u00f3n, es una buena fuente de im\u00e1genes de calidad &#8230; <a class=\"continue-reading-link\" href=\"https:\/\/wp.catedu.es\/geohistoria\/colecciones-de-imagenes\/\"> Continue reading<\/a><\/p>\n","protected":false},"author":143,"featured_media":0,"parent":0,"menu_order":0,"comment_status":"closed","ping_status":"closed","template":"","meta":{"footnotes":""},"class_list":["post-64","page","type-page","status-publish","hentry"],"_links":{"self":[{"href":"https:\/\/wp.catedu.es\/geohistoria\/wp-json\/wp\/v2\/pages\/64","targetHints":{"allow":["GET"]}}],"collection":[{"href":"https:\/\/wp.catedu.es\/geohistoria\/wp-json\/wp\/v2\/pages"}],"about":[{"href":"https:\/\/wp.catedu.es\/geohistoria\/wp-json\/wp\/v2\/types\/page"}],"author":[{"embeddable":true,"href":"https:\/\/wp.catedu.es\/geohistoria\/wp-json\/wp\/v2\/users\/143"}],"replies":[{"embeddable":true,"href":"https:\/\/wp.catedu.es\/geohistoria\/wp-json\/wp\/v2\/comments?post=64"}],"version-history":[{"count":6,"href":"https:\/\/wp.catedu.es\/geohistoria\/wp-json\/wp\/v2\/pages\/64\/revisions"}],"predecessor-version":[{"id":464,"href":"https:\/\/wp.catedu.es\/geohistoria\/wp-json\/wp\/v2\/pages\/64\/revisions\/464"}],"wp:attachment":[{"href":"https:\/\/wp.catedu.es\/geohistoria\/wp-json\/wp\/v2\/media?parent=64"}],"curies":[{"name":"wp","href":"https:\/\/api.w.org\/{rel}","templated":true}]}}