{"id":105,"date":"2018-03-14T09:03:03","date_gmt":"2018-03-14T08:03:03","guid":{"rendered":"http:\/\/wp.catedu.es\/inspeccioneducacionteruel\/?page_id=105"},"modified":"2018-03-15T14:58:52","modified_gmt":"2018-03-15T13:58:52","slug":"convivencia-escolar","status":"publish","type":"page","link":"https:\/\/wp.catedu.es\/inspeccioneducacionteruel\/centros-educativos\/convivencia-escolar\/","title":{"rendered":"Teruel CONVIVE"},"content":{"rendered":"<p>&#8220;Teruel convive&#8221; es un proyecto que pretende fomentar el trabajo de la convivencia y la educaci\u00f3n emocional en los centros educativos de la provincia de Teruel. Se inici\u00f3 trabajando en red con docentes, orientadores, asesores de formaci\u00f3n e inspectores de educaci\u00f3n. Como resultado de este grupo de trabajo, disponemos de una recopilaci\u00f3n de buenas pr\u00e1cticas que se llevan a cabo en los centros de la provincia de Teruel. Todas ellas est\u00e1n a disposici\u00f3n de las personas interesadas en la p\u00e1gina web Teruel Convive <a href=\"http:\/\/wp.catedu.es\/convivencia\/\">http:\/\/wp.catedu.es\/convivencia\/<\/a><\/p>\n<p>La finalidad de esta iniciativa es favorecer y facilitar el trabajo de la competencia socioemocional de nuestro alumnado, para que redunde en una mejora de su aprendizaje y bienestar en la escuela.<\/p>\n<p>El reto actual del grupo de trabajo es dise\u00f1ar un itinerario de tutor\u00eda para facilitar la intervenci\u00f3n de los docnetes en el aula.<\/p>\n<p>Te dejamos una <a href=\"http:\/\/wp.catedu.es\/convivencia\/presentacion-web\/\">presentaci\u00f3n<\/a> para que conozcas la p\u00e1gina.<\/p>\n<p>&nbsp;<\/p>\n\n<div class=\"twitter-share\"><a href=\"https:\/\/twitter.com\/intent\/tweet?via=eduinsteruel\" class=\"twitter-share-button\" data-size=\"large\">Twittear<\/a><\/div>\n","protected":false},"excerpt":{"rendered":"<p>&#8220;Teruel convive&#8221; es un proyecto que pretende fomentar el trabajo de la convivencia y la educaci\u00f3n emocional en los centros educativos de la provincia de Teruel. Se inici\u00f3 trabajando en red con docentes, orientadores, asesores de formaci\u00f3n e inspectores de educaci\u00f3n. Como resultado de este grupo de trabajo, disponemos de una recopilaci\u00f3n de buenas pr\u00e1cticas&#8230;<\/p>\n","protected":false},"author":200,"featured_media":156,"parent":12,"menu_order":4,"comment_status":"closed","ping_status":"closed","template":"","meta":{"_s2mail":"","footnotes":""},"class_list":["post-105","page","type-page","status-publish","has-post-thumbnail","hentry"],"_links":{"self":[{"href":"https:\/\/wp.catedu.es\/inspeccioneducacionteruel\/wp-json\/wp\/v2\/pages\/105","targetHints":{"allow":["GET"]}}],"collection":[{"href":"https:\/\/wp.catedu.es\/inspeccioneducacionteruel\/wp-json\/wp\/v2\/pages"}],"about":[{"href":"https:\/\/wp.catedu.es\/inspeccioneducacionteruel\/wp-json\/wp\/v2\/types\/page"}],"author":[{"embeddable":true,"href":"https:\/\/wp.catedu.es\/inspeccioneducacionteruel\/wp-json\/wp\/v2\/users\/200"}],"replies":[{"embeddable":true,"href":"https:\/\/wp.catedu.es\/inspeccioneducacionteruel\/wp-json\/wp\/v2\/comments?post=105"}],"version-history":[{"count":4,"href":"https:\/\/wp.catedu.es\/inspeccioneducacionteruel\/wp-json\/wp\/v2\/pages\/105\/revisions"}],"predecessor-version":[{"id":157,"href":"https:\/\/wp.catedu.es\/inspeccioneducacionteruel\/wp-json\/wp\/v2\/pages\/105\/revisions\/157"}],"up":[{"embeddable":true,"href":"https:\/\/wp.catedu.es\/inspeccioneducacionteruel\/wp-json\/wp\/v2\/pages\/12"}],"wp:featuredmedia":[{"embeddable":true,"href":"https:\/\/wp.catedu.es\/inspeccioneducacionteruel\/wp-json\/wp\/v2\/media\/156"}],"wp:attachment":[{"href":"https:\/\/wp.catedu.es\/inspeccioneducacionteruel\/wp-json\/wp\/v2\/media?parent=105"}],"curies":[{"name":"wp","href":"https:\/\/api.w.org\/{rel}","templated":true}]}}