{"id":158,"date":"2018-03-19T22:23:06","date_gmt":"2018-03-19T21:23:06","guid":{"rendered":"http:\/\/wp.catedu.es\/inspeccioneducacionteruel\/?page_id=158"},"modified":"2018-03-19T22:33:04","modified_gmt":"2018-03-19T21:33:04","slug":"recursos","status":"publish","type":"page","link":"https:\/\/wp.catedu.es\/inspeccioneducacionteruel\/centros-educativos\/recursos\/","title":{"rendered":"Recursos"},"content":{"rendered":"<p>En esta p\u00e1gina queremos poner a tu disposici\u00f3n diferentes entradas con materiales y recursos did\u00e1cticos y organizativos para facilitar la gesti\u00f3n del centro y del aula. Igualmente, vamos a colocar en lugar preferente lecturas interesantes sobre temas educativos.<\/p>\n\n<div class=\"twitter-share\"><a href=\"https:\/\/twitter.com\/intent\/tweet?via=eduinsteruel\" class=\"twitter-share-button\" data-size=\"large\">Twittear<\/a><\/div>\n","protected":false},"excerpt":{"rendered":"<p>En esta p\u00e1gina queremos poner a tu disposici\u00f3n diferentes entradas con materiales y recursos did\u00e1cticos y organizativos para facilitar la gesti\u00f3n del centro y del aula. Igualmente, vamos a colocar en lugar preferente lecturas interesantes sobre temas educativos.<\/p>\n","protected":false},"author":200,"featured_media":0,"parent":12,"menu_order":5,"comment_status":"closed","ping_status":"closed","template":"","meta":{"_s2mail":"","footnotes":""},"class_list":["post-158","page","type-page","status-publish","hentry"],"_links":{"self":[{"href":"https:\/\/wp.catedu.es\/inspeccioneducacionteruel\/wp-json\/wp\/v2\/pages\/158","targetHints":{"allow":["GET"]}}],"collection":[{"href":"https:\/\/wp.catedu.es\/inspeccioneducacionteruel\/wp-json\/wp\/v2\/pages"}],"about":[{"href":"https:\/\/wp.catedu.es\/inspeccioneducacionteruel\/wp-json\/wp\/v2\/types\/page"}],"author":[{"embeddable":true,"href":"https:\/\/wp.catedu.es\/inspeccioneducacionteruel\/wp-json\/wp\/v2\/users\/200"}],"replies":[{"embeddable":true,"href":"https:\/\/wp.catedu.es\/inspeccioneducacionteruel\/wp-json\/wp\/v2\/comments?post=158"}],"version-history":[{"count":3,"href":"https:\/\/wp.catedu.es\/inspeccioneducacionteruel\/wp-json\/wp\/v2\/pages\/158\/revisions"}],"predecessor-version":[{"id":162,"href":"https:\/\/wp.catedu.es\/inspeccioneducacionteruel\/wp-json\/wp\/v2\/pages\/158\/revisions\/162"}],"up":[{"embeddable":true,"href":"https:\/\/wp.catedu.es\/inspeccioneducacionteruel\/wp-json\/wp\/v2\/pages\/12"}],"wp:attachment":[{"href":"https:\/\/wp.catedu.es\/inspeccioneducacionteruel\/wp-json\/wp\/v2\/media?parent=158"}],"curies":[{"name":"wp","href":"https:\/\/api.w.org\/{rel}","templated":true}]}}