{"id":17,"date":"2018-02-13T14:33:18","date_gmt":"2018-02-13T13:33:18","guid":{"rendered":"http:\/\/wp.catedu.es\/inspeccioneducacionteruel\/?page_id=17"},"modified":"2020-03-02T11:35:14","modified_gmt":"2020-03-02T10:35:14","slug":"normativa","status":"publish","type":"page","link":"https:\/\/wp.catedu.es\/inspeccioneducacionteruel\/normativa\/","title":{"rendered":"Normativa"},"content":{"rendered":"<p style=\"text-align: justify\">Pinchando en este enlace ( <a href=\"http:\/\/legislacioneducativa.ftp.catedu.es\/\">http:\/\/legislacioneducativa.ftp.catedu.es\/<\/a> ) puedes acceder a una p\u00e1gina web con la normativa educativa estatal y auton\u00f3mica. Se actualiza peri\u00f3dicamente por parte de los inspectores del Servicio Provincial y, para facilitar su manejo, te recomendamos que descargues el \u00edndice (\u00edndice abreviado e \u00edndice extenso) y, as\u00ed, te hagas una idea r\u00e1pida de c\u00f3mo se ha estructurado la informaci\u00f3n.<\/p>\n<p style=\"text-align: justify\">Una advertencia importante: esta p\u00e1gina no tiene car\u00e1cter oficial y, por tanto, conviene acudir, en su caso, tambi\u00e9n a las fuentes originales recogidas en el Bolet\u00edn Oficial del Estado y en el Bolet\u00edn Oficial de Arag\u00f3n.<\/p>\n<p style=\"text-align: justify\"><a href=\"http:\/\/wp.catedu.es\/inspeccioneducacionteruel\/wp-content\/uploads\/sites\/108\/2020\/03\/Indice_legislativo.pdf\">Indice_legislativo<\/a><\/p>\n\n<div class=\"twitter-share\"><a href=\"https:\/\/twitter.com\/intent\/tweet?via=eduinsteruel\" class=\"twitter-share-button\" data-size=\"large\">Twittear<\/a><\/div>\n","protected":false},"excerpt":{"rendered":"<p>Pinchando en este enlace ( http:\/\/legislacioneducativa.ftp.catedu.es\/ ) puedes acceder a una p\u00e1gina web con la normativa educativa estatal y auton\u00f3mica. Se actualiza peri\u00f3dicamente por parte de los inspectores del Servicio Provincial y, para facilitar su manejo, te recomendamos que descargues el \u00edndice (\u00edndice abreviado e \u00edndice extenso) y, as\u00ed, te hagas una idea r\u00e1pida de&#8230;<\/p>\n","protected":false},"author":200,"featured_media":0,"parent":0,"menu_order":0,"comment_status":"closed","ping_status":"closed","template":"","meta":{"_s2mail":"","footnotes":""},"class_list":["post-17","page","type-page","status-publish","hentry"],"_links":{"self":[{"href":"https:\/\/wp.catedu.es\/inspeccioneducacionteruel\/wp-json\/wp\/v2\/pages\/17","targetHints":{"allow":["GET"]}}],"collection":[{"href":"https:\/\/wp.catedu.es\/inspeccioneducacionteruel\/wp-json\/wp\/v2\/pages"}],"about":[{"href":"https:\/\/wp.catedu.es\/inspeccioneducacionteruel\/wp-json\/wp\/v2\/types\/page"}],"author":[{"embeddable":true,"href":"https:\/\/wp.catedu.es\/inspeccioneducacionteruel\/wp-json\/wp\/v2\/users\/200"}],"replies":[{"embeddable":true,"href":"https:\/\/wp.catedu.es\/inspeccioneducacionteruel\/wp-json\/wp\/v2\/comments?post=17"}],"version-history":[{"count":16,"href":"https:\/\/wp.catedu.es\/inspeccioneducacionteruel\/wp-json\/wp\/v2\/pages\/17\/revisions"}],"predecessor-version":[{"id":558,"href":"https:\/\/wp.catedu.es\/inspeccioneducacionteruel\/wp-json\/wp\/v2\/pages\/17\/revisions\/558"}],"wp:attachment":[{"href":"https:\/\/wp.catedu.es\/inspeccioneducacionteruel\/wp-json\/wp\/v2\/media?parent=17"}],"curies":[{"name":"wp","href":"https:\/\/api.w.org\/{rel}","templated":true}]}}