{"id":24,"date":"2025-12-16T11:08:26","date_gmt":"2025-12-16T10:08:26","guid":{"rendered":"http:\/\/wp.catedu.es\/inspeccioneducacionteruel\/?page_id=24"},"modified":"2025-12-17T08:35:23","modified_gmt":"2025-12-17T07:35:23","slug":"plan-provincial-de-actividades","status":"publish","type":"page","link":"https:\/\/wp.catedu.es\/inspeccioneducacionteruel\/inspeccion-de-educacion\/plan-provincial-de-actividades\/","title":{"rendered":"Plan Provincial de Actividades 2025-2026"},"content":{"rendered":"<p><img loading=\"lazy\" decoding=\"async\" class=\"alignnone size-medium wp-image-810\" src=\"http:\/\/wp.catedu.es\/inspeccioneducacionteruel\/wp-content\/uploads\/sites\/108\/2022\/10\/SPECD_Teruel-300x176.jpeg\" alt=\"\" width=\"300\" height=\"176\" srcset=\"https:\/\/wp.catedu.es\/inspeccioneducacionteruel\/wp-content\/uploads\/sites\/108\/2022\/10\/SPECD_Teruel-300x176.jpeg 300w, https:\/\/wp.catedu.es\/inspeccioneducacionteruel\/wp-content\/uploads\/sites\/108\/2022\/10\/SPECD_Teruel.jpeg 408w\" sizes=\"auto, (max-width: 300px) 100vw, 300px\" \/><\/p>\n<p style=\"text-align: justify\">El <strong>Plan Provincial de Actividades<\/strong> recoge con car\u00e1cter anual el conjunto de actuaciones que realiza la Inspecci\u00f3n de Educaci\u00f3n de Teruel para cumplir, a su vez, con los objetivos establecidos en el <a href=\"https:\/\/educa.aragon.es\/documents\/20126\/3160636\/Resoluci%C3%B3n+de+30-10-2025+se+aprueba+el+PGA+2025-2028.pdf\/f677aaf5-eefb-98be-332d-17742b433ea9?t=1763452628082\">Plan General de Actuaci\u00f3n de la Inspecci\u00f3n de Educaci\u00f3n<\/a> y <a href=\"https:\/\/educa.aragon.es\/documents\/20126\/3160636\/ANEXO+PGA+INSPECCI%C3%93N-CSVZC6MIPD4IT1H0XFIL.pdf\/92a25111-79ce-b461-5615-c3c2d6579d14?t=1763452865320\">anexos<\/a> (BOA de 18 de noviembre de 2025) y con las <a href=\"https:\/\/educa.aragon.es\/documents\/20126\/3160636\/CSVKH3YV1H2J11Y0XFIL+INSTRUCCIONES+DE+LA+DIRECTORA+DE+LA+INSPECCI%C3%93N+DE+EDUCACI%C3%93N+PARA+LAS+INSPECCIONES+PROVINCIALES+PGA+25-26.pdf\/84cdf436-fd96-fba4-8bc0-7c2e63bd4b20?t=1763622210257\">Instrucciones Desarrollo PGA IE 25-26<\/a>. Durante este curso las actuaciones de la Inspecci\u00f3n de Educaci\u00f3n se van a centrar, principalmente, en los siguientes \u00e1mbitos: <span id=\"page33R_mcid4\" class=\"markedContent\"><strong><span dir=\"ltr\" role=\"presentation\">colaborar<\/span> <span dir=\"ltr\" role=\"presentation\">con los centros<\/span> <span dir=\"ltr\" role=\"presentation\">en<\/span> <span dir=\"ltr\" role=\"presentation\">el desarrollo y <\/span><span dir=\"ltr\" role=\"presentation\">ejecuci\u00f3n<\/span> <span dir=\"ltr\" role=\"presentation\">de<\/span> <span dir=\"ltr\" role=\"presentation\">sus<\/span> <span dir=\"ltr\" role=\"presentation\">planes<\/span> <span dir=\"ltr\" role=\"presentation\">de<\/span> <span dir=\"ltr\" role=\"presentation\">mejora<\/span><\/strong><span dir=\"ltr\" role=\"presentation\">,<\/span> <span dir=\"ltr\" role=\"presentation\">concebidos<\/span> <span dir=\"ltr\" role=\"presentation\">como<\/span> <span dir=\"ltr\" role=\"presentation\">herramienta<\/span> <span dir=\"ltr\" role=\"presentation\">clave<\/span> <span dir=\"ltr\" role=\"presentation\">para <\/span><span dir=\"ltr\" role=\"presentation\">transformar<\/span> <span dir=\"ltr\" role=\"presentation\">la<\/span> <span dir=\"ltr\" role=\"presentation\">realidad<\/span> <span dir=\"ltr\" role=\"presentation\">educativa y<\/span> <span dir=\"ltr\" role=\"presentation\">canalizar<\/span> <span dir=\"ltr\" role=\"presentation\">los esfuerzos hacia<\/span> <span dir=\"ltr\" role=\"presentation\">una mayor calidad (a<span id=\"page33R_mcid7\" class=\"markedContent\">compa\u00f1ar a los equipos directivos en la definici\u00f3n de sus planes de mejora y su ejecuci\u00f3n, <strong>f<\/strong><\/span><span id=\"page33R_mcid8\" class=\"markedContent\"><strong>omentar la cultura de la evaluaci\u00f3n de centro<\/strong> y d<\/span><span id=\"page33R_mcid9\" class=\"markedContent\">etectar y difundir buenas pr\u00e1cticas); <span id=\"page36R_mcid38\" class=\"markedContent\">supervisi\u00f3n de la implantaci\u00f3n de los cambios normativos en la FP; <span id=\"page37R_mcid1\" class=\"markedContent\">acompa\u00f1amiento y supervisi\u00f3n de los programas de cooperaci\u00f3n territorial del Ministerio de Educaci\u00f3n, Formaci\u00f3n Profesional y Deportes (PROA+, ARALECTO y ARCOMAT); a<span id=\"page37R_mcid2\" class=\"markedContent\">creditaci\u00f3n Erasmus+, vigente hasta 2027, y colaboraci\u00f3n con otros organismos internacionales en materia educativa; supervisi\u00f3n de la PGA y DOC; seguimiento del alumnado ACNEAE, an\u00e1lisis de la convivencia y seguimiento de los casos de acoso escolar, ideaci\u00f3n suicida y violencia de g\u00e9nero; y evaluaci\u00f3n de los funcionarios en pr\u00e1cticas que han superado el \u00faltimo concurso-oposici\u00f3n y evaluaci\u00f3n de la funci\u00f3n directiva.<\/span><\/span><\/span><\/span><\/span><\/span><\/p>\n<p style=\"text-align: justify\">Para la coordinaci\u00f3n y el desarrollo de las diferentes actuaciones se han constituido, a nivel auton\u00f3mico y provincial, cinco <strong>grupos de trabajo<\/strong>: Formaci\u00f3n Profesional, Procedimiento Disciplinario, Inclusi\u00f3n, bienes y protecci\u00f3n, Competencia digital y simplificaci\u00f3n administrativa y Evaluaci\u00f3n.<\/p>\n<p>La actuaci\u00f3n prioritaria de la Inspecci\u00f3n de Educaci\u00f3n es el fomento de la cultura de evaluaci\u00f3n de centro y con ella se pretende que <strong>la evaluaci\u00f3n del centro sea un eje vertebrador para orientar las decisiones estrat\u00e9gicas y las acciones de mejora<\/strong>. Estar\u00e1 estructura en dos \u00e1mbitos de intervenci\u00f3n de la inspecci\u00f3n: a) <strong>actuaci\u00f3n censal<\/strong> con todos los centros educativos de la provincia de Teruel, que consistir\u00e1 en la difusi\u00f3n de la <a href=\"http:\/\/wp.catedu.es\/inspeccioneducacionteruel\/wp-content\/uploads\/sites\/108\/2025\/12\/Guia-Autoevaluacion-centros.pdf\">Gu\u00eda Autoevaluaci\u00f3n centros<\/a>; y b) <strong>actuaci\u00f3n muestral<\/strong>, donde el inspector intervendr\u00e1, como evaluador externo, en los centros de la muestra, valorando, no solo la autoevaluaci\u00f3n del centro, sino otros \u00e1mbitos, de los que prioritariamente se analizar\u00e1n los procesos de ense\u00f1anza y la pr\u00e1ctica docente, bienestar docente y el bienestar del alumnado<\/p>\n<p style=\"text-align: justify\">Como actuaciones propias de la Inspecci\u00f3n Provincial de Teruel destacan: a) <strong>impulsar, en colaboraci\u00f3n con las asesor\u00edas de Ling\u00fc\u00edstica y Atenci\u00f3n de Atenci\u00f3n a la Diversidad de la Unidad de Programas Educativos, el desarrollo de la competencia ling\u00fc\u00edstica y matem\u00e1tica en todos los centros de educaci\u00f3n primaria y secundaria de la provincia de Teruel<\/strong>; b) impulsar el reconocimiento de los centros educativos de la provincia que est\u00e1n comprometidos con los derechos de la infancia, a trav\u00e9s de la <a href=\"https:\/\/www.unicef.es\/educa\/centros-referentes\">participaci\u00f3n en las convocatorias anuales de UNICEF<\/a> (actualmente, est\u00e1n reconocidos 11 centros educativos de la provincia de Teruel); y c) colaborar con la Fundaci\u00f3n Amig\u00f3 para la correcta implementaci\u00f3n del Proyecto Prisma en la ciudad de Teruel (atenci\u00f3n al alumnado que ha sido sancionado con la p\u00e9rdida del derecho de asistencia al centro, intervenci\u00f3n directa con alumnado vulnerable y sus familias).<\/p>\n<p style=\"text-align: justify\">Adem\u00e1s, <strong>el Plan Provincial<\/strong> incluye la estructura organizativa de la Inspecci\u00f3n Provincial (<a href=\"http:\/\/wp.catedu.es\/inspeccioneducacionteruel\/wp-content\/uploads\/sites\/108\/2025\/12\/Zonas-Inspeccion-25_26.pdf\">Zonas Inspeccion 25_26<\/a>), su plan de formaci\u00f3n, los mecanismos de coordinaci\u00f3n y los procedimientos de evaluaci\u00f3n y seguimiento del propio Plan de Actividades. En una palabra, <strong>es nuestro principal documento de planificaci\u00f3n anual. Puedes descargarte aqu\u00ed el documento: <a href=\"http:\/\/wp.catedu.es\/inspeccioneducacionteruel\/wp-content\/uploads\/sites\/108\/2025\/12\/Plan-Provincial-Teruel-2025-26.pdf\">Plan Provincial Teruel 2025-26<\/a><\/strong><\/p>\n<p>Aprovechamos la ocasi\u00f3n que nos brinda la presentaci\u00f3n de nuestro Plan Provincial de Actividades para insertar un podcast con la entrevista que se le hizo a la inspectora jefa, Lourdes Alcal\u00e1 Ib\u00e1\u00f1ez, sobre la situaci\u00f3n en la que se encuentra la educaci\u00f3n no universitaria en la provincia de Teruel y las perspectivas de futuro: <a href=\"https:\/\/open.spotify.com\/episode\/4rd1OKdmvPEz9CGEjd2WGc?si=ZNMHLlEzTkG2m2mqVgPofQ&amp;nd=1&amp;dlsi=3ba5055a6d6a4e38\">Br\u00fajula Educativa &#8211; \u00a1\u00a1\u00a1Algo est\u00e1 pasando!!! | Podcast on Spotify<\/a><\/p>\n\n<div class=\"twitter-share\"><a href=\"https:\/\/twitter.com\/intent\/tweet?via=eduinsteruel\" class=\"twitter-share-button\" data-size=\"large\">Twittear<\/a><\/div>\n","protected":false},"excerpt":{"rendered":"<p>El Plan Provincial de Actividades recoge con car\u00e1cter anual el conjunto de actuaciones que realiza la Inspecci\u00f3n de Educaci\u00f3n de Teruel para cumplir, a su vez, con los objetivos establecidos en el Plan General de Actuaci\u00f3n de la Inspecci\u00f3n de Educaci\u00f3n y anexos (BOA de 18 de noviembre de 2025) y con las Instrucciones Desarrollo&#8230;<\/p>\n","protected":false},"author":200,"featured_media":0,"parent":15,"menu_order":1,"comment_status":"closed","ping_status":"closed","template":"","meta":{"_s2mail":"","footnotes":""},"class_list":["post-24","page","type-page","status-publish","hentry"],"_links":{"self":[{"href":"https:\/\/wp.catedu.es\/inspeccioneducacionteruel\/wp-json\/wp\/v2\/pages\/24","targetHints":{"allow":["GET"]}}],"collection":[{"href":"https:\/\/wp.catedu.es\/inspeccioneducacionteruel\/wp-json\/wp\/v2\/pages"}],"about":[{"href":"https:\/\/wp.catedu.es\/inspeccioneducacionteruel\/wp-json\/wp\/v2\/types\/page"}],"author":[{"embeddable":true,"href":"https:\/\/wp.catedu.es\/inspeccioneducacionteruel\/wp-json\/wp\/v2\/users\/200"}],"replies":[{"embeddable":true,"href":"https:\/\/wp.catedu.es\/inspeccioneducacionteruel\/wp-json\/wp\/v2\/comments?post=24"}],"version-history":[{"count":25,"href":"https:\/\/wp.catedu.es\/inspeccioneducacionteruel\/wp-json\/wp\/v2\/pages\/24\/revisions"}],"predecessor-version":[{"id":1156,"href":"https:\/\/wp.catedu.es\/inspeccioneducacionteruel\/wp-json\/wp\/v2\/pages\/24\/revisions\/1156"}],"up":[{"embeddable":true,"href":"https:\/\/wp.catedu.es\/inspeccioneducacionteruel\/wp-json\/wp\/v2\/pages\/15"}],"wp:attachment":[{"href":"https:\/\/wp.catedu.es\/inspeccioneducacionteruel\/wp-json\/wp\/v2\/media?parent=24"}],"curies":[{"name":"wp","href":"https:\/\/api.w.org\/{rel}","templated":true}]}}