{"id":30,"date":"2018-02-15T13:15:36","date_gmt":"2018-02-15T12:15:36","guid":{"rendered":"http:\/\/wp.catedu.es\/inspeccioneducacionteruel\/?page_id=30"},"modified":"2018-04-09T21:41:27","modified_gmt":"2018-04-09T20:41:27","slug":"recursos","status":"publish","type":"page","link":"https:\/\/wp.catedu.es\/inspeccioneducacionteruel\/inspeccion-de-educacion\/recursos\/","title":{"rendered":"Recursos"},"content":{"rendered":"<p style=\"text-align: justify\">En esta p\u00e1gina queremos ir subiendo documentaci\u00f3n, materiales y recursos que ayudan al trabajo cotidiano del inspector de educaci\u00f3n.<\/p>\n<p style=\"text-align: justify\">Podemos comenzar por los enlaces a las revistas profesionales de mayor difusi\u00f3n en nuestro pa\u00eds:<\/p>\n<p style=\"text-align: justify\">Avances en Supervisi\u00f3n Educativa, revista de ADIDE <a href=\"https:\/\/avances.adide.org\/index.php\/ase\">https:\/\/avances.adide.org\/index.php\/ase<\/a><\/p>\n<p style=\"text-align: justify\">Supervisi\u00f3n 21, revista de USIE <a href=\"http:\/\/usie.es\/supervision-21\/\">http:\/\/usie.es\/supervision-21\/<\/a><\/p>\n<p style=\"text-align: justify\">\u00a0Tambi\u00e9n hemos realizado una selecci\u00f3n de libros y art\u00edculos sobre la tem\u00e1tica &#8220;Inspecci\u00f3n y supervisi\u00f3n educativa&#8221; que est\u00e1n disponibles en la web y que te pueden ayudar a comprender el funcionamiento y organizaci\u00f3n de la Inspecci\u00f3n de Educaci\u00f3n, sus principales funciones y tareas y, tambi\u00e9n, la problem\u00e1tica que vive este colectivo profesional.<\/p>\n<p style=\"text-align: justify\"><div class=\"ead-preview\"><div class=\"ead-document\" style=\"position: relative;padding-top: 90%;\"><div class=\"ead-iframe-wrapper\"><iframe src=\"\/\/docs.google.com\/viewer?url=http%3A%2F%2Fwp.catedu.es%2Finspeccioneducacionteruel%2Fwp-content%2Fuploads%2Fsites%2F108%2F2018%2F02%2FRecursos_supervision_inspeccion.pdf&amp;embedded=true&amp;hl=en\" title=\"Documento incrustado\" class=\"ead-iframe\" style=\"width: 100%;height: 100%;border: none;position: absolute;left: 0;top: 0;visibility: hidden;\"><\/iframe><\/div>\t\t\t<div class=\"ead-document-loading\" style=\"width:100%;height:100%;position:absolute;left:0;top:0;z-index:10;\">\n\t\t\t\t<div class=\"ead-loading-wrap\">\n\t\t\t\t\t<div class=\"ead-loading-main\">\n\t\t\t\t\t\t<div class=\"ead-loading\">\n\t\t\t\t\t\t\t<img loading=\"lazy\" decoding=\"async\" src=\"https:\/\/wp.catedu.es\/inspeccioneducacionteruel\/wp-content\/plugins\/embed-any-document\/images\/loading.svg\" width=\"55\" height=\"55\" alt=\"Cargador\">\n\t\t\t\t\t\t\t<span>Cargando...<\/span>\n\t\t\t\t\t\t<\/div>\n\t\t\t\t\t<\/div>\n\t\t\t\t\t<div class=\"ead-loading-foot\">\n\t\t\t\t\t\t<div class=\"ead-loading-foot-title\">\n\t\t\t\t\t\t\t<img loading=\"lazy\" decoding=\"async\" src=\"https:\/\/wp.catedu.es\/inspeccioneducacionteruel\/wp-content\/plugins\/embed-any-document\/images\/EAD-logo.svg\" alt=\"Logotipo de EAD\" width=\"36\" height=\"23\"\/>\n\t\t\t\t\t\t\t<span>\u00bfTarda demasiado?<\/span>\n\t\t\t\t\t\t<\/div>\n\t\t\t\t\t\t<p>\n\t\t\t\t\t\t\t<div class=\"ead-document-btn ead-reload-btn\" role=\"button\">\n\t\t\t\t\t\t\t\t<img loading=\"lazy\" decoding=\"async\" src=\"https:\/\/wp.catedu.es\/inspeccioneducacionteruel\/wp-content\/plugins\/embed-any-document\/images\/reload.svg\" alt=\"Recargar\" width=\"12\" height=\"12\"\/> Recargar el documento\t\t\t\t\t\t\t<\/div>\n\t\t\t\t\t\t\t<span>|<\/span>\n\t\t\t\t\t\t\t<a href=\"http:\/\/wp.catedu.es\/inspeccioneducacionteruel\/wp-content\/uploads\/sites\/108\/2018\/02\/Recursos_supervision_inspeccion.pdf\" class=\"ead-document-btn\" target=\"_blank\">\n\t\t\t\t\t\t\t\t<img loading=\"lazy\" decoding=\"async\" src=\"https:\/\/wp.catedu.es\/inspeccioneducacionteruel\/wp-content\/plugins\/embed-any-document\/images\/open.svg\" alt=\"Abrir\" width=\"12\" height=\"12\"\/> Abrir en una nueva pesta\u00f1a\t\t\t\t\t\t\t<\/a>\n\t\t\t\t\t<\/div>\n\t\t\t\t<\/div>\n\t\t\t<\/div>\n\t\t<\/div><p class=\"embed_download\"><a href=\"http:\/\/wp.catedu.es\/inspeccioneducacionteruel\/wp-content\/uploads\/sites\/108\/2018\/02\/Recursos_supervision_inspeccion.pdf\" download>Descargar <\/a><\/p><\/div><\/p>\n\n<div class=\"twitter-share\"><a href=\"https:\/\/twitter.com\/intent\/tweet?via=eduinsteruel\" class=\"twitter-share-button\" data-size=\"large\">Twittear<\/a><\/div>\n","protected":false},"excerpt":{"rendered":"<p>En esta p\u00e1gina queremos ir subiendo documentaci\u00f3n, materiales y recursos que ayudan al trabajo cotidiano del inspector de educaci\u00f3n. Podemos comenzar por los enlaces a las revistas profesionales de mayor difusi\u00f3n en nuestro pa\u00eds: Avances en Supervisi\u00f3n Educativa, revista de ADIDE https:\/\/avances.adide.org\/index.php\/ase Supervisi\u00f3n 21, revista de USIE http:\/\/usie.es\/supervision-21\/ \u00a0Tambi\u00e9n hemos realizado una selecci\u00f3n de libros&#8230;<\/p>\n","protected":false},"author":200,"featured_media":0,"parent":15,"menu_order":4,"comment_status":"closed","ping_status":"closed","template":"","meta":{"_s2mail":"","footnotes":""},"class_list":["post-30","page","type-page","status-publish","hentry"],"_links":{"self":[{"href":"https:\/\/wp.catedu.es\/inspeccioneducacionteruel\/wp-json\/wp\/v2\/pages\/30","targetHints":{"allow":["GET"]}}],"collection":[{"href":"https:\/\/wp.catedu.es\/inspeccioneducacionteruel\/wp-json\/wp\/v2\/pages"}],"about":[{"href":"https:\/\/wp.catedu.es\/inspeccioneducacionteruel\/wp-json\/wp\/v2\/types\/page"}],"author":[{"embeddable":true,"href":"https:\/\/wp.catedu.es\/inspeccioneducacionteruel\/wp-json\/wp\/v2\/users\/200"}],"replies":[{"embeddable":true,"href":"https:\/\/wp.catedu.es\/inspeccioneducacionteruel\/wp-json\/wp\/v2\/comments?post=30"}],"version-history":[{"count":5,"href":"https:\/\/wp.catedu.es\/inspeccioneducacionteruel\/wp-json\/wp\/v2\/pages\/30\/revisions"}],"predecessor-version":[{"id":186,"href":"https:\/\/wp.catedu.es\/inspeccioneducacionteruel\/wp-json\/wp\/v2\/pages\/30\/revisions\/186"}],"up":[{"embeddable":true,"href":"https:\/\/wp.catedu.es\/inspeccioneducacionteruel\/wp-json\/wp\/v2\/pages\/15"}],"wp:attachment":[{"href":"https:\/\/wp.catedu.es\/inspeccioneducacionteruel\/wp-json\/wp\/v2\/media?parent=30"}],"curies":[{"name":"wp","href":"https:\/\/api.w.org\/{rel}","templated":true}]}}