{"id":70,"date":"2019-11-06T21:44:44","date_gmt":"2019-11-06T20:44:44","guid":{"rendered":"http:\/\/wp.catedu.es\/jornadasefzaragozacampodeborja\/?page_id=70"},"modified":"2025-06-04T00:43:31","modified_gmt":"2025-06-03T22:43:31","slug":"borja-turismo","status":"publish","type":"page","link":"https:\/\/wp.catedu.es\/jornadasefzaragozacampodeborja\/borja-turismo\/","title":{"rendered":"14 OCHOMILES"},"content":{"rendered":"\n<div class=\"wp-block-cover alignwide wp-duotone-purple-green\" style=\"min-height:660px;aspect-ratio:unset;\"><img loading=\"lazy\" decoding=\"async\" width=\"1024\" height=\"687\" class=\"wp-block-cover__image-background wp-image-982 size-large\" alt=\"\" src=\"https:\/\/wp.catedu.es\/jornadasefzaragozacampodeborja\/wp-content\/uploads\/sites\/149\/2025\/06\/14ochomiles-negro-1024x687.png\" data-object-fit=\"cover\" srcset=\"https:\/\/wp.catedu.es\/jornadasefzaragozacampodeborja\/wp-content\/uploads\/sites\/149\/2025\/06\/14ochomiles-negro-1024x687.png 1024w, https:\/\/wp.catedu.es\/jornadasefzaragozacampodeborja\/wp-content\/uploads\/sites\/149\/2025\/06\/14ochomiles-negro-300x201.png 300w, https:\/\/wp.catedu.es\/jornadasefzaragozacampodeborja\/wp-content\/uploads\/sites\/149\/2025\/06\/14ochomiles-negro-768x516.png 768w, https:\/\/wp.catedu.es\/jornadasefzaragozacampodeborja\/wp-content\/uploads\/sites\/149\/2025\/06\/14ochomiles-negro-1536x1031.png 1536w, https:\/\/wp.catedu.es\/jornadasefzaragozacampodeborja\/wp-content\/uploads\/sites\/149\/2025\/06\/14ochomiles-negro-2048x1375.png 2048w\" sizes=\"auto, (max-width: 1024px) 100vw, 1024px\" \/><span aria-hidden=\"true\" class=\"wp-block-cover__background has-background-dim\" style=\"background-color:#020202\"><\/span><div class=\"wp-block-cover__inner-container is-layout-constrained wp-block-cover-is-layout-constrained\">\n<p class=\"has-text-align-center\"><strong>EL PROYECTO<\/strong><\/p>\n\n\n\n<p>Este proyecto esta creado por el Club Seminario de Docentes de las Comarcas de Borja y Tarazona para impulsar la actividad f\u00edsica en la poblaci\u00f3n relacionada con los centros educativos de las comarcas, el conocimiento del medio natural y del entorno cultural y humano de nuestro entorno pr\u00f3ximo. <\/p>\n\n\n\n<p>El reto del Proyecto consiste en hollar las 14 cimas propuestas (modalidad sherpa) del entorno de la Comarca de Borja y Tarazona. Los m\u00e1s peque\u00f1os, o aquellas personas que no se vean con la forma f\u00edsica de momento para alcanzar este reto, se les ofrece el mismo reto, pero con s\u00f3lo 7 cimas de las propuestas, las m\u00e1s bajas con las misma recompensa (modalidad monta\u00f1ero).<\/p>\n<p style=\"text-align: center;\">\u00a0<\/p>\n<p style=\"text-align: center;\"><strong>\u00bfQU\u00c9 NECESITO?<\/strong><\/p>\n<ul style=\"list-style-type: disc;\">\n<li>La CAMISETA del reto. Habr\u00e1 dos modelos. Una m\u00e1s t\u00e9cnica valdr\u00e1 10\u20ac, y una m\u00e1s b\u00e1sica que costar\u00e1 6\u20ac. (no es obligatorio, si recomendable y la forma de ayudar al Club a su crecimiento, mantenimiento de la actividad, y promoci\u00f3n de otras venideras)<\/li>\n<li>Los PASAPORTE- GU\u00cdA y el dossier del Proyecto.<\/li>\n<\/ul>\n<p style=\"text-align: center;\"><strong>\u00bfC\u00d3MO CONSIGO LA CAMISETA Y EL<\/strong><br \/><strong>PASAPORTE?<\/strong><\/p>\n<p>La CAMISETA del reto por medio de los maestros de Educaci\u00f3n F\u00edsica de nuestro colegio de referencia, o por la direcci\u00f3n de email 14ochomilesborjatarazona@gmail.com<br \/>Los PASAPORTE- GU\u00cdA Y DOSSIER del Proyecto lo podr\u00e9is descargar en los siguientes enlaces:<\/p>\n<ul>\n<li><span style=\"background-color: #ffff00;\"><strong><a style=\"background-color: #ffff00;\" href=\"https:\/\/drive.google.com\/file\/d\/1Vs1cEpHKvSb5jEutb-wt0Vf6-dtsxXZ4\/view?usp=sharing\" target=\"_blank\" rel=\"noopener\">Dossier<\/a><\/strong><\/span><\/li>\n<li><span style=\"background-color: #ffff00;\"><strong><a style=\"background-color: #ffff00;\" href=\"https:\/\/drive.google.com\/file\/d\/1apXDXChHfGVj09qEdtjSdl12ewJ_4P-6\/view?usp=drive_link\" target=\"_blank\" rel=\"noopener\">Pasaporte Sherpa<\/a><\/strong><\/span><\/li>\n<li><span style=\"background-color: #ffff00;\"><strong><a style=\"background-color: #ffff00;\" href=\"https:\/\/drive.google.com\/file\/d\/15liIWLkSq7egmmkb44CKpo9gkn52d0AZ\/view?usp=sharing\" target=\"_blank\" rel=\"noopener\">Pasaporte monta\u00f1ero<\/a><\/strong><\/span><\/li>\n<\/ul>\n<p style=\"text-align: center;\"><strong>RECOMPENSAS<\/strong><\/p>\n<p>La correcta cumplimentaci\u00f3n del pasaporte o libro de visitas, supondr\u00e1 la obtenci\u00f3n de recompensas:<\/p>\n<p>IMPRESI\u00d3N DE LOS MONTES HOLLADOS EN LA CAMISETA ADQUIRIDA+ IMPRES\u00cd\u00d3N PASAPORTE-GU\u00cdA PERSONALIZADA \u00d3 TAZA+ CHAPA (gracias a la colaboraci\u00f3n del<br \/>IES CABA\u00d1AS y del alumnado del programa de PERMANENCIA EN EL SISTEMA EDUCATIVO).<\/p>\n<p>\u00a0<\/p>\n\n\n<\/div><\/div>\n\n\n\n<hr class=\"wp-block-separator has-alpha-channel-opacity\"\/>\n\n\n\n<h2 class=\"wp-block-heading has-text-align-center\">LAS 14 CIMAS<\/h2>\n\n\n\n<figure class=\"wp-block-table\"><table class=\"has-fixed-layout\"><tbody><tr><td><a href=\"https:\/\/ingeoexpert.com\/2022\/09\/27\/los-14-ochomiles-cuales-son-y-donde-estan\/?srsltid=AfmBOor9CEURJmBwzqJmLehnq5NFYBOkdS3HAMz6FAgRMTe7BvIdX_JL#El_Everest\">El Everest<\/a>\u00a0 \u00a0 \u00a0 \u00a0 \u00a0 \u00a0 \u00a0 \u00a0 \u00a0 \u00a0 \u00a0 \u00a0 \u00a0 \u00a0 \u00a0 \u00a0 \u00a0 \u00a0 \u00a0 \u00a0 \u00a0 \u00a0 \u00a0 \u00a0 \u00a0 \u00a0 \u00a0 \u00a0 \u00a0<\/td><td>Moncayo<\/td><\/tr><tr><td><a href=\"https:\/\/ingeoexpert.com\/2022\/09\/27\/los-14-ochomiles-cuales-son-y-donde-estan\/?srsltid=AfmBOor9CEURJmBwzqJmLehnq5NFYBOkdS3HAMz6FAgRMTe7BvIdX_JL#K2\">K2<\/a>\u00a0 \u00a0 \u00a0 \u00a0 \u00a0 \u00a0 \u00a0 \u00a0 \u00a0 \u00a0 \u00a0 \u00a0 \u00a0 \u00a0 \u00a0 \u00a0 \u00a0 \u00a0 \u00a0 \u00a0 \u00a0 \u00a0 \u00a0 \u00a0 \u00a0 \u00a0 \u00a0 \u00a0 \u00a0 \u00a0 \u00a0 \u00a0 \u00a0 \u00a0 \u00a0 \u00a0 \u00a0 \u00a0 <\/td><td>El Morr\u00f3n \u00a0 \u00a0 <\/td><\/tr><tr><td><a href=\"https:\/\/ingeoexpert.com\/2022\/09\/27\/los-14-ochomiles-cuales-son-y-donde-estan\/?srsltid=AfmBOor9CEURJmBwzqJmLehnq5NFYBOkdS3HAMz6FAgRMTe7BvIdX_JL#Kanchenjunga\">Kanchenjunga<\/a>\u00a0 \u00a0 \u00a0 \u00a0 \u00a0 \u00a0 \u00a0 \u00a0 \u00a0 \u00a0 \u00a0 \u00a0 \u00a0 \u00a0 \u00a0 \u00a0 \u00a0 \u00a0 \u00a0 \u00a0 \u00a0 \u00a0 \u00a0 \u00a0 \u00a0 \u00a0 <\/td><td>Pe\u00f1as de Herrera<\/td><\/tr><tr><td><a href=\"https:\/\/ingeoexpert.com\/2022\/09\/27\/los-14-ochomiles-cuales-son-y-donde-estan\/?srsltid=AfmBOor9CEURJmBwzqJmLehnq5NFYBOkdS3HAMz6FAgRMTe7BvIdX_JL#Lhotse\">Lhotse<\/a>\u00a0 \u00a0 \u00a0 \u00a0 \u00a0 \u00a0 \u00a0 \u00a0 \u00a0 \u00a0 \u00a0 \u00a0 \u00a0 \u00a0 \u00a0 \u00a0 \u00a0 \u00a0 \u00a0 \u00a0 \u00a0 \u00a0 \u00a0 \u00a0 \u00a0 \u00a0 \u00a0 \u00a0 \u00a0 \u00a0 \u00a0 \u00a0<\/td><td> La Tonda<\/td><\/tr><tr><td><a href=\"https:\/\/ingeoexpert.com\/2022\/09\/27\/los-14-ochomiles-cuales-son-y-donde-estan\/?srsltid=AfmBOor9CEURJmBwzqJmLehnq5NFYBOkdS3HAMz6FAgRMTe7BvIdX_JL#Makalu\">Makalu<\/a> \u00a0 \u00a0 \u00a0 \u00a0 \u00a0 \u00a0 \u00a0 \u00a0 \u00a0 \u00a0 \u00a0 \u00a0 \u00a0 \u00a0 \u00a0 \u00a0 \u00a0 \u00a0 \u00a0 \u00a0 \u00a0 \u00a0 \u00a0 \u00a0 \u00a0 \u00a0 \u00a0 \u00a0 \u00a0 \u00a0 \u00a0 <\/td><td>Pe\u00f1a de Las Armas<\/td><\/tr><tr><td><a href=\"https:\/\/ingeoexpert.com\/2022\/09\/27\/los-14-ochomiles-cuales-son-y-donde-estan\/?srsltid=AfmBOor9CEURJmBwzqJmLehnq5NFYBOkdS3HAMz6FAgRMTe7BvIdX_JL#Cho_Oyu\">Cho Oyu<\/a> \u00a0 \u00a0 \u00a0 \u00a0 \u00a0 \u00a0 \u00a0 \u00a0 \u00a0 \u00a0 \u00a0 \u00a0 \u00a0 \u00a0 \u00a0 \u00a0 \u00a0 \u00a0 \u00a0 \u00a0 \u00a0 \u00a0 \u00a0 \u00a0 \u00a0 \u00a0 \u00a0 \u00a0 \u00a0 \u00a0 \u00a0 \u00a0 <\/td><td>Boquer\u00f3n\u00a0 <\/td><\/tr><tr><td><a href=\"https:\/\/ingeoexpert.com\/2022\/09\/27\/los-14-ochomiles-cuales-son-y-donde-estan\/?srsltid=AfmBOor9CEURJmBwzqJmLehnq5NFYBOkdS3HAMz6FAgRMTe7BvIdX_JL#Dhaulagiri\">Dhaulagiri<\/a> \u00a0 \u00a0 \u00a0 \u00a0 \u00a0 \u00a0 \u00a0 \u00a0 \u00a0 \u00a0 \u00a0 \u00a0 \u00a0 \u00a0 \u00a0 \u00a0 \u00a0 \u00a0 \u00a0 \u00a0 \u00a0 \u00a0 \u00a0 \u00a0 \u00a0 \u00a0 \u00a0 \u00a0 \u00a0 <\/td><td>Galiana<\/td><\/tr><tr><td><a href=\"https:\/\/ingeoexpert.com\/2022\/09\/27\/los-14-ochomiles-cuales-son-y-donde-estan\/?srsltid=AfmBOor9CEURJmBwzqJmLehnq5NFYBOkdS3HAMz6FAgRMTe7BvIdX_JL#Manaslu\">Manaslu<\/a>\u00a0 \u00a0 \u00a0 \u00a0 \u00a0 \u00a0 \u00a0 \u00a0 \u00a0 \u00a0 \u00a0 \u00a0 \u00a0 \u00a0 \u00a0 \u00a0 \u00a0 \u00a0 \u00a0 \u00a0 \u00a0 \u00a0 \u00a0 \u00a0 \u00a0 \u00a0 \u00a0 \u00a0 \u00a0 \u00a0 \u00a0 <\/td><td>Sierra de Fuendejal\u00f3n<\/td><\/tr><tr><td><a href=\"https:\/\/ingeoexpert.com\/2022\/09\/27\/los-14-ochomiles-cuales-son-y-donde-estan\/?srsltid=AfmBOor9CEURJmBwzqJmLehnq5NFYBOkdS3HAMz6FAgRMTe7BvIdX_JL#Nanga_Parbat\">Nanga Parbat<\/a> \u00a0 \u00a0 \u00a0 \u00a0 \u00a0 \u00a0 \u00a0 \u00a0 \u00a0 \u00a0 \u00a0 \u00a0 \u00a0 \u00a0 \u00a0 \u00a0 \u00a0 \u00a0 \u00a0 \u00a0 \u00a0 \u00a0 \u00a0 \u00a0 \u00a0 \u00a0<\/td><td>Carag\u00fceyes<\/td><\/tr><tr><td><a href=\"https:\/\/ingeoexpert.com\/2022\/09\/27\/los-14-ochomiles-cuales-son-y-donde-estan\/?srsltid=AfmBOor9CEURJmBwzqJmLehnq5NFYBOkdS3HAMz6FAgRMTe7BvIdX_JL#Annapurna\">Annapurna<\/a> \u00a0 \u00a0 \u00a0 \u00a0 \u00a0 \u00a0 \u00a0 \u00a0 \u00a0 \u00a0 \u00a0 \u00a0 \u00a0 \u00a0 \u00a0 \u00a0 \u00a0 \u00a0 \u00a0 \u00a0 \u00a0 \u00a0 \u00a0 \u00a0 \u00a0 \u00a0 \u00a0 \u00a0 <\/td><td>El Boll\u00f3n<\/td><\/tr><tr><td><a href=\"https:\/\/ingeoexpert.com\/2022\/09\/27\/los-14-ochomiles-cuales-son-y-donde-estan\/?srsltid=AfmBOor9CEURJmBwzqJmLehnq5NFYBOkdS3HAMz6FAgRMTe7BvIdX_JL#Gasherbrum_I\">Gasherbrum I<\/a> \u00a0 \u00a0 \u00a0 \u00a0 \u00a0 \u00a0 \u00a0 \u00a0 \u00a0 \u00a0 \u00a0 \u00a0 \u00a0 \u00a0 \u00a0 \u00a0 \u00a0 \u00a0 \u00a0 \u00a0 \u00a0 \u00a0 \u00a0 \u00a0 \u00a0 \u00a0 <\/td><td>Burr\u00e9n<\/td><\/tr><tr><td><a href=\"https:\/\/ingeoexpert.com\/2022\/09\/27\/los-14-ochomiles-cuales-son-y-donde-estan\/?srsltid=AfmBOor9CEURJmBwzqJmLehnq5NFYBOkdS3HAMz6FAgRMTe7BvIdX_JL#Broad_Peak\">Broad Peak<\/a>\u00a0 \u00a0 \u00a0 \u00a0 \u00a0 \u00a0 \u00a0 \u00a0 \u00a0 \u00a0 \u00a0 \u00a0 \u00a0 \u00a0 \u00a0 \u00a0 \u00a0 \u00a0 \u00a0 \u00a0 \u00a0 \u00a0 \u00a0 \u00a0 \u00a0 \u00a0 \u00a0 \u00a0 <\/td><td>El Aguilar<\/td><\/tr><tr><td><a href=\"https:\/\/ingeoexpert.com\/2022\/09\/27\/los-14-ochomiles-cuales-son-y-donde-estan\/?srsltid=AfmBOor9CEURJmBwzqJmLehnq5NFYBOkdS3HAMz6FAgRMTe7BvIdX_JL#Gasherbrum_II\">Gasherbrum II <\/a>\u00a0\u00a0\u00a0\u00a0\u00a0\u00a0\u00a0\u00a0\u00a0\u00a0\u00a0\u00a0\u00a0\u00a0\u00a0\u00a0\u00a0\u00a0\u00a0\u00a0\u00a0\u00a0\u00a0\u00a0\u00a0\u00a0\u00a0\u00a0\u00a0\u00a0\u00a0\u00a0\u00a0\u00a0\u00a0\u00a0\u00a0\u00a0\u00a0\u00a0\u00a0\u00a0\u00a0\u00a0\u00a0\u00a0\u00a0\u00a0\u00a0\u00a0\u00a0<\/td><td>Burrena<\/td><\/tr><tr><td><a href=\"https:\/\/ingeoexpert.com\/2022\/09\/27\/los-14-ochomiles-cuales-son-y-donde-estan\/?srsltid=AfmBOor9CEURJmBwzqJmLehnq5NFYBOkdS3HAMz6FAgRMTe7BvIdX_JL#Shisha_Pangma\">Shisha Pangma<\/a>\u00a0 \u00a0 \u00a0 \u00a0 \u00a0 \u00a0 \u00a0 \u00a0 \u00a0 \u00a0 \u00a0 \u00a0 \u00a0 \u00a0 \u00a0 \u00a0 \u00a0 \u00a0 \u00a0 \u00a0 \u00a0 \u00a0 \u00a0 \u00a0 \u00a0<\/td><td>Ot\u00f3n<\/td><\/tr><\/tbody><\/table><\/figure>\n\n\n\n<div style=\"height:30px\" aria-hidden=\"true\" class=\"wp-block-spacer\"><\/div>\n\n\n\n<h2 class=\"wp-block-heading has-text-align-center\">LA CAMISETA<\/h2>\n\n\n\n<figure class=\"wp-block-image size-large\"><img loading=\"lazy\" decoding=\"async\" width=\"1024\" height=\"724\" src=\"https:\/\/wp.catedu.es\/jornadasefzaragozacampodeborja\/wp-content\/uploads\/sites\/149\/2025\/06\/Copia-de-24062022-2-1024x724.png\" alt=\"\" class=\"wp-image-995\" srcset=\"https:\/\/wp.catedu.es\/jornadasefzaragozacampodeborja\/wp-content\/uploads\/sites\/149\/2025\/06\/Copia-de-24062022-2-1024x724.png 1024w, https:\/\/wp.catedu.es\/jornadasefzaragozacampodeborja\/wp-content\/uploads\/sites\/149\/2025\/06\/Copia-de-24062022-2-300x212.png 300w, https:\/\/wp.catedu.es\/jornadasefzaragozacampodeborja\/wp-content\/uploads\/sites\/149\/2025\/06\/Copia-de-24062022-2-768x543.png 768w, https:\/\/wp.catedu.es\/jornadasefzaragozacampodeborja\/wp-content\/uploads\/sites\/149\/2025\/06\/Copia-de-24062022-2-1536x1086.png 1536w, https:\/\/wp.catedu.es\/jornadasefzaragozacampodeborja\/wp-content\/uploads\/sites\/149\/2025\/06\/Copia-de-24062022-2-2048x1448.png 2048w\" sizes=\"auto, (max-width: 1024px) 100vw, 1024px\" \/><\/figure>\n\n\n\n<p><\/p>\n","protected":false},"excerpt":{"rendered":"<p>LAS 14 CIMAS El Everest\u00a0 \u00a0 \u00a0 \u00a0 \u00a0 \u00a0 \u00a0 \u00a0 \u00a0 \u00a0 \u00a0 \u00a0 \u00a0 \u00a0 \u00a0 \u00a0 \u00a0 \u00a0 \u00a0 \u00a0 \u00a0 \u00a0 \u00a0 \u00a0 \u00a0 \u00a0 \u00a0 \u00a0 \u00a0 Moncayo K2\u00a0 \u00a0 \u00a0 \u00a0 \u00a0 \u00a0 \u00a0 \u00a0 \u00a0 \u00a0 \u00a0 \u00a0 \u00a0 \u00a0 \u00a0 \u00a0 \u00a0 \u00a0 \u00a0 \u00a0 \u00a0 [&hellip;]<\/p>\n","protected":false},"author":286,"featured_media":0,"parent":0,"menu_order":0,"comment_status":"closed","ping_status":"closed","template":"","meta":{"ocean_post_layout":"","ocean_both_sidebars_style":"","ocean_both_sidebars_content_width":0,"ocean_both_sidebars_sidebars_width":0,"ocean_sidebar":"","ocean_second_sidebar":"","ocean_disable_margins":"enable","ocean_add_body_class":"","ocean_shortcode_before_top_bar":"","ocean_shortcode_after_top_bar":"","ocean_shortcode_before_header":"","ocean_shortcode_after_header":"","ocean_has_shortcode":"","ocean_shortcode_after_title":"","ocean_shortcode_before_footer_widgets":"","ocean_shortcode_after_footer_widgets":"","ocean_shortcode_before_footer_bottom":"","ocean_shortcode_after_footer_bottom":"","ocean_display_top_bar":"default","ocean_display_header":"default","ocean_header_style":"","ocean_center_header_left_menu":"","ocean_custom_header_template":"","ocean_custom_logo":0,"ocean_custom_retina_logo":0,"ocean_custom_logo_max_width":0,"ocean_custom_logo_tablet_max_width":0,"ocean_custom_logo_mobile_max_width":0,"ocean_custom_logo_max_height":0,"ocean_custom_logo_tablet_max_height":0,"ocean_custom_logo_mobile_max_height":0,"ocean_header_custom_menu":"","ocean_menu_typo_font_family":"","ocean_menu_typo_font_subset":"","ocean_menu_typo_font_size":0,"ocean_menu_typo_font_size_tablet":0,"ocean_menu_typo_font_size_mobile":0,"ocean_menu_typo_font_size_unit":"px","ocean_menu_typo_font_weight":"","ocean_menu_typo_font_weight_tablet":"","ocean_menu_typo_font_weight_mobile":"","ocean_menu_typo_transform":"","ocean_menu_typo_transform_tablet":"","ocean_menu_typo_transform_mobile":"","ocean_menu_typo_line_height":0,"ocean_menu_typo_line_height_tablet":0,"ocean_menu_typo_line_height_mobile":0,"ocean_menu_typo_line_height_unit":"","ocean_menu_typo_spacing":0,"ocean_menu_typo_spacing_tablet":0,"ocean_menu_typo_spacing_mobile":0,"ocean_menu_typo_spacing_unit":"","ocean_menu_link_color":"","ocean_menu_link_color_hover":"","ocean_menu_link_color_active":"","ocean_menu_link_background":"","ocean_menu_link_hover_background":"","ocean_menu_link_active_background":"","ocean_menu_social_links_bg":"","ocean_menu_social_hover_links_bg":"","ocean_menu_social_links_color":"","ocean_menu_social_hover_links_color":"","ocean_disable_title":"default","ocean_disable_heading":"default","ocean_post_title":"","ocean_post_subheading":"","ocean_post_title_style":"","ocean_post_title_background_color":"","ocean_post_title_background":0,"ocean_post_title_bg_image_position":"","ocean_post_title_bg_image_attachment":"","ocean_post_title_bg_image_repeat":"","ocean_post_title_bg_image_size":"","ocean_post_title_height":0,"ocean_post_title_bg_overlay":0.5,"ocean_post_title_bg_overlay_color":"","ocean_disable_breadcrumbs":"default","ocean_breadcrumbs_color":"","ocean_breadcrumbs_separator_color":"","ocean_breadcrumbs_links_color":"","ocean_breadcrumbs_links_hover_color":"","ocean_display_footer_widgets":"default","ocean_display_footer_bottom":"default","ocean_custom_footer_template":"","footnotes":""},"class_list":["post-70","page","type-page","status-publish","hentry","entry"],"_links":{"self":[{"href":"https:\/\/wp.catedu.es\/jornadasefzaragozacampodeborja\/wp-json\/wp\/v2\/pages\/70","targetHints":{"allow":["GET"]}}],"collection":[{"href":"https:\/\/wp.catedu.es\/jornadasefzaragozacampodeborja\/wp-json\/wp\/v2\/pages"}],"about":[{"href":"https:\/\/wp.catedu.es\/jornadasefzaragozacampodeborja\/wp-json\/wp\/v2\/types\/page"}],"author":[{"embeddable":true,"href":"https:\/\/wp.catedu.es\/jornadasefzaragozacampodeborja\/wp-json\/wp\/v2\/users\/286"}],"replies":[{"embeddable":true,"href":"https:\/\/wp.catedu.es\/jornadasefzaragozacampodeborja\/wp-json\/wp\/v2\/comments?post=70"}],"version-history":[{"count":10,"href":"https:\/\/wp.catedu.es\/jornadasefzaragozacampodeborja\/wp-json\/wp\/v2\/pages\/70\/revisions"}],"predecessor-version":[{"id":997,"href":"https:\/\/wp.catedu.es\/jornadasefzaragozacampodeborja\/wp-json\/wp\/v2\/pages\/70\/revisions\/997"}],"wp:attachment":[{"href":"https:\/\/wp.catedu.es\/jornadasefzaragozacampodeborja\/wp-json\/wp\/v2\/media?parent=70"}],"curies":[{"name":"wp","href":"https:\/\/api.w.org\/{rel}","templated":true}]}}