{"id":107,"date":"2016-07-16T16:46:37","date_gmt":"2016-07-16T15:46:37","guid":{"rendered":"http:\/\/wp.catedu.es\/jutruan\/?page_id=107"},"modified":"2019-09-18T23:25:13","modified_gmt":"2019-09-18T22:25:13","slug":"ud-1-la-descripcion","status":"publish","type":"page","link":"https:\/\/wp.catedu.es\/jutruan\/historico\/lengua-2\/ud-1-la-descripcion\/","title":{"rendered":"Ud 1: La descripci\u00f3n"},"content":{"rendered":"<p>CONTENIDOS:<\/p>\n<ol>\n<li>La descripci\u00f3n.<\/li>\n<li>Sin\u00f3nimos y ant\u00f3nimos.<\/li>\n<li>La comunicaci\u00f3n, las lenguas.<\/li>\n<li>Acentuaci\u00f3n de las palabras.<\/li>\n<li>Describir un lugar imaginario.<\/li>\n<li>El diccionario.<\/li>\n<\/ol>\n","protected":false},"excerpt":{"rendered":"<p>CONTENIDOS: La descripci\u00f3n. Sin\u00f3nimos y ant\u00f3nimos. La comunicaci\u00f3n, las lenguas. Acentuaci\u00f3n de las palabras. Describir un lugar imaginario. El diccionario.<\/p>\n","protected":false},"author":68,"featured_media":0,"parent":29,"menu_order":1,"comment_status":"closed","ping_status":"closed","template":"","meta":{"jetpack_post_was_ever_published":false,"footnotes":""},"class_list":["post-107","page","type-page","status-publish","hentry","nodate","item-wrap"],"jetpack_sharing_enabled":true,"jetpack_shortlink":"https:\/\/wp.me\/P7JevQ-1J","_links":{"self":[{"href":"https:\/\/wp.catedu.es\/jutruan\/wp-json\/wp\/v2\/pages\/107","targetHints":{"allow":["GET"]}}],"collection":[{"href":"https:\/\/wp.catedu.es\/jutruan\/wp-json\/wp\/v2\/pages"}],"about":[{"href":"https:\/\/wp.catedu.es\/jutruan\/wp-json\/wp\/v2\/types\/page"}],"author":[{"embeddable":true,"href":"https:\/\/wp.catedu.es\/jutruan\/wp-json\/wp\/v2\/users\/68"}],"replies":[{"embeddable":true,"href":"https:\/\/wp.catedu.es\/jutruan\/wp-json\/wp\/v2\/comments?post=107"}],"version-history":[{"count":4,"href":"https:\/\/wp.catedu.es\/jutruan\/wp-json\/wp\/v2\/pages\/107\/revisions"}],"predecessor-version":[{"id":201,"href":"https:\/\/wp.catedu.es\/jutruan\/wp-json\/wp\/v2\/pages\/107\/revisions\/201"}],"up":[{"embeddable":true,"href":"https:\/\/wp.catedu.es\/jutruan\/wp-json\/wp\/v2\/pages\/29"}],"wp:attachment":[{"href":"https:\/\/wp.catedu.es\/jutruan\/wp-json\/wp\/v2\/media?parent=107"}],"curies":[{"name":"wp","href":"https:\/\/api.w.org\/{rel}","templated":true}]}}