{"id":191,"date":"2016-07-18T00:31:52","date_gmt":"2016-07-17T23:31:52","guid":{"rendered":"http:\/\/wp.catedu.es\/jutruan\/?page_id=191"},"modified":"2019-09-19T18:06:01","modified_gmt":"2019-09-19T17:06:01","slug":"silaba-tonica-y-atona","status":"publish","type":"page","link":"https:\/\/wp.catedu.es\/jutruan\/historico\/lengua-2\/silaba-tonica-y-atona\/","title":{"rendered":"S\u00edlaba t\u00f3nica y \u00e1tona"},"content":{"rendered":"<p style=\"text-align: center;\"><img loading=\"lazy\" decoding=\"async\" class=\"aligncenter size-full wp-image-192\" src=\"http:\/\/wp.catedu.es\/jutruan\/wp-content\/uploads\/sites\/40\/2016\/07\/slide_3.jpg\" alt=\"slide_3\" width=\"960\" height=\"720\" srcset=\"https:\/\/wp.catedu.es\/jutruan\/wp-content\/uploads\/sites\/40\/2016\/07\/slide_3.jpg 960w, https:\/\/wp.catedu.es\/jutruan\/wp-content\/uploads\/sites\/40\/2016\/07\/slide_3-300x225.jpg 300w, https:\/\/wp.catedu.es\/jutruan\/wp-content\/uploads\/sites\/40\/2016\/07\/slide_3-768x576.jpg 768w, https:\/\/wp.catedu.es\/jutruan\/wp-content\/uploads\/sites\/40\/2016\/07\/slide_3-100x75.jpg 100w, https:\/\/wp.catedu.es\/jutruan\/wp-content\/uploads\/sites\/40\/2016\/07\/slide_3-150x113.jpg 150w, https:\/\/wp.catedu.es\/jutruan\/wp-content\/uploads\/sites\/40\/2016\/07\/slide_3-200x150.jpg 200w, https:\/\/wp.catedu.es\/jutruan\/wp-content\/uploads\/sites\/40\/2016\/07\/slide_3-450x338.jpg 450w, https:\/\/wp.catedu.es\/jutruan\/wp-content\/uploads\/sites\/40\/2016\/07\/slide_3-600x450.jpg 600w, https:\/\/wp.catedu.es\/jutruan\/wp-content\/uploads\/sites\/40\/2016\/07\/slide_3-900x675.jpg 900w\" sizes=\"auto, (max-width: 960px) 100vw, 960px\" \/><!--nextpage--><\/p>\n<p><object data=\"https:\/\/dl.dropboxusercontent.com\/u\/46039577\/lengua\/ud2\/tilde4_u01_pag21_2.swf\" type=\"application\/x-shockwave-flash\" width=\"920\" height=\"690\"><param name=\"movie\" value=\"https:\/\/dl.dropboxusercontent.com\/u\/46039577\/lengua\/ud2\/tilde4_u01_pag21_2.swf\" \/><\/object><!--nextpage--><\/p>\n<p><object data=\"https:\/\/dl.dropboxusercontent.com\/u\/46039577\/lengua\/ud2\/tilde4_u01_pag12_4.swf\" type=\"application\/x-shockwave-flash\" width=\"920\" height=\"690\"><param name=\"movie\" value=\"https:\/\/dl.dropboxusercontent.com\/u\/46039577\/lengua\/ud2\/tilde4_u01_pag12_4.swf\" \/><\/object><\/p>\n","protected":false},"excerpt":{"rendered":"","protected":false},"author":68,"featured_media":0,"parent":29,"menu_order":5,"comment_status":"closed","ping_status":"closed","template":"","meta":{"jetpack_post_was_ever_published":false,"footnotes":""},"class_list":["post-191","page","type-page","status-publish","hentry","nodate","item-wrap"],"jetpack_sharing_enabled":true,"jetpack_shortlink":"https:\/\/wp.me\/P7JevQ-35","_links":{"self":[{"href":"https:\/\/wp.catedu.es\/jutruan\/wp-json\/wp\/v2\/pages\/191","targetHints":{"allow":["GET"]}}],"collection":[{"href":"https:\/\/wp.catedu.es\/jutruan\/wp-json\/wp\/v2\/pages"}],"about":[{"href":"https:\/\/wp.catedu.es\/jutruan\/wp-json\/wp\/v2\/types\/page"}],"author":[{"embeddable":true,"href":"https:\/\/wp.catedu.es\/jutruan\/wp-json\/wp\/v2\/users\/68"}],"replies":[{"embeddable":true,"href":"https:\/\/wp.catedu.es\/jutruan\/wp-json\/wp\/v2\/comments?post=191"}],"version-history":[{"count":4,"href":"https:\/\/wp.catedu.es\/jutruan\/wp-json\/wp\/v2\/pages\/191\/revisions"}],"predecessor-version":[{"id":631,"href":"https:\/\/wp.catedu.es\/jutruan\/wp-json\/wp\/v2\/pages\/191\/revisions\/631"}],"up":[{"embeddable":true,"href":"https:\/\/wp.catedu.es\/jutruan\/wp-json\/wp\/v2\/pages\/29"}],"wp:attachment":[{"href":"https:\/\/wp.catedu.es\/jutruan\/wp-json\/wp\/v2\/media?parent=191"}],"curies":[{"name":"wp","href":"https:\/\/api.w.org\/{rel}","templated":true}]}}