{"id":833,"date":"2016-12-26T00:30:15","date_gmt":"2016-12-25T23:30:15","guid":{"rendered":"http:\/\/wp.catedu.es\/jutruan\/?page_id=833"},"modified":"2019-09-19T18:01:56","modified_gmt":"2019-09-19T17:01:56","slug":"lectura-columnas","status":"publish","type":"page","link":"https:\/\/wp.catedu.es\/jutruan\/leer\/velocidad-lectora\/lectura-columnas\/","title":{"rendered":"Lectura columnas"},"content":{"rendered":"<h4 style=\"text-align: justify;\"><strong>Objetivo:<\/strong><\/h4>\n<ul style=\"text-align: justify;\">\n<li>Leer las palabras globalmente lo m\u00e1s r\u00e1pido posible.<\/li>\n<\/ul>\n<h4 style=\"text-align: justify;\"><strong>Metodolog\u00eda:<\/strong><\/h4>\n<ul style=\"text-align: justify;\">\n<li>Vamos leer las palabras que van apareciendo.<\/li>\n<li>Es importante seguir las palabras que aparecen aunque nos dejemos alguna sin leer.<\/li>\n<li>No se deben cortar las palabras, hay que leerlas enteras<\/li>\n<\/ul>\n<h4 style=\"text-align: justify;\"><strong>Actividades:<\/strong><\/h4>\n<ul style=\"text-align: justify;\">\n<li>En voz alta. En las velocidades m\u00e1s bajas.<\/li>\n<li>En silencio a m\u00e1s velocidad.<\/li>\n<li>Una, dos, tres, &#8230; palabras cada alumno en voz alta, y los dem\u00e1s siguiendo la lectura.<\/li>\n<li>\u00bfhasta qu\u00e9 velocidad eres capaz de poder leer?<\/li>\n<\/ul>\n<p style=\"text-align: justify;\">Practica y ver\u00e1s como ir\u00e1s progresando poco a poco.<\/p>\n","protected":false},"excerpt":{"rendered":"<p>Objetivo: Leer las palabras globalmente lo m\u00e1s r\u00e1pido posible. Metodolog\u00eda: Vamos leer las palabras que van apareciendo. Es importante seguir las palabras que aparecen aunque nos dejemos alguna sin leer. No se deben cortar las palabras, hay que leerlas enteras Actividades: En voz alta. En las velocidades m\u00e1s bajas. En silencio a m\u00e1s velocidad. Una, &hellip; <\/p>\n<p><a class=\"more-link btn\" href=\"https:\/\/wp.catedu.es\/jutruan\/leer\/velocidad-lectora\/lectura-columnas\/\">Seguir leyendo<\/a><\/p>\n","protected":false},"author":68,"featured_media":0,"parent":786,"menu_order":2,"comment_status":"closed","ping_status":"closed","template":"","meta":{"jetpack_post_was_ever_published":false,"footnotes":""},"class_list":["post-833","page","type-page","status-publish","hentry","nodate","item-wrap"],"jetpack_sharing_enabled":true,"jetpack_shortlink":"https:\/\/wp.me\/P7JevQ-dr","_links":{"self":[{"href":"https:\/\/wp.catedu.es\/jutruan\/wp-json\/wp\/v2\/pages\/833","targetHints":{"allow":["GET"]}}],"collection":[{"href":"https:\/\/wp.catedu.es\/jutruan\/wp-json\/wp\/v2\/pages"}],"about":[{"href":"https:\/\/wp.catedu.es\/jutruan\/wp-json\/wp\/v2\/types\/page"}],"author":[{"embeddable":true,"href":"https:\/\/wp.catedu.es\/jutruan\/wp-json\/wp\/v2\/users\/68"}],"replies":[{"embeddable":true,"href":"https:\/\/wp.catedu.es\/jutruan\/wp-json\/wp\/v2\/comments?post=833"}],"version-history":[{"count":1,"href":"https:\/\/wp.catedu.es\/jutruan\/wp-json\/wp\/v2\/pages\/833\/revisions"}],"predecessor-version":[{"id":834,"href":"https:\/\/wp.catedu.es\/jutruan\/wp-json\/wp\/v2\/pages\/833\/revisions\/834"}],"up":[{"embeddable":true,"href":"https:\/\/wp.catedu.es\/jutruan\/wp-json\/wp\/v2\/pages\/786"}],"wp:attachment":[{"href":"https:\/\/wp.catedu.es\/jutruan\/wp-json\/wp\/v2\/media?parent=833"}],"curies":[{"name":"wp","href":"https:\/\/api.w.org\/{rel}","templated":true}]}}