{"id":113,"date":"2017-10-13T11:52:09","date_gmt":"2017-10-13T10:52:09","guid":{"rendered":"http:\/\/wp.catedu.es\/lanuzadigital\/?page_id=113"},"modified":"2017-10-13T16:23:51","modified_gmt":"2017-10-13T15:23:51","slug":"lino-it","status":"publish","type":"page","link":"https:\/\/wp.catedu.es\/lanuzadigital\/creacion\/muros-digitales\/lino-it\/","title":{"rendered":"Linoit"},"content":{"rendered":"<p><a href=\"http:\/\/en.linoit.com\/\" target=\"_blank\"><img loading=\"lazy\" decoding=\"async\" class=\"size-full wp-image-114 alignleft\" src=\"http:\/\/wp.catedu.es\/lanuzadigital\/wp-content\/uploads\/sites\/88\/2017\/10\/descarga.jpg\" alt=\"descarga\" width=\"225\" height=\"225\" srcset=\"https:\/\/wp.catedu.es\/lanuzadigital\/wp-content\/uploads\/sites\/88\/2017\/10\/descarga.jpg 225w, https:\/\/wp.catedu.es\/lanuzadigital\/wp-content\/uploads\/sites\/88\/2017\/10\/descarga-150x150.jpg 150w\" sizes=\"auto, (max-width: 225px) 100vw, 225px\" \/>Lino It<\/a> es una herramienta muy sencilla de uso con la que podemos crear nuestra pizarra o corchera virtual y presentar en ella notas tipo post-it (llamadas sticks), im\u00e1genes comentadas, URL\u00b4s de p\u00e1ginas web y v\u00eddeos de Youtube, Vimeo y Ustream. Es un buen recurso para el aula, pues nos permite disponer de varios lienzos o murales (canvas) en los que poder presentar la informaci\u00f3n agrupada por tem\u00e1ticas, \u00e1reas, proyectos,&#8230;<\/p>\n<p style=\"text-align: center;\"><a href=\"http:\/\/en.linoit.com\/\" target=\"_blank\"><strong>ACCESO A LA APLICACI\u00d3N<\/strong><\/a><\/p>\n<p style=\"text-align: justify;\">Aplicaci\u00f3n embebible y compartible a trav\u00e9s de URL, en la cu\u00e1l tienes un inmenso muro en el que puedes colocar notas para escribir un peque\u00f1o diario, marcar tus tareas pendientes, o compartir ideas con quien tu quieras. Permite colocar v\u00eddeos, enlaces, im\u00e1genes y archivos. Puedes usarla en modo individual, privado o p\u00fablico, y al hacerlo p\u00fablico puedes permitir(hay que acudir a la configuraci\u00f3n), que la persona que ve el mural pueda poner o no \u201cstickies\u201d, o notas a trav\u00e9s de un sistema muy intuitivo.<br \/>\nOs\u00a0inserto a continuaci\u00f3n un mural de prueba.<\/p>\n<div style=\"text-align: center;\"><iframe loading=\"lazy\" style=\"width: 920px; height: 680px; border: 1px solid black;\" src=\"http:\/\/linoit.com\/users\/cifelanuza\/canvases\/Seminario%20MIA%20grupo%20A?inner=1\" width=\"300\" height=\"150\" frameborder=\"0\" scrolling=\"no\"><\/iframe><\/div>\n","protected":false},"excerpt":{"rendered":"<p>Lino It es una herramienta muy sencilla de uso con la que podemos crear nuestra pizarra o corchera virtual y presentar en ella notas tipo post-it (llamadas sticks), im\u00e1genes comentadas, URL\u00b4s de p\u00e1ginas web y v\u00eddeos de Youtube, Vimeo y Ustream. Es un buen recurso para el aula, pues nos permite disponer de varios lienzos &hellip; <\/p>\n<p><a class=\"more-link btn\" href=\"https:\/\/wp.catedu.es\/lanuzadigital\/creacion\/muros-digitales\/lino-it\/\">Seguir leyendo<\/a><\/p>\n","protected":false},"author":68,"featured_media":0,"parent":110,"menu_order":1,"comment_status":"closed","ping_status":"closed","template":"template-onecolumn.php","meta":{"footnotes":""},"class_list":["post-113","page","type-page","status-publish","hentry","nodate","item-wrap"],"_links":{"self":[{"href":"https:\/\/wp.catedu.es\/lanuzadigital\/wp-json\/wp\/v2\/pages\/113","targetHints":{"allow":["GET"]}}],"collection":[{"href":"https:\/\/wp.catedu.es\/lanuzadigital\/wp-json\/wp\/v2\/pages"}],"about":[{"href":"https:\/\/wp.catedu.es\/lanuzadigital\/wp-json\/wp\/v2\/types\/page"}],"author":[{"embeddable":true,"href":"https:\/\/wp.catedu.es\/lanuzadigital\/wp-json\/wp\/v2\/users\/68"}],"replies":[{"embeddable":true,"href":"https:\/\/wp.catedu.es\/lanuzadigital\/wp-json\/wp\/v2\/comments?post=113"}],"version-history":[{"count":10,"href":"https:\/\/wp.catedu.es\/lanuzadigital\/wp-json\/wp\/v2\/pages\/113\/revisions"}],"predecessor-version":[{"id":124,"href":"https:\/\/wp.catedu.es\/lanuzadigital\/wp-json\/wp\/v2\/pages\/113\/revisions\/124"}],"up":[{"embeddable":true,"href":"https:\/\/wp.catedu.es\/lanuzadigital\/wp-json\/wp\/v2\/pages\/110"}],"wp:attachment":[{"href":"https:\/\/wp.catedu.es\/lanuzadigital\/wp-json\/wp\/v2\/media?parent=113"}],"curies":[{"name":"wp","href":"https:\/\/api.w.org\/{rel}","templated":true}]}}