{"id":129,"date":"2017-10-13T16:25:15","date_gmt":"2017-10-13T15:25:15","guid":{"rendered":"http:\/\/wp.catedu.es\/lanuzadigital\/?page_id=129"},"modified":"2017-10-27T08:16:23","modified_gmt":"2017-10-27T07:16:23","slug":"google-classroom","status":"publish","type":"page","link":"https:\/\/wp.catedu.es\/lanuzadigital\/comunicacion\/entornos-de-aprendizaje\/google-classroom\/","title":{"rendered":"Google Classroom"},"content":{"rendered":"<p class=\"alignnone\"><img loading=\"lazy\" decoding=\"async\" class=\"size-full wp-image-132 alignleft\" src=\"http:\/\/wp.catedu.es\/lanuzadigital\/wp-content\/uploads\/sites\/88\/2017\/10\/descarga-1.png\" alt=\"descarga (1)\" width=\"233\" height=\"216\" \/><a href=\"https:\/\/classroom.google.com\" target=\"_blank\">Google Classroom<\/a> es el Entorno Virtual de Aprendizaje que Google pone a disposici\u00f3n de todos sus usuarios. A partir del 11 de agosto se puso a disposici\u00f3n de todos los usuarios de cuentas personales de Google.<\/p>\n<p style=\"text-align: justify;\">Su objetivo es &#8220;ayudar a los profesores a ahorrar tiempo, organizar las clases y mejorar la comunicaci\u00f3n con los alumnos&#8221;. Aunque todav\u00eda le faltan muchas funciones para poder competir con otros sistemas de aprendizaje en l\u00ednea, puede ser un modo sencillo de organizar de forma eficaz, el trabajo y la comunicaci\u00f3n con los alumnos, sobre todo cuando se colabora con documentos de Google Drive. Su gran ventaja es que integra completamente Google Drive y las direcciones de correo de GSuite bajo un mismo dominio.<\/p>\n<p style=\"text-align: justify;\">Google Classroom funciona como una red social, en la que tendremos un muro o tablero en el que publicar mensajes, al que adem\u00e1s podremos a\u00f1adir tareas para los alumnos, que podremos comentar y evaluar.<\/p>\n<p style=\"text-align: center;\"><a href=\"https:\/\/classroom.google.com\" target=\"_blank\"><strong>ENTRAR EN GOOGLE CLASSROOM<\/strong><\/a><\/p>\n<p style=\"text-align: center;\"><img loading=\"lazy\" decoding=\"async\" class=\"aligncenter size-full wp-image-267\" src=\"http:\/\/wp.catedu.es\/lanuzadigital\/wp-content\/uploads\/sites\/88\/2017\/10\/Bases-De-Google-Classroom-1.jpg\" alt=\"Bases-De-Google-Classroom-1\" width=\"720\" height=\"1077\" srcset=\"https:\/\/wp.catedu.es\/lanuzadigital\/wp-content\/uploads\/sites\/88\/2017\/10\/Bases-De-Google-Classroom-1.jpg 720w, https:\/\/wp.catedu.es\/lanuzadigital\/wp-content\/uploads\/sites\/88\/2017\/10\/Bases-De-Google-Classroom-1-201x300.jpg 201w, https:\/\/wp.catedu.es\/lanuzadigital\/wp-content\/uploads\/sites\/88\/2017\/10\/Bases-De-Google-Classroom-1-685x1024.jpg 685w, https:\/\/wp.catedu.es\/lanuzadigital\/wp-content\/uploads\/sites\/88\/2017\/10\/Bases-De-Google-Classroom-1-100x150.jpg 100w, https:\/\/wp.catedu.es\/lanuzadigital\/wp-content\/uploads\/sites\/88\/2017\/10\/Bases-De-Google-Classroom-1-150x224.jpg 150w, https:\/\/wp.catedu.es\/lanuzadigital\/wp-content\/uploads\/sites\/88\/2017\/10\/Bases-De-Google-Classroom-1-200x299.jpg 200w, https:\/\/wp.catedu.es\/lanuzadigital\/wp-content\/uploads\/sites\/88\/2017\/10\/Bases-De-Google-Classroom-1-300x449.jpg 300w, https:\/\/wp.catedu.es\/lanuzadigital\/wp-content\/uploads\/sites\/88\/2017\/10\/Bases-De-Google-Classroom-1-450x673.jpg 450w, https:\/\/wp.catedu.es\/lanuzadigital\/wp-content\/uploads\/sites\/88\/2017\/10\/Bases-De-Google-Classroom-1-600x898.jpg 600w\" sizes=\"auto, (max-width: 720px) 100vw, 720px\" \/><\/p>\n","protected":false},"excerpt":{"rendered":"<p>Google Classroom es el Entorno Virtual de Aprendizaje que Google pone a disposici\u00f3n de todos sus usuarios. A partir del 11 de agosto se puso a disposici\u00f3n de todos los usuarios de cuentas personales de Google. Su objetivo es &#8220;ayudar a los profesores a ahorrar tiempo, organizar las clases y mejorar la comunicaci\u00f3n con los &hellip; <\/p>\n<p><a class=\"more-link btn\" href=\"https:\/\/wp.catedu.es\/lanuzadigital\/comunicacion\/entornos-de-aprendizaje\/google-classroom\/\">Seguir leyendo<\/a><\/p>\n","protected":false},"author":68,"featured_media":0,"parent":127,"menu_order":1,"comment_status":"closed","ping_status":"closed","template":"","meta":{"footnotes":""},"class_list":["post-129","page","type-page","status-publish","hentry","nodate","item-wrap"],"_links":{"self":[{"href":"https:\/\/wp.catedu.es\/lanuzadigital\/wp-json\/wp\/v2\/pages\/129","targetHints":{"allow":["GET"]}}],"collection":[{"href":"https:\/\/wp.catedu.es\/lanuzadigital\/wp-json\/wp\/v2\/pages"}],"about":[{"href":"https:\/\/wp.catedu.es\/lanuzadigital\/wp-json\/wp\/v2\/types\/page"}],"author":[{"embeddable":true,"href":"https:\/\/wp.catedu.es\/lanuzadigital\/wp-json\/wp\/v2\/users\/68"}],"replies":[{"embeddable":true,"href":"https:\/\/wp.catedu.es\/lanuzadigital\/wp-json\/wp\/v2\/comments?post=129"}],"version-history":[{"count":5,"href":"https:\/\/wp.catedu.es\/lanuzadigital\/wp-json\/wp\/v2\/pages\/129\/revisions"}],"predecessor-version":[{"id":280,"href":"https:\/\/wp.catedu.es\/lanuzadigital\/wp-json\/wp\/v2\/pages\/129\/revisions\/280"}],"up":[{"embeddable":true,"href":"https:\/\/wp.catedu.es\/lanuzadigital\/wp-json\/wp\/v2\/pages\/127"}],"wp:attachment":[{"href":"https:\/\/wp.catedu.es\/lanuzadigital\/wp-json\/wp\/v2\/media?parent=129"}],"curies":[{"name":"wp","href":"https:\/\/api.w.org\/{rel}","templated":true}]}}