{"id":236,"date":"2017-10-25T17:45:51","date_gmt":"2017-10-25T16:45:51","guid":{"rendered":"http:\/\/wp.catedu.es\/lanuzadigital\/?page_id=236"},"modified":"2017-12-19T01:50:34","modified_gmt":"2017-12-19T00:50:34","slug":"comunicacion-2","status":"publish","type":"page","link":"https:\/\/wp.catedu.es\/lanuzadigital\/comunicacion-2\/","title":{"rendered":"Comunicaci\u00f3n"},"content":{"rendered":"<p dir=\"ltr\" style=\"text-align: center;\"><img loading=\"lazy\" decoding=\"async\" class=\"aligncenter size-full wp-image-407\" src=\"http:\/\/wp.catedu.es\/lanuzadigital\/wp-content\/uploads\/sites\/88\/2017\/10\/Socialmedia-pm.png\" alt=\"Socialmedia-pm\" width=\"1200\" height=\"675\" srcset=\"https:\/\/wp.catedu.es\/lanuzadigital\/wp-content\/uploads\/sites\/88\/2017\/10\/Socialmedia-pm.png 1200w, https:\/\/wp.catedu.es\/lanuzadigital\/wp-content\/uploads\/sites\/88\/2017\/10\/Socialmedia-pm-300x169.png 300w, https:\/\/wp.catedu.es\/lanuzadigital\/wp-content\/uploads\/sites\/88\/2017\/10\/Socialmedia-pm-768x432.png 768w, https:\/\/wp.catedu.es\/lanuzadigital\/wp-content\/uploads\/sites\/88\/2017\/10\/Socialmedia-pm-1024x576.png 1024w, https:\/\/wp.catedu.es\/lanuzadigital\/wp-content\/uploads\/sites\/88\/2017\/10\/Socialmedia-pm-100x56.png 100w, https:\/\/wp.catedu.es\/lanuzadigital\/wp-content\/uploads\/sites\/88\/2017\/10\/Socialmedia-pm-150x84.png 150w, https:\/\/wp.catedu.es\/lanuzadigital\/wp-content\/uploads\/sites\/88\/2017\/10\/Socialmedia-pm-200x113.png 200w, https:\/\/wp.catedu.es\/lanuzadigital\/wp-content\/uploads\/sites\/88\/2017\/10\/Socialmedia-pm-450x253.png 450w, https:\/\/wp.catedu.es\/lanuzadigital\/wp-content\/uploads\/sites\/88\/2017\/10\/Socialmedia-pm-600x338.png 600w, https:\/\/wp.catedu.es\/lanuzadigital\/wp-content\/uploads\/sites\/88\/2017\/10\/Socialmedia-pm-900x506.png 900w\" sizes=\"auto, (max-width: 1200px) 100vw, 1200px\" \/><\/p>\n<p dir=\"ltr\" style=\"text-align: justify;\">En la actualidad, existen numerosos servicios de redes sociales: Generalistas, tem\u00e1ticas, por gustos, por contenidos, espec\u00edficas de educaci\u00f3n, de ocio, profesionales, etc.<\/p>\n<p dir=\"ltr\" style=\"text-align: justify;\">Una organizaci\u00f3n educativa no puede estar en todas las redes sociales existentes, de manera que se hace imprescindible realizar un an\u00e1lisis de la situaci\u00f3n de partida y conocer las preferencias de la audiencia potencial por unas u otras redes sociales. De ah\u00ed la\u00a0<strong>necesidad<\/strong>\u00a0de disponer de un\u00a0<strong>Community Manager<\/strong>\u00a0en las organizaciones educativas, para poder establecer una adecuada\u00a0<strong>estrategia de redes sociales<\/strong>\u00a0que asegure el \u00e9xito del plan de comunicaci\u00f3n de la organizaci\u00f3n ante la comunidad educativa.<\/p>\n","protected":false},"excerpt":{"rendered":"<p>En la actualidad, existen numerosos servicios de redes sociales: Generalistas, tem\u00e1ticas, por gustos, por contenidos, espec\u00edficas de educaci\u00f3n, de ocio, profesionales, etc. Una organizaci\u00f3n educativa no puede estar en todas las redes sociales existentes, de manera que se hace imprescindible realizar un an\u00e1lisis de la situaci\u00f3n de partida y conocer las preferencias de la audiencia &hellip; <\/p>\n<p><a class=\"more-link btn\" href=\"https:\/\/wp.catedu.es\/lanuzadigital\/comunicacion-2\/\">Seguir leyendo<\/a><\/p>\n","protected":false},"author":68,"featured_media":0,"parent":0,"menu_order":6,"comment_status":"closed","ping_status":"closed","template":"","meta":{"footnotes":""},"class_list":["post-236","page","type-page","status-publish","hentry","nodate","item-wrap"],"_links":{"self":[{"href":"https:\/\/wp.catedu.es\/lanuzadigital\/wp-json\/wp\/v2\/pages\/236","targetHints":{"allow":["GET"]}}],"collection":[{"href":"https:\/\/wp.catedu.es\/lanuzadigital\/wp-json\/wp\/v2\/pages"}],"about":[{"href":"https:\/\/wp.catedu.es\/lanuzadigital\/wp-json\/wp\/v2\/types\/page"}],"author":[{"embeddable":true,"href":"https:\/\/wp.catedu.es\/lanuzadigital\/wp-json\/wp\/v2\/users\/68"}],"replies":[{"embeddable":true,"href":"https:\/\/wp.catedu.es\/lanuzadigital\/wp-json\/wp\/v2\/comments?post=236"}],"version-history":[{"count":3,"href":"https:\/\/wp.catedu.es\/lanuzadigital\/wp-json\/wp\/v2\/pages\/236\/revisions"}],"predecessor-version":[{"id":408,"href":"https:\/\/wp.catedu.es\/lanuzadigital\/wp-json\/wp\/v2\/pages\/236\/revisions\/408"}],"wp:attachment":[{"href":"https:\/\/wp.catedu.es\/lanuzadigital\/wp-json\/wp\/v2\/media?parent=236"}],"curies":[{"name":"wp","href":"https:\/\/api.w.org\/{rel}","templated":true}]}}