{"id":258,"date":"2017-10-26T18:23:08","date_gmt":"2017-10-26T17:23:08","guid":{"rendered":"http:\/\/wp.catedu.es\/lanuzadigital\/?page_id=258"},"modified":"2017-10-27T08:21:53","modified_gmt":"2017-10-27T07:21:53","slug":"google-drive","status":"publish","type":"page","link":"https:\/\/wp.catedu.es\/lanuzadigital\/comunicacion\/google-drive\/","title":{"rendered":"Google Drive"},"content":{"rendered":"<p style=\"text-align: center;\"><img loading=\"lazy\" decoding=\"async\" class=\"aligncenter size-full wp-image-261\" src=\"http:\/\/wp.catedu.es\/lanuzadigital\/wp-content\/uploads\/sites\/88\/2017\/10\/maxresdefault.jpg\" alt=\"maxresdefault\" width=\"1366\" height=\"768\" srcset=\"https:\/\/wp.catedu.es\/lanuzadigital\/wp-content\/uploads\/sites\/88\/2017\/10\/maxresdefault.jpg 1366w, https:\/\/wp.catedu.es\/lanuzadigital\/wp-content\/uploads\/sites\/88\/2017\/10\/maxresdefault-300x169.jpg 300w, https:\/\/wp.catedu.es\/lanuzadigital\/wp-content\/uploads\/sites\/88\/2017\/10\/maxresdefault-768x432.jpg 768w, https:\/\/wp.catedu.es\/lanuzadigital\/wp-content\/uploads\/sites\/88\/2017\/10\/maxresdefault-1024x576.jpg 1024w, https:\/\/wp.catedu.es\/lanuzadigital\/wp-content\/uploads\/sites\/88\/2017\/10\/maxresdefault-100x56.jpg 100w, https:\/\/wp.catedu.es\/lanuzadigital\/wp-content\/uploads\/sites\/88\/2017\/10\/maxresdefault-150x84.jpg 150w, https:\/\/wp.catedu.es\/lanuzadigital\/wp-content\/uploads\/sites\/88\/2017\/10\/maxresdefault-200x112.jpg 200w, https:\/\/wp.catedu.es\/lanuzadigital\/wp-content\/uploads\/sites\/88\/2017\/10\/maxresdefault-450x253.jpg 450w, https:\/\/wp.catedu.es\/lanuzadigital\/wp-content\/uploads\/sites\/88\/2017\/10\/maxresdefault-600x337.jpg 600w, https:\/\/wp.catedu.es\/lanuzadigital\/wp-content\/uploads\/sites\/88\/2017\/10\/maxresdefault-900x506.jpg 900w\" sizes=\"auto, (max-width: 1366px) 100vw, 1366px\" \/><\/p>\n<p style=\"text-align: justify;\"><strong><span style=\"color: #800000;\">DESCRIPCI\u00d3N<\/span><\/strong><\/p>\n<p style=\"text-align: justify;\"><span style=\"font-weight: 400;\">Google Drive es una herramienta gratuita de Google que permite crear y compartir informaci\u00f3n a trav\u00e9s de varios tipos de herramientas y formatos (editor de textos, hojas de c\u00e1lculo, presentaciones, fotograf\u00edas, etc. ). Es una servicio p\u00fablico a la vez compartido y que se puede trabajar de forma simult\u00e1nea entre varios usuarios, basta con crear un documento y compartirlo.<\/span><\/p>\n<p style=\"text-align: justify;\"><span style=\"color: #800000;\"><b>UTILIDAD<\/b><\/span><\/p>\n<p style=\"text-align: justify;\"><span style=\"font-weight: 400;\">Dispone de una zona de almacenamiento en la nube y se pueden crear y editar los archivos que se guardan autom\u00e1ticamente. Es una aplicaci\u00f3n multiplataforma, es decir se accede a trav\u00e9s de cualquier dispositivo (m\u00f3viles incluidos) y Sistema Operativo. Se puede bajar y subir archivos uno a uno y de forma masiva, respetando la estructura de las carpetas para facilitar la posterior organizaci\u00f3n. <\/span><\/p>\n<p style=\"text-align: justify;\"><span style=\"color: #800000;\"><b>VENTAJAS<\/b><\/span><\/p>\n<ul style=\"text-align: justify;\">\n<li style=\"font-weight: 400;\"><span style=\"font-weight: 400;\">Es una herramienta gratuita. <\/span><\/li>\n<li style=\"font-weight: 400;\"><span style=\"font-weight: 400;\">Capacidad de almacenamiento en la nube de 15 GB.<\/span><\/li>\n<li style=\"font-weight: 400;\"><span style=\"font-weight: 400;\">Capacidad de sincronizaci\u00f3n de archivos con el PC.<\/span><\/li>\n<li style=\"font-weight: 400;\"><span style=\"font-weight: 400;\">Bajadas y subidas de carpetas y archivos sin l\u00edmite y respetando la estructura de los mismos.<\/span><\/li>\n<li style=\"font-weight: 400;\"><span style=\"font-weight: 400;\">Posibilidad de editar archivos simult\u00e1neamente entre m\u00faltiples editores.<\/span><span style=\"font-weight: 400;\"><br \/>\n<\/span><span style=\"font-weight: 400;\">F\u00e1cil acceso, puesto que est\u00e1 incluido en ecosistema de Google.<\/span><\/li>\n<li style=\"font-weight: 400;\"><span style=\"font-weight: 400;\">El autor decide a qui\u00e9n d\u00e1 permisos y qu\u00e9 permisos otorga: ver, comentar, editar.<\/span><\/li>\n<li style=\"font-weight: 400;\"><span style=\"font-weight: 400;\">Uso sencillo e intuitivo en todas las herramientas,<\/span><\/li>\n<li style=\"font-weight: 400;\"><span style=\"font-weight: 400;\">Se fomenta el trabajo colaborativo<\/span><\/li>\n<li style=\"font-weight: 400;\"><span style=\"font-weight: 400;\">Aplicaciones m\u00f3viles, tanto de Drive como de Documentos, Presentaciones, Hojas de C\u00e1lculo\u2026<\/span><\/li>\n<\/ul>\n<p style=\"text-align: justify;\"><span style=\"color: #800000;\"><b>DESVENTAJAS<\/b><\/span><\/p>\n<ul style=\"text-align: justify;\">\n<li style=\"font-weight: 400;\"><span style=\"font-weight: 400;\">Puede presentar alguna incompatibilidad si utilizamos cuentas de correo distintas a gmail. <\/span><\/li>\n<li style=\"font-weight: 400;\"><span style=\"font-weight: 400;\">Se necesita conexi\u00f3n a Internet para la edici\u00f3n online.<\/span><\/li>\n<li style=\"font-weight: 400;\"><span style=\"font-weight: 400;\">La privacidad puede ser puesta en riesgo ya que se debe cerrar la sesi\u00f3n para que ning\u00fan tercero haga un mal uso del acceso a la aplicaci\u00f3n.<\/span><\/li>\n<li style=\"font-weight: 400;\"><span style=\"font-weight: 400;\">Las opciones de edici\u00f3n no son tan completas como en programas o aplicaciones m\u00e1s espec\u00edficos.<\/span><\/li>\n<\/ul>\n<p style=\"text-align: justify;\"><span style=\"color: #800000;\"><b>CONCLUSI\u00d3N<\/b><\/span><\/p>\n<p style=\"text-align: justify;\"><span style=\"font-weight: 400;\">Como conclusi\u00f3n, decir que Google Drive es una herramienta muy \u00fatil, vers\u00e1til, intuitiva y gratuita\u2026 y muy apropiada para la pr\u00e1ctica docente. Sobre todo destacar la posibilidad de usar esta herramienta de forma colaborativa. Tambi\u00e9n es muy importante que se pueda utilizar desde cualquier dispositivo con conexi\u00f3n a Internet.<\/span><\/p>\n","protected":false},"excerpt":{"rendered":"<p>DESCRIPCI\u00d3N Google Drive es una herramienta gratuita de Google que permite crear y compartir informaci\u00f3n a trav\u00e9s de varios tipos de herramientas y formatos (editor de textos, hojas de c\u00e1lculo, presentaciones, fotograf\u00edas, etc. ). Es una servicio p\u00fablico a la vez compartido y que se puede trabajar de forma simult\u00e1nea entre varios usuarios, basta con &hellip; <\/p>\n<p><a class=\"more-link btn\" href=\"https:\/\/wp.catedu.es\/lanuzadigital\/comunicacion\/google-drive\/\">Seguir leyendo<\/a><\/p>\n","protected":false},"author":68,"featured_media":0,"parent":99,"menu_order":2,"comment_status":"closed","ping_status":"closed","template":"","meta":{"footnotes":""},"class_list":["post-258","page","type-page","status-publish","hentry","nodate","item-wrap"],"_links":{"self":[{"href":"https:\/\/wp.catedu.es\/lanuzadigital\/wp-json\/wp\/v2\/pages\/258","targetHints":{"allow":["GET"]}}],"collection":[{"href":"https:\/\/wp.catedu.es\/lanuzadigital\/wp-json\/wp\/v2\/pages"}],"about":[{"href":"https:\/\/wp.catedu.es\/lanuzadigital\/wp-json\/wp\/v2\/types\/page"}],"author":[{"embeddable":true,"href":"https:\/\/wp.catedu.es\/lanuzadigital\/wp-json\/wp\/v2\/users\/68"}],"replies":[{"embeddable":true,"href":"https:\/\/wp.catedu.es\/lanuzadigital\/wp-json\/wp\/v2\/comments?post=258"}],"version-history":[{"count":6,"href":"https:\/\/wp.catedu.es\/lanuzadigital\/wp-json\/wp\/v2\/pages\/258\/revisions"}],"predecessor-version":[{"id":284,"href":"https:\/\/wp.catedu.es\/lanuzadigital\/wp-json\/wp\/v2\/pages\/258\/revisions\/284"}],"up":[{"embeddable":true,"href":"https:\/\/wp.catedu.es\/lanuzadigital\/wp-json\/wp\/v2\/pages\/99"}],"wp:attachment":[{"href":"https:\/\/wp.catedu.es\/lanuzadigital\/wp-json\/wp\/v2\/media?parent=258"}],"curies":[{"name":"wp","href":"https:\/\/api.w.org\/{rel}","templated":true}]}}