{"id":274,"date":"2017-10-26T21:34:19","date_gmt":"2017-10-26T20:34:19","guid":{"rendered":"http:\/\/wp.catedu.es\/lanuzadigital\/?page_id=274"},"modified":"2019-04-06T11:16:38","modified_gmt":"2019-04-06T10:16:38","slug":"contacto","status":"publish","type":"page","link":"https:\/\/wp.catedu.es\/lanuzadigital\/contacto\/","title":{"rendered":"Contacto"},"content":{"rendered":"<p><span style=\"color: #800000;\"><strong>ASESOR\u00cdA DIGITAL -CIFE Juan de Lanuza<\/strong><\/span><\/p>\n<ul>\n<li>Juli\u00e1n Trullenque: juliantrullenque@cifelanuza.org<\/li>\n<li>Tel\u00e9fono CIFE:\u00a0976 39 55 50<\/li>\n<li>Direcci\u00f3n CIFE:\u00a0Calle Buen Pastor, 4, 50003 Zaragoza<\/li>\n<\/ul>\n<p style=\"text-align: center;\"><iframe loading=\"lazy\" style=\"border: 0;\" src=\"https:\/\/www.google.com\/maps\/embed?pb=!1m18!1m12!1m3!1d16862.64839801637!2d-0.893896258341076!3d41.65740007536411!2m3!1f0!2f0!3f0!3m2!1i1024!2i768!4f13.1!3m3!1m2!1s0xd5914eb6422e809%3A0x1740aed040763e11!2sCIFE+Juan+de+Lanuza!5e0!3m2!1ses!2ses!4v1509050251366\" width=\"920\" height=\"690\" frameborder=\"0\" allowfullscreen=\"allowfullscreen\"><\/iframe><\/p>\n","protected":false},"excerpt":{"rendered":"<p>ASESOR\u00cdA DIGITAL -CIFE Juan de Lanuza Juli\u00e1n Trullenque: juliantrullenque@cifelanuza.org Tel\u00e9fono CIFE:\u00a0976 39 55 50 Direcci\u00f3n CIFE:\u00a0Calle Buen Pastor, 4, 50003 Zaragoza<\/p>\n","protected":false},"author":68,"featured_media":0,"parent":0,"menu_order":9,"comment_status":"closed","ping_status":"closed","template":"","meta":{"footnotes":""},"class_list":["post-274","page","type-page","status-publish","hentry","nodate","item-wrap"],"_links":{"self":[{"href":"https:\/\/wp.catedu.es\/lanuzadigital\/wp-json\/wp\/v2\/pages\/274","targetHints":{"allow":["GET"]}}],"collection":[{"href":"https:\/\/wp.catedu.es\/lanuzadigital\/wp-json\/wp\/v2\/pages"}],"about":[{"href":"https:\/\/wp.catedu.es\/lanuzadigital\/wp-json\/wp\/v2\/types\/page"}],"author":[{"embeddable":true,"href":"https:\/\/wp.catedu.es\/lanuzadigital\/wp-json\/wp\/v2\/users\/68"}],"replies":[{"embeddable":true,"href":"https:\/\/wp.catedu.es\/lanuzadigital\/wp-json\/wp\/v2\/comments?post=274"}],"version-history":[{"count":5,"href":"https:\/\/wp.catedu.es\/lanuzadigital\/wp-json\/wp\/v2\/pages\/274\/revisions"}],"predecessor-version":[{"id":656,"href":"https:\/\/wp.catedu.es\/lanuzadigital\/wp-json\/wp\/v2\/pages\/274\/revisions\/656"}],"wp:attachment":[{"href":"https:\/\/wp.catedu.es\/lanuzadigital\/wp-json\/wp\/v2\/media?parent=274"}],"curies":[{"name":"wp","href":"https:\/\/api.w.org\/{rel}","templated":true}]}}