{"id":291,"date":"2017-11-01T13:04:45","date_gmt":"2017-11-01T12:04:45","guid":{"rendered":"http:\/\/wp.catedu.es\/lanuzadigital\/?page_id=291"},"modified":"2018-11-21T10:23:48","modified_gmt":"2018-11-21T09:23:48","slug":"google","status":"publish","type":"page","link":"https:\/\/wp.catedu.es\/lanuzadigital\/informacion\/google\/","title":{"rendered":"Google"},"content":{"rendered":"<p style=\"text-align: center;\"><img loading=\"lazy\" decoding=\"async\" class=\"aligncenter size-full wp-image-295\" src=\"http:\/\/wp.catedu.es\/lanuzadigital\/wp-content\/uploads\/sites\/88\/2017\/11\/trabajador-google-mountain-view.jpg\" alt=\"trabajador-google-mountain-view\" width=\"627\" height=\"220\" srcset=\"https:\/\/wp.catedu.es\/lanuzadigital\/wp-content\/uploads\/sites\/88\/2017\/11\/trabajador-google-mountain-view.jpg 627w, https:\/\/wp.catedu.es\/lanuzadigital\/wp-content\/uploads\/sites\/88\/2017\/11\/trabajador-google-mountain-view-300x105.jpg 300w, https:\/\/wp.catedu.es\/lanuzadigital\/wp-content\/uploads\/sites\/88\/2017\/11\/trabajador-google-mountain-view-100x35.jpg 100w, https:\/\/wp.catedu.es\/lanuzadigital\/wp-content\/uploads\/sites\/88\/2017\/11\/trabajador-google-mountain-view-150x53.jpg 150w, https:\/\/wp.catedu.es\/lanuzadigital\/wp-content\/uploads\/sites\/88\/2017\/11\/trabajador-google-mountain-view-200x70.jpg 200w, https:\/\/wp.catedu.es\/lanuzadigital\/wp-content\/uploads\/sites\/88\/2017\/11\/trabajador-google-mountain-view-450x158.jpg 450w, https:\/\/wp.catedu.es\/lanuzadigital\/wp-content\/uploads\/sites\/88\/2017\/11\/trabajador-google-mountain-view-600x211.jpg 600w\" sizes=\"auto, (max-width: 627px) 100vw, 627px\" \/><\/p>\n<p style=\"text-align: justify;\">Google es la p\u00e1gina web m\u00e1s popular del mundo y el motor de b\u00fasqueda m\u00e1s utilizado a nivel mundial. Se trata de una organizaci\u00f3n multinacional, que gira en torno al popular motor de b\u00fasqueda de la empresa. Otras empresas de Google incluyen an\u00e1lisis de b\u00fasquedas en Internet, computaci\u00f3n en nube, tecnolog\u00edas de publicidad, aplicaciones Web, navegador y desarrollo del sistema operativo. Seg\u00fan la compa\u00f1\u00eda, el nombre deriva de la palabra googol que refleja la \u201cmisi\u00f3n\u201d de sus fundadores \u201cpara organizar una cantidad aparentemente infinita de informaci\u00f3n en la web\u201d. Googol es el nombre de un n\u00famero creado por Milton Sirrota a los nueve a\u00f1os de edad, sobrino del matem\u00e1tico Edward Kasner; se trata de un uno seguido de cien ceros, o lo que es lo mismo, en notaci\u00f3n cient\u00edfica, uno por diez a la cien.<\/p>\n<p style=\"text-align: center;\"><img loading=\"lazy\" decoding=\"async\" class=\"aligncenter size-full wp-image-603\" src=\"http:\/\/wp.catedu.es\/lanuzadigital\/wp-content\/uploads\/sites\/88\/2018\/11\/google_busca.png\" alt=\"\" width=\"1824\" height=\"1434\" srcset=\"https:\/\/wp.catedu.es\/lanuzadigital\/wp-content\/uploads\/sites\/88\/2018\/11\/google_busca.png 1824w, https:\/\/wp.catedu.es\/lanuzadigital\/wp-content\/uploads\/sites\/88\/2018\/11\/google_busca-300x236.png 300w, https:\/\/wp.catedu.es\/lanuzadigital\/wp-content\/uploads\/sites\/88\/2018\/11\/google_busca-768x604.png 768w, https:\/\/wp.catedu.es\/lanuzadigital\/wp-content\/uploads\/sites\/88\/2018\/11\/google_busca-1024x805.png 1024w, https:\/\/wp.catedu.es\/lanuzadigital\/wp-content\/uploads\/sites\/88\/2018\/11\/google_busca-100x79.png 100w, https:\/\/wp.catedu.es\/lanuzadigital\/wp-content\/uploads\/sites\/88\/2018\/11\/google_busca-150x118.png 150w, https:\/\/wp.catedu.es\/lanuzadigital\/wp-content\/uploads\/sites\/88\/2018\/11\/google_busca-200x157.png 200w, https:\/\/wp.catedu.es\/lanuzadigital\/wp-content\/uploads\/sites\/88\/2018\/11\/google_busca-450x354.png 450w, https:\/\/wp.catedu.es\/lanuzadigital\/wp-content\/uploads\/sites\/88\/2018\/11\/google_busca-600x472.png 600w, https:\/\/wp.catedu.es\/lanuzadigital\/wp-content\/uploads\/sites\/88\/2018\/11\/google_busca-900x708.png 900w\" sizes=\"auto, (max-width: 1824px) 100vw, 1824px\" \/><\/p>\n","protected":false},"excerpt":{"rendered":"<p>Google es la p\u00e1gina web m\u00e1s popular del mundo y el motor de b\u00fasqueda m\u00e1s utilizado a nivel mundial. Se trata de una organizaci\u00f3n multinacional, que gira en torno al popular motor de b\u00fasqueda de la empresa. Otras empresas de Google incluyen an\u00e1lisis de b\u00fasquedas en Internet, computaci\u00f3n en nube, tecnolog\u00edas de publicidad, aplicaciones Web, &hellip; <\/p>\n<p><a class=\"more-link btn\" href=\"https:\/\/wp.catedu.es\/lanuzadigital\/informacion\/google\/\">Seguir leyendo<\/a><\/p>\n","protected":false},"author":68,"featured_media":0,"parent":97,"menu_order":0,"comment_status":"closed","ping_status":"closed","template":"","meta":{"footnotes":""},"class_list":["post-291","page","type-page","status-publish","hentry","nodate","item-wrap"],"_links":{"self":[{"href":"https:\/\/wp.catedu.es\/lanuzadigital\/wp-json\/wp\/v2\/pages\/291","targetHints":{"allow":["GET"]}}],"collection":[{"href":"https:\/\/wp.catedu.es\/lanuzadigital\/wp-json\/wp\/v2\/pages"}],"about":[{"href":"https:\/\/wp.catedu.es\/lanuzadigital\/wp-json\/wp\/v2\/types\/page"}],"author":[{"embeddable":true,"href":"https:\/\/wp.catedu.es\/lanuzadigital\/wp-json\/wp\/v2\/users\/68"}],"replies":[{"embeddable":true,"href":"https:\/\/wp.catedu.es\/lanuzadigital\/wp-json\/wp\/v2\/comments?post=291"}],"version-history":[{"count":5,"href":"https:\/\/wp.catedu.es\/lanuzadigital\/wp-json\/wp\/v2\/pages\/291\/revisions"}],"predecessor-version":[{"id":612,"href":"https:\/\/wp.catedu.es\/lanuzadigital\/wp-json\/wp\/v2\/pages\/291\/revisions\/612"}],"up":[{"embeddable":true,"href":"https:\/\/wp.catedu.es\/lanuzadigital\/wp-json\/wp\/v2\/pages\/97"}],"wp:attachment":[{"href":"https:\/\/wp.catedu.es\/lanuzadigital\/wp-json\/wp\/v2\/media?parent=291"}],"curies":[{"name":"wp","href":"https:\/\/api.w.org\/{rel}","templated":true}]}}