{"id":370,"date":"2017-11-21T17:31:02","date_gmt":"2017-11-21T16:31:02","guid":{"rendered":"http:\/\/wp.catedu.es\/lanuzadigital\/?page_id=370"},"modified":"2017-11-21T17:31:02","modified_gmt":"2017-11-21T16:31:02","slug":"seesaw","status":"publish","type":"page","link":"https:\/\/wp.catedu.es\/lanuzadigital\/comunicacion\/entornos-de-aprendizaje\/seesaw\/","title":{"rendered":"Seesaw"},"content":{"rendered":"<h1 class=\"post-title item fn\">Seesaw: Portafolios digitales<\/h1>\n<p style=\"text-align: center;\"><img loading=\"lazy\" decoding=\"async\" class=\"aligncenter size-full wp-image-371\" src=\"http:\/\/wp.catedu.es\/lanuzadigital\/wp-content\/uploads\/sites\/88\/2017\/11\/portafolio-digital-1-638.jpg\" alt=\"portafolio-digital-1-638\" width=\"638\" height=\"479\" srcset=\"https:\/\/wp.catedu.es\/lanuzadigital\/wp-content\/uploads\/sites\/88\/2017\/11\/portafolio-digital-1-638.jpg 638w, https:\/\/wp.catedu.es\/lanuzadigital\/wp-content\/uploads\/sites\/88\/2017\/11\/portafolio-digital-1-638-300x225.jpg 300w, https:\/\/wp.catedu.es\/lanuzadigital\/wp-content\/uploads\/sites\/88\/2017\/11\/portafolio-digital-1-638-100x75.jpg 100w, https:\/\/wp.catedu.es\/lanuzadigital\/wp-content\/uploads\/sites\/88\/2017\/11\/portafolio-digital-1-638-150x113.jpg 150w, https:\/\/wp.catedu.es\/lanuzadigital\/wp-content\/uploads\/sites\/88\/2017\/11\/portafolio-digital-1-638-200x150.jpg 200w, https:\/\/wp.catedu.es\/lanuzadigital\/wp-content\/uploads\/sites\/88\/2017\/11\/portafolio-digital-1-638-450x338.jpg 450w, https:\/\/wp.catedu.es\/lanuzadigital\/wp-content\/uploads\/sites\/88\/2017\/11\/portafolio-digital-1-638-600x450.jpg 600w\" sizes=\"auto, (max-width: 638px) 100vw, 638px\" \/><\/p>\n<p style=\"text-align: justify;\">Es una aplicaci\u00f3n gratuita para m\u00f3viles que permite almacenar y compartir el material educativo creado en las aulas de clase, entre estudiantes, docentes y padres de familia. A grandes rasgos, Seesaw es un portafolio digital que motiva a los estudiantes a documentar sus procesos de aprendizaje y les permite compartir sus creaciones, lecciones aprendidas y conocimientos.<\/p>\n<p style=\"text-align: justify;\">Para utilizar Seesaw, el docente debe crear una cuenta registrando un correo electr\u00f3nico o vinculando una cuenta de Google+. Una vez creado el perfil en la aplicaci\u00f3n, puede comenzar a crear \u201cclases\u201d en las que obtendr\u00e1 un rol de administrador y podr\u00e1 matricular a sus estudiantes para conformar un grupo de estudio.<\/p>\n<p style=\"text-align: justify;\">Cada estudiante tendr\u00e1 su propio portafolio para almacenar de manera organizada el material de su proceso de aprendizaje. Puede agregar materiales de estudio en formato de audio, video, texto e imagen (dibujos y\/o fotograf\u00edas). Esta aplicaci\u00f3n dispone de una herramienta de creaci\u00f3n mixta llamada pizarra de grabaci\u00f3n, que facilita la creaci\u00f3n de videos combinando dibujos y grabaci\u00f3n de audio, lo que le permite al estudiante explicar el desarrollo de sus ideas, tomar notas o hacer comentarios en el material sobre el tema tratado en las clases.<\/p>\n<p style=\"text-align: justify;\">El docente puede acceder a sus clases en Seesaw desde cualquier dispositivo que cuente con una conexi\u00f3n a internet. Puede realizar actividades de trabajo en clase o de creaci\u00f3n de c\u00e1psulas de contenido relativo a los temas del curso.<\/p>\n<p style=\"text-align: justify;\"><strong>Caracter\u00edsticas:<\/strong><\/p>\n<ul>\n<li style=\"text-align: justify;\">Genera un c\u00f3digo QR por clase, para que la inscripci\u00f3n de estudiantes sea posible sin que estos registren un correo electr\u00f3nico o vinculen una cuenta de alguna red social.<\/li>\n<li style=\"text-align: justify;\">Permite crear portafolios para organizar el trabajo por \u00e1reas tem\u00e1ticas o proyectos.<\/li>\n<li style=\"text-align: justify;\">Permite a los docentes, padres y compa\u00f1eros de curso agregar comentarios a los trabajos realizados.<\/li>\n<li style=\"text-align: justify;\">Conecta varias clases seg\u00fan las especificaciones del docente, de forma que los estudiantes puedan interactuar con sus pares de otros cursos y compartir el conocimiento.<\/li>\n<li style=\"text-align: justify;\">Disponible para iOS y Android de manera gratuita.<\/li>\n<\/ul>\n<p style=\"text-align: center;\"><strong>INGRESAR:<\/strong>\u00a0<a href=\"https:\/\/web.seesaw.me\/\" target=\"_blank\">https:\/\/web.seesaw.me\/<\/a><\/p>\n","protected":false},"excerpt":{"rendered":"<p>Seesaw: Portafolios digitales Es una aplicaci\u00f3n gratuita para m\u00f3viles que permite almacenar y compartir el material educativo creado en las aulas de clase, entre estudiantes, docentes y padres de familia. A grandes rasgos, Seesaw es un portafolio digital que motiva a los estudiantes a documentar sus procesos de aprendizaje y les permite compartir sus creaciones, &hellip; <\/p>\n<p><a class=\"more-link btn\" href=\"https:\/\/wp.catedu.es\/lanuzadigital\/comunicacion\/entornos-de-aprendizaje\/seesaw\/\">Seguir leyendo<\/a><\/p>\n","protected":false},"author":68,"featured_media":0,"parent":127,"menu_order":2,"comment_status":"closed","ping_status":"closed","template":"","meta":{"footnotes":""},"class_list":["post-370","page","type-page","status-publish","hentry","nodate","item-wrap"],"_links":{"self":[{"href":"https:\/\/wp.catedu.es\/lanuzadigital\/wp-json\/wp\/v2\/pages\/370","targetHints":{"allow":["GET"]}}],"collection":[{"href":"https:\/\/wp.catedu.es\/lanuzadigital\/wp-json\/wp\/v2\/pages"}],"about":[{"href":"https:\/\/wp.catedu.es\/lanuzadigital\/wp-json\/wp\/v2\/types\/page"}],"author":[{"embeddable":true,"href":"https:\/\/wp.catedu.es\/lanuzadigital\/wp-json\/wp\/v2\/users\/68"}],"replies":[{"embeddable":true,"href":"https:\/\/wp.catedu.es\/lanuzadigital\/wp-json\/wp\/v2\/comments?post=370"}],"version-history":[{"count":1,"href":"https:\/\/wp.catedu.es\/lanuzadigital\/wp-json\/wp\/v2\/pages\/370\/revisions"}],"predecessor-version":[{"id":372,"href":"https:\/\/wp.catedu.es\/lanuzadigital\/wp-json\/wp\/v2\/pages\/370\/revisions\/372"}],"up":[{"embeddable":true,"href":"https:\/\/wp.catedu.es\/lanuzadigital\/wp-json\/wp\/v2\/pages\/127"}],"wp:attachment":[{"href":"https:\/\/wp.catedu.es\/lanuzadigital\/wp-json\/wp\/v2\/media?parent=370"}],"curies":[{"name":"wp","href":"https:\/\/api.w.org\/{rel}","templated":true}]}}