{"id":390,"date":"2017-12-02T10:43:20","date_gmt":"2017-12-02T09:43:20","guid":{"rendered":"http:\/\/wp.catedu.es\/lanuzadigital\/?page_id=390"},"modified":"2017-12-02T10:43:20","modified_gmt":"2017-12-02T09:43:20","slug":"infantil","status":"publish","type":"page","link":"https:\/\/wp.catedu.es\/lanuzadigital\/resolucion-de-problemas\/destrezas-tic\/infantil\/","title":{"rendered":"Infantil"},"content":{"rendered":"<p><u><strong>OBJETIVO<\/strong><\/u>: Utilizar el ordenador para reforzar contenidos a trav\u00e9s de juegos educativos.<\/p>\n<ol>\n<li style=\"text-align: justify;\"><strong>USO DEL RAT\u00d3N<\/strong>:\n<ul>\n<li>Forma correcta y c\u00f3moda de usarlo. Movimiento. Pulsar bot\u00f3n izquierdo para efectuar selecci\u00f3n y ejecutar acci\u00f3n. Pulsar y arrastrar para mover elementos. Doble clic para ejecutar accesos directos del escritorio.<\/li>\n<\/ul>\n<\/li>\n<li style=\"text-align: justify;\"><strong>USO DEL TECLADO<\/strong>:\n<ul>\n<li>Uso de cursores para moverse por la pantalla. Iniciaci\u00f3n al uso del teclado.<\/li>\n<\/ul>\n<\/li>\n<li style=\"text-align: justify;\"><strong>PROGRAMAS<\/strong>:\n<ul>\n<li>Selecci\u00f3n de iconos del escritorio para ejecutar programas. Uso de programas sencillos y programas educativos. Juegos.<\/li>\n<\/ul>\n<\/li>\n<li><strong>EL ORDENADOR<\/strong>:\n<ul>\n<li style=\"text-align: justify;\">Conocer el nombre de las diferentes partes del ordenador: teclado, rat\u00f3n, pantalla&#8230;<\/li>\n<li style=\"text-align: justify;\">Conocer (que no es lo mismo que utilizar). las posibilidades que nos ofrece el ordenador: para buscar informaci\u00f3n en internet, para consultar p\u00e1ginas web, para reproductor de CD y DVD, correo electr\u00f3nico (como medio de comunicaci\u00f3n)&#8230;<\/li>\n<li style=\"text-align: justify;\">Conocer y realizar el proceso correcto de inicio y apagado del ordenador.<\/li>\n<\/ul>\n<\/li>\n<\/ol>\n","protected":false},"excerpt":{"rendered":"<p>OBJETIVO: Utilizar el ordenador para reforzar contenidos a trav\u00e9s de juegos educativos. USO DEL RAT\u00d3N: Forma correcta y c\u00f3moda de usarlo. Movimiento. Pulsar bot\u00f3n izquierdo para efectuar selecci\u00f3n y ejecutar acci\u00f3n. Pulsar y arrastrar para mover elementos. Doble clic para ejecutar accesos directos del escritorio. USO DEL TECLADO: Uso de cursores para moverse por la &hellip; <\/p>\n<p><a class=\"more-link btn\" href=\"https:\/\/wp.catedu.es\/lanuzadigital\/resolucion-de-problemas\/destrezas-tic\/infantil\/\">Seguir leyendo<\/a><\/p>\n","protected":false},"author":68,"featured_media":0,"parent":388,"menu_order":1,"comment_status":"closed","ping_status":"closed","template":"","meta":{"footnotes":""},"class_list":["post-390","page","type-page","status-publish","hentry","nodate","item-wrap"],"_links":{"self":[{"href":"https:\/\/wp.catedu.es\/lanuzadigital\/wp-json\/wp\/v2\/pages\/390","targetHints":{"allow":["GET"]}}],"collection":[{"href":"https:\/\/wp.catedu.es\/lanuzadigital\/wp-json\/wp\/v2\/pages"}],"about":[{"href":"https:\/\/wp.catedu.es\/lanuzadigital\/wp-json\/wp\/v2\/types\/page"}],"author":[{"embeddable":true,"href":"https:\/\/wp.catedu.es\/lanuzadigital\/wp-json\/wp\/v2\/users\/68"}],"replies":[{"embeddable":true,"href":"https:\/\/wp.catedu.es\/lanuzadigital\/wp-json\/wp\/v2\/comments?post=390"}],"version-history":[{"count":1,"href":"https:\/\/wp.catedu.es\/lanuzadigital\/wp-json\/wp\/v2\/pages\/390\/revisions"}],"predecessor-version":[{"id":391,"href":"https:\/\/wp.catedu.es\/lanuzadigital\/wp-json\/wp\/v2\/pages\/390\/revisions\/391"}],"up":[{"embeddable":true,"href":"https:\/\/wp.catedu.es\/lanuzadigital\/wp-json\/wp\/v2\/pages\/388"}],"wp:attachment":[{"href":"https:\/\/wp.catedu.es\/lanuzadigital\/wp-json\/wp\/v2\/media?parent=390"}],"curies":[{"name":"wp","href":"https:\/\/api.w.org\/{rel}","templated":true}]}}