{"id":392,"date":"2017-12-02T10:45:57","date_gmt":"2017-12-02T09:45:57","guid":{"rendered":"http:\/\/wp.catedu.es\/lanuzadigital\/?page_id=392"},"modified":"2017-12-02T10:45:57","modified_gmt":"2017-12-02T09:45:57","slug":"1o-ciclo-de-primaria","status":"publish","type":"page","link":"https:\/\/wp.catedu.es\/lanuzadigital\/resolucion-de-problemas\/destrezas-tic\/1o-ciclo-de-primaria\/","title":{"rendered":"1\u00ba ciclo de Primaria"},"content":{"rendered":"<p style=\"text-align: justify;\"><strong>OBJETIVO<\/strong>: Utilizar eficientemente los recursos que proporcionan las TIC como instrumento de aprendizaje en la \u00e1reas o materias curriculares.<\/p>\n<ol>\n<li style=\"text-align: justify;\"><strong>GENERAL<\/strong>:\n<ul>\n<li>Encender y apagar el ordenador de manera correcta.<\/li>\n<li>Distinguir entre<\/li>\n<\/ul>\n<\/li>\n<li style=\"text-align: justify;\"><strong>USO DEL RAT\u00d3N<\/strong>:\n<ul>\n<li>Forma correcta y c\u00f3moda de usarlo. Movimiento. Pulsar bot\u00f3n izquierdo para efectuar selecci\u00f3n y ejecutar acci\u00f3n. Pulsar y arrastrar para mover elementos. Doble clic para ejecutar accesos directos del escritorio.<\/li>\n<li>Selecci\u00f3n de iconos del escritorio para ejecutar programas.<\/li>\n<\/ul>\n<\/li>\n<li style=\"text-align: justify;\"><strong>TECLADO<\/strong>:\n<ul>\n<li>\n<p class=\"Default\">Uso de cursores para moverse por la pantalla.<\/p>\n<\/li>\n<li>\n<p class=\"Default\">Iniciaci\u00f3n al uso del teclado con actividades l\u00fadicas (JUEGOS).<\/p>\n<\/li>\n<\/ul>\n<\/li>\n<li style=\"text-align: justify;\"><strong>PROGRAMAS<\/strong>:\n<ul>\n<li>Hacer presentaciones sencillas: uso de IMPRESS o PowerPoint.<\/li>\n<li>Procesador de texto: WORD u OPPEn OFFICE (WRITER).<\/li>\n<li>DIBUJAR: utilizar las autoformas de los programas anteriores para dibujar. Usar tambi\u00e9n PAINT o TUXPAINT.<\/li>\n<li>Utilizaci\u00f3n de programas y juegos educativos.<\/li>\n<li>Distinguir entre abrir, crear documento, gauardalo e imprimirlo.<\/li>\n<\/ul>\n<\/li>\n<li><strong>INTERNET<\/strong>:\n<ul>\n<li style=\"text-align: justify;\">Uso de Internet y programas sencillos.<\/li>\n<li style=\"text-align: justify;\">B\u00fasqueda de informaci\u00f3n en Internet a trav\u00e9s del buscador\u00a0<em>(Google).<\/em><\/li>\n<li style=\"text-align: justify;\">Pueden iniciarse en el correo electr\u00f3nico, con supervisi\u00f3n de padres o profesores.<\/li>\n<\/ul>\n<\/li>\n<\/ol>\n","protected":false},"excerpt":{"rendered":"<p>OBJETIVO: Utilizar eficientemente los recursos que proporcionan las TIC como instrumento de aprendizaje en la \u00e1reas o materias curriculares. GENERAL: Encender y apagar el ordenador de manera correcta. Distinguir entre USO DEL RAT\u00d3N: Forma correcta y c\u00f3moda de usarlo. Movimiento. Pulsar bot\u00f3n izquierdo para efectuar selecci\u00f3n y ejecutar acci\u00f3n. Pulsar y arrastrar para mover elementos. &hellip; <\/p>\n<p><a class=\"more-link btn\" href=\"https:\/\/wp.catedu.es\/lanuzadigital\/resolucion-de-problemas\/destrezas-tic\/1o-ciclo-de-primaria\/\">Seguir leyendo<\/a><\/p>\n","protected":false},"author":68,"featured_media":0,"parent":388,"menu_order":2,"comment_status":"closed","ping_status":"closed","template":"","meta":{"footnotes":""},"class_list":["post-392","page","type-page","status-publish","hentry","nodate","item-wrap"],"_links":{"self":[{"href":"https:\/\/wp.catedu.es\/lanuzadigital\/wp-json\/wp\/v2\/pages\/392","targetHints":{"allow":["GET"]}}],"collection":[{"href":"https:\/\/wp.catedu.es\/lanuzadigital\/wp-json\/wp\/v2\/pages"}],"about":[{"href":"https:\/\/wp.catedu.es\/lanuzadigital\/wp-json\/wp\/v2\/types\/page"}],"author":[{"embeddable":true,"href":"https:\/\/wp.catedu.es\/lanuzadigital\/wp-json\/wp\/v2\/users\/68"}],"replies":[{"embeddable":true,"href":"https:\/\/wp.catedu.es\/lanuzadigital\/wp-json\/wp\/v2\/comments?post=392"}],"version-history":[{"count":1,"href":"https:\/\/wp.catedu.es\/lanuzadigital\/wp-json\/wp\/v2\/pages\/392\/revisions"}],"predecessor-version":[{"id":393,"href":"https:\/\/wp.catedu.es\/lanuzadigital\/wp-json\/wp\/v2\/pages\/392\/revisions\/393"}],"up":[{"embeddable":true,"href":"https:\/\/wp.catedu.es\/lanuzadigital\/wp-json\/wp\/v2\/pages\/388"}],"wp:attachment":[{"href":"https:\/\/wp.catedu.es\/lanuzadigital\/wp-json\/wp\/v2\/media?parent=392"}],"curies":[{"name":"wp","href":"https:\/\/api.w.org\/{rel}","templated":true}]}}